{"id":5829,"date":"2024-02-05T09:41:32","date_gmt":"2024-02-05T09:41:32","guid":{"rendered":"https:\/\/wpachem.com\/?post_type=product&#038;p=5829"},"modified":"2024-02-05T09:49:33","modified_gmt":"2024-02-05T09:49:33","slug":"gentiopicrin-cas-20831-76-9","status":"publish","type":"product","link":"https:\/\/wpachem.com\/vi\/product\/gentiopicrin-cas-20831-76-9\/","title":{"rendered":"Gentiopicrin CAS 20831-76-9"},"content":{"rendered":"<p>\u0110\u00e2y l\u00e0 b\u1ed9t tinh th\u1ec3 m\u00e0u v\u00e0ng nh\u1ea1t.<\/p>\n<p><strong>\u1ee8ng d\u1ee5ng<\/strong><\/p>\n<p>1. T\u00e1c d\u1ee5ng ch\u1ed1ng vi\u00eam: C\u00f3 th\u1ec3 \u1ee9c ch\u1ebf qu\u00e1 tr\u00ecnh vi\u00eam v\u00e0 l\u00e0m gi\u1ea3m c\u00e1c tri\u1ec7u ch\u1ee9ng li\u00ean quan \u0111\u1ebfn vi\u00eam.<br \/>\n2. K\u00edch th\u00edch ti\u1ebft m\u1eadt: Gentianopicroside c\u00f3 th\u1ec3 k\u00edch th\u00edch ti\u1ebft m\u1eadt, h\u1ed7 tr\u1ee3 ti\u00eau h\u00f3a v\u00e0 \u0111\u00e0o th\u1ea3i ch\u1ea5t th\u1ea3i.<br \/>\n3. T\u00e1c d\u1ee5ng ch\u1ed1ng oxy h\u00f3a: C\u00f3 th\u1ec3 lo\u1ea1i b\u1ecf c\u00e1c g\u1ed1c t\u1ef1 do v\u00e0 gi\u1ea3m t\u1ed5n th\u01b0\u01a1ng oxy h\u00f3a cho t\u1ebf b\u00e0o.<\/p>\n<p><strong>\u0110\u00f3ng g\u00f3i &amp; L\u01b0u tr\u1eef<\/strong><\/p>\n<p>25 KG\/TR\u1ed0NG<\/p>","protected":false},"excerpt":{"rendered":"<p>T\u00ean s\u1ea3n ph\u1ea9m: Gentiopicrin<\/p>\n<p>CAS:20831-76-9<\/p>\n<p>MF:C16H20O9<\/p>\n<p>Ngo\u1ea1i quan: b\u1ed9t tinh th\u1ec3 m\u00e0u v\u00e0ng nh\u1ea1t<\/p>","protected":false},"featured_media":5830,"template":"","meta":{"_acf_changed":false,"_gspb_post_css":""},"product_brand":[],"product_cat":[60,131],"product_tag":[],"class_list":{"0":"post-5829","1":"product","2":"type-product","3":"status-publish","4":"has-post-thumbnail","6":"product_cat-cosmetic-ingredients","7":"product_cat-antioxidant","9":"first","10":"instock","11":"shipping-taxable","12":"product-type-simple"},"acf":[],"_links":{"self":[{"href":"https:\/\/wpachem.com\/vi\/wp-json\/wp\/v2\/product\/5829","targetHints":{"allow":["GET"]}}],"collection":[{"href":"https:\/\/wpachem.com\/vi\/wp-json\/wp\/v2\/product"}],"about":[{"href":"https:\/\/wpachem.com\/vi\/wp-json\/wp\/v2\/types\/product"}],"version-history":[{"count":0,"href":"https:\/\/wpachem.com\/vi\/wp-json\/wp\/v2\/product\/5829\/revisions"}],"wp:featuredmedia":[{"embeddable":true,"href":"https:\/\/wpachem.com\/vi\/wp-json\/wp\/v2\/media\/5830"}],"wp:attachment":[{"href":"https:\/\/wpachem.com\/vi\/wp-json\/wp\/v2\/media?parent=5829"}],"wp:term":[{"taxonomy":"product_brand","embeddable":true,"href":"https:\/\/wpachem.com\/vi\/wp-json\/wp\/v2\/product_brand?post=5829"},{"taxonomy":"product_cat","embeddable":true,"href":"https:\/\/wpachem.com\/vi\/wp-json\/wp\/v2\/product_cat?post=5829"},{"taxonomy":"product_tag","embeddable":true,"href":"https:\/\/wpachem.com\/vi\/wp-json\/wp\/v2\/product_tag?post=5829"}],"curies":[{"name":"wp","href":"https:\/\/api.w.org\/{rel}","templated":true}]}}