{"id":5832,"date":"2024-02-05T09:49:45","date_gmt":"2024-02-05T09:49:45","guid":{"rendered":"https:\/\/wpachem.com\/?post_type=product&#038;p=5832"},"modified":"2024-02-05T09:54:47","modified_gmt":"2024-02-05T09:54:47","slug":"vitamin-e-cas-59-02-9","status":"publish","type":"product","link":"https:\/\/wpachem.com\/vi\/product\/vitamin-e-cas-59-02-9\/","title":{"rendered":"Vitamin E CAS 59-02-9"},"content":{"rendered":"<p>Vitamin E th\u01b0\u1eddng l\u00e0 ch\u1ea5t l\u1ecfng nh\u1eddn m\u00e0u v\u00e0ng nh\u1ea1t \u0111\u1ebfn n\u00e2u r\u00e1m n\u1eafng.<\/p>\n<p><strong>\u1ee8ng d\u1ee5ng<\/strong><\/p>\n<p>Th\u1ef1c ph\u1ea9m b\u1ed5 sung dinh d\u01b0\u1ee1ng: Vitamin E l\u00e0 m\u1ed9t trong nh\u1eefng ch\u1ea5t dinh d\u01b0\u1ee1ng c\u1ea7n thi\u1ebft cho c\u01a1 th\u1ec3 con ng\u01b0\u1eddi gi\u00fap b\u1ea3o v\u1ec7 m\u00e0ng t\u1ebf b\u00e0o kh\u1ecfi b\u1ecb t\u1ed5n th\u01b0\u01a1ng do oxy h\u00f3a.<br \/>\nS\u1ea3n ph\u1ea9m ch\u0103m s\u00f3c da: Vitamin E th\u01b0\u1eddng \u0111\u01b0\u1ee3c s\u1eed d\u1ee5ng trong c\u00e1c s\u1ea3n ph\u1ea9m ch\u0103m s\u00f3c da. N\u00f3 c\u00f3 t\u00e1c d\u1ee5ng ch\u1ed1ng oxy h\u00f3a v\u00e0 d\u01b0\u1ee1ng \u1ea9m, gi\u00fap c\u1ea3i thi\u1ec7n ch\u1ea5t l\u01b0\u1ee3ng da.<br \/>\nPh\u1ee5 gia th\u1ef1c ph\u1ea9m: Vitamin E c\u00f3 th\u1ec3 \u0111\u01b0\u1ee3c s\u1eed d\u1ee5ng nh\u01b0 m\u1ed9t ch\u1ea5t ph\u1ee5 gia th\u1ef1c ph\u1ea9m, ch\u1ee7 y\u1ebfu d\u00f9ng \u0111\u1ec3 ng\u0103n ng\u1eeba qu\u00e1 tr\u00ecnh oxy h\u00f3a c\u00e1c th\u00e0nh ph\u1ea7n lipid trong th\u1ef1c ph\u1ea9m v\u00e0 k\u00e9o d\u00e0i th\u1eddi h\u1ea1n s\u1eed d\u1ee5ng c\u1ee7a th\u1ef1c ph\u1ea9m.<\/p>\n<p><strong>\u0110\u00f3ng g\u00f3i &amp; L\u01b0u tr\u1eef<\/strong><\/p>\n<p>25 KG\/TR\u1ed0NG<\/p>","protected":false},"excerpt":{"rendered":"<p>T\u00ean s\u1ea3n ph\u1ea9m: Vitamin E<\/p>\n<p>S\u1ed1: 59-02-9<\/p>\n<p>Ch\u1ea5t trung gian: C29H50O2<\/p>\n<p>Ngo\u1ea1i quan: ch\u1ea5t l\u1ecfng nh\u1eddn m\u00e0u v\u00e0ng nh\u1ea1t \u0111\u1ebfn n\u00e2u r\u00e1m n\u1eafng<\/p>","protected":false},"featured_media":3322,"template":"","meta":{"_acf_changed":false,"_gspb_post_css":""},"product_brand":[],"product_cat":[55,131,103,60],"product_tag":[],"class_list":{"0":"post-5832","1":"product","2":"type-product","3":"status-publish","4":"has-post-thumbnail","6":"product_cat-food-additives","7":"product_cat-antioxidant","8":"product_cat-nutrition-enhancer","9":"product_cat-cosmetic-ingredients","11":"first","12":"instock","13":"shipping-taxable","14":"product-type-simple"},"acf":[],"_links":{"self":[{"href":"https:\/\/wpachem.com\/vi\/wp-json\/wp\/v2\/product\/5832","targetHints":{"allow":["GET"]}}],"collection":[{"href":"https:\/\/wpachem.com\/vi\/wp-json\/wp\/v2\/product"}],"about":[{"href":"https:\/\/wpachem.com\/vi\/wp-json\/wp\/v2\/types\/product"}],"version-history":[{"count":0,"href":"https:\/\/wpachem.com\/vi\/wp-json\/wp\/v2\/product\/5832\/revisions"}],"wp:featuredmedia":[{"embeddable":true,"href":"https:\/\/wpachem.com\/vi\/wp-json\/wp\/v2\/media\/3322"}],"wp:attachment":[{"href":"https:\/\/wpachem.com\/vi\/wp-json\/wp\/v2\/media?parent=5832"}],"wp:term":[{"taxonomy":"product_brand","embeddable":true,"href":"https:\/\/wpachem.com\/vi\/wp-json\/wp\/v2\/product_brand?post=5832"},{"taxonomy":"product_cat","embeddable":true,"href":"https:\/\/wpachem.com\/vi\/wp-json\/wp\/v2\/product_cat?post=5832"},{"taxonomy":"product_tag","embeddable":true,"href":"https:\/\/wpachem.com\/vi\/wp-json\/wp\/v2\/product_tag?post=5832"}],"curies":[{"name":"wp","href":"https:\/\/api.w.org\/{rel}","templated":true}]}}