{"id":5834,"date":"2024-02-05T09:55:04","date_gmt":"2024-02-05T09:55:04","guid":{"rendered":"https:\/\/wpachem.com\/?post_type=product&#038;p=5834"},"modified":"2024-02-06T05:35:36","modified_gmt":"2024-02-06T05:35:36","slug":"gliadin-from-wheat-cas-9007-90-3","status":"publish","type":"product","link":"https:\/\/wpachem.com\/vi\/product\/gliadin-from-wheat-cas-9007-90-3\/","title":{"rendered":"Gliadin T\u1eeb L\u00faa M\u00ec CAS 9007-90-3"},"content":{"rendered":"<p>L-Carnitine l\u00e0 m\u1ed9t lo\u1ea1i b\u1ed9t m\u00e0u tr\u1eafng.<\/p>\n<p><strong>\u1ee8ng d\u1ee5ng<\/strong><\/p>\n<p>Gi\u1eef n\u01b0\u1edbc: Do c\u00f3 nhi\u1ec1u nh\u00f3m \u01b0a n\u01b0\u1edbc trong gliadin n\u00ean n\u00f3 c\u00f3 kh\u1ea3 n\u0103ng gi\u1eef n\u01b0\u1edbc t\u1ed1t. Do \u0111\u00f3, gliadin th\u01b0\u1eddng \u0111\u01b0\u1ee3c s\u1eed d\u1ee5ng l\u00e0m ch\u1ea5t nh\u0169 h\u00f3a, ch\u1ea5t \u1ed5n \u0111\u1ecbnh v\u00e0 ch\u1ea5t l\u00e0m \u0111\u1eb7c trong th\u1ef1c ph\u1ea9m v\u00e0 c\u00e1c \u1ee9ng d\u1ee5ng sinh h\u00f3a.<\/p>\n<p>Ho\u1ea1t \u0111\u1ed9ng sinh l\u00fd: Gliadin gi\u00e0u axit amin v\u00e0 c\u00f3 m\u1ed9t s\u1ed1 ho\u1ea1t \u0111\u1ed9ng sinh l\u00fd nh\u1ea5t \u0111\u1ecbnh. Ch\u00fang \u0111\u00f3ng vai tr\u00f2 l\u00e0 ngu\u1ed3n cung c\u1ea5p vitamin v\u00e0 kho\u00e1ng ch\u1ea5t t\u1ed1t v\u00e0 tham gia v\u00e0o c\u00e1c qu\u00e1 tr\u00ecnh sinh h\u1ecdc trong c\u01a1 th\u1ec3 nh\u01b0 qu\u00e1 tr\u00ecnh trao \u0111\u1ed5i ch\u1ea5t v\u00e0 \u0111i\u1ec1u h\u00f2a mi\u1ec5n d\u1ecbch.<\/p>\n<p>Ho\u1ea1t \u0111\u1ed9ng c\u1ee7a enzyme: M\u1ed9t s\u1ed1 protein gliadin c\u00f3 ho\u1ea1t \u0111\u1ed9ng c\u1ee7a enzyme, ch\u1eb3ng h\u1ea1n nh\u01b0 protease v\u00e0 oxidase trong gliadin. C\u00e1c ho\u1ea1t \u0111\u1ed9ng c\u1ee7a enzyme n\u00e0y mang l\u1ea1i cho gliadin m\u1ed9t s\u1ed1 ch\u1ee9c n\u0103ng \u0111\u1eb7c bi\u1ec7t trong c\u00e1c qu\u00e1 tr\u00ecnh nh\u01b0 ch\u1ebf bi\u1ebfn th\u1ef1c ph\u1ea9m v\u00e0 l\u00ean men b\u1ed9t.<\/p>\n<p><strong>\u0110\u00f3ng g\u00f3i &amp; L\u01b0u tr\u1eef<\/strong><\/p>\n<p>25 KG\/T\u00daI<\/p>\n<p>25 KG\/TR\u1ed0NG<\/p>","protected":false},"excerpt":{"rendered":"<p>T\u00ean s\u1ea3n ph\u1ea9m: Gliadin t\u1eeb l\u00faa m\u00ec<\/p>\n<p>CAS:9007-90-3<\/p>\n<p>M\u1ea0NG: C29H41N7O9<\/p>\n<p>Ngo\u1ea1i quan: b\u1ed9t m\u00e0u tr\u1eafng<\/p>","protected":false},"featured_media":2181,"template":"","meta":{"_acf_changed":false,"_gspb_post_css":""},"product_brand":[],"product_cat":[55,102,58],"product_tag":[],"class_list":{"0":"post-5834","1":"product","2":"type-product","3":"status-publish","4":"has-post-thumbnail","6":"product_cat-food-additives","7":"product_cat-emulsifiers","8":"product_cat-thicknerstablizer","10":"first","11":"instock","12":"shipping-taxable","13":"product-type-simple"},"acf":[],"_links":{"self":[{"href":"https:\/\/wpachem.com\/vi\/wp-json\/wp\/v2\/product\/5834","targetHints":{"allow":["GET"]}}],"collection":[{"href":"https:\/\/wpachem.com\/vi\/wp-json\/wp\/v2\/product"}],"about":[{"href":"https:\/\/wpachem.com\/vi\/wp-json\/wp\/v2\/types\/product"}],"version-history":[{"count":0,"href":"https:\/\/wpachem.com\/vi\/wp-json\/wp\/v2\/product\/5834\/revisions"}],"wp:featuredmedia":[{"embeddable":true,"href":"https:\/\/wpachem.com\/vi\/wp-json\/wp\/v2\/media\/2181"}],"wp:attachment":[{"href":"https:\/\/wpachem.com\/vi\/wp-json\/wp\/v2\/media?parent=5834"}],"wp:term":[{"taxonomy":"product_brand","embeddable":true,"href":"https:\/\/wpachem.com\/vi\/wp-json\/wp\/v2\/product_brand?post=5834"},{"taxonomy":"product_cat","embeddable":true,"href":"https:\/\/wpachem.com\/vi\/wp-json\/wp\/v2\/product_cat?post=5834"},{"taxonomy":"product_tag","embeddable":true,"href":"https:\/\/wpachem.com\/vi\/wp-json\/wp\/v2\/product_tag?post=5834"}],"curies":[{"name":"wp","href":"https:\/\/api.w.org\/{rel}","templated":true}]}}