{"id":5835,"date":"2024-01-09T08:35:49","date_gmt":"2024-01-09T08:35:49","guid":{"rendered":"https:\/\/wpapigments.com\/?post_type=product&amp;p=5835"},"modified":"2024-01-09T08:35:49","modified_gmt":"2024-01-09T08:35:49","slug":"pigment-green-7-phthalo-green-g%ef%bc%88vo-700y-p-g-7-cas-no-1328-53-6","status":"publish","type":"product","link":"https:\/\/wpachem.com\/vi\/product\/pigment-green-7-phthalo-green-g%ef%bc%88vo-700y-p-g-7-cas-no-1328-53-6\/","title":{"rendered":"S\u1eafc t\u1ed1 xanh 7 (Phthalo Green G\uff08VO-700Y))\/PG7 CAS s\u1ed1 1328-53-6"},"content":{"rendered":"<p><strong>\u0110\u1eb7c \u0111i\u1ec3m<\/strong><\/p>\n<p><strong><b>Thu\u1ed9c t\u00ednh c\u1ee7a con ng\u01b0\u1eddi<\/b><\/strong>:M\u00e0u v\u00e0ng,\u0110\u1ed9 b\u1ec1n cao,\u0110\u1ed9 b\u00f3ng cao,Lo\u1ea1i ph\u1ed5 th\u00f4ng<\/p>\n<p><strong><b>\u1ee8ng d\u1ee5ng:<\/b><\/strong><\/p>\n<ul>\n<li>\u00a0S\u1eed d\u1ee5ng s\u01a1n: S\u01a1n c\u00f4ng nghi\u1ec7p, S\u01a1n t\u0129nh \u0111i\u1ec7n, S\u01a1n \u00f4 t\u00f4, S\u01a1n trang tr\u00ed, In d\u1ec7t, S\u01a1n g\u1ed1c n\u01b0\u1edbc.<\/li>\n<\/ul>","protected":false},"excerpt":{"rendered":"<p><strong><b>T\u00ean s\u1ea3n ph\u1ea9m<\/b><\/strong><strong><b>:<\/b><\/strong> Phthalo Green G (VO-700Y)<\/p>\n<p><strong>Ch\u1ec9 s\u1ed1 m\u00e0u:<\/strong>\u00a0PY7<\/p>\n<p><strong>V\u1ebb b\u1ec1 ngo\u00e0i:<\/strong>\u00a0b\u1ed9t m\u00e0u xanh l\u00e1 c\u00e2y<\/p>\n<p><strong>S\u1ed1 CAS<\/strong><strong>:<\/strong>1328-53-6<\/p>\n<p><strong>T\u00ean kh\u00e1c:<\/strong><strong>\u00a0<\/strong>s\u1eafc t\u1ed1 xanh 7<\/p>","protected":false},"featured_media":7633,"template":"","meta":{"_acf_changed":false,"_gspb_post_css":""},"product_brand":[],"product_cat":[163,70],"product_tag":[],"class_list":{"0":"post-5835","1":"product","2":"type-product","3":"status-publish","4":"has-post-thumbnail","6":"product_cat-for-paints-and-coatings","7":"product_cat-organic-pigment","9":"first","10":"instock","11":"shipping-taxable","12":"product-type-simple"},"acf":[],"_links":{"self":[{"href":"https:\/\/wpachem.com\/vi\/wp-json\/wp\/v2\/product\/5835","targetHints":{"allow":["GET"]}}],"collection":[{"href":"https:\/\/wpachem.com\/vi\/wp-json\/wp\/v2\/product"}],"about":[{"href":"https:\/\/wpachem.com\/vi\/wp-json\/wp\/v2\/types\/product"}],"version-history":[{"count":0,"href":"https:\/\/wpachem.com\/vi\/wp-json\/wp\/v2\/product\/5835\/revisions"}],"wp:featuredmedia":[{"embeddable":true,"href":"https:\/\/wpachem.com\/vi\/wp-json\/wp\/v2\/media\/7633"}],"wp:attachment":[{"href":"https:\/\/wpachem.com\/vi\/wp-json\/wp\/v2\/media?parent=5835"}],"wp:term":[{"taxonomy":"product_brand","embeddable":true,"href":"https:\/\/wpachem.com\/vi\/wp-json\/wp\/v2\/product_brand?post=5835"},{"taxonomy":"product_cat","embeddable":true,"href":"https:\/\/wpachem.com\/vi\/wp-json\/wp\/v2\/product_cat?post=5835"},{"taxonomy":"product_tag","embeddable":true,"href":"https:\/\/wpachem.com\/vi\/wp-json\/wp\/v2\/product_tag?post=5835"}],"curies":[{"name":"wp","href":"https:\/\/api.w.org\/{rel}","templated":true}]}}