{"id":5836,"date":"2024-02-06T03:29:15","date_gmt":"2024-02-06T03:29:15","guid":{"rendered":"https:\/\/wpachem.com\/?post_type=product&#038;p=5836"},"modified":"2024-02-06T03:55:11","modified_gmt":"2024-02-06T03:55:11","slug":"12-pentanediol-cas-5343-92-0","status":"publish","type":"product","link":"https:\/\/wpachem.com\/vi\/product\/12-pentanediol-cas-5343-92-0\/","title":{"rendered":"1,2-Pentanediol CAS 5343-92-0"},"content":{"rendered":"<p>N\u00f3 l\u00e0 ch\u1ea5t l\u1ecfng kh\u00f4ng m\u00e0u, nh\u1edbt, c\u00f3 v\u1ecb ng\u1ecdt \u0111\u1eb7c bi\u1ec7t \u1edf nhi\u1ec7t \u0111\u1ed9 ph\u00f2ng.<\/p>\n<p><strong>\u1ee8ng d\u1ee5ng<\/strong><\/p>\n<p>N\u00f3 th\u01b0\u1eddng \u0111\u01b0\u1ee3c s\u1eed d\u1ee5ng nh\u01b0 m\u1ed9t dung m\u00f4i, ch\u1ea5t l\u00e0m \u01b0\u1edbt v\u00e0 ch\u1ea5t l\u00e0m \u0111\u1eb7c.<br \/>\nN\u00f3 th\u01b0\u1eddng \u0111\u01b0\u1ee3c d\u00f9ng nh\u01b0 m\u1ed9t ch\u1ea5t gi\u1eef \u1ea9m trong m\u1ef9 ph\u1ea9m v\u00e0 c\u00e1c s\u1ea3n ph\u1ea9m ch\u0103m s\u00f3c c\u00e1 nh\u00e2n \u0111\u1ec3 gi\u00fap da gi\u1eef \u1ea9m v\u00e0 ng\u0103n ng\u1eeba kh\u00f4 da.<\/p>\n<p><strong>\u0110\u00f3ng g\u00f3i &amp; L\u01b0u tr\u1eef<\/strong><\/p>\n<p>25 KG\/TR\u1ed0NG<\/p>","protected":false},"excerpt":{"rendered":"<p>T\u00ean s\u1ea3n ph\u1ea9m: 1,2-Pentanediol<\/p>\n<p>CAS:5343-92-0<\/p>\n<p>MF: C5H12O2<\/p>\n<p>Ngo\u1ea1i quan: ch\u1ea5t l\u1ecfng kh\u00f4ng m\u00e0u, nh\u1edbt<\/p>","protected":false},"featured_media":2212,"template":"","meta":{"_acf_changed":false,"_gspb_post_css":""},"product_brand":[],"product_cat":[60,132],"product_tag":[],"class_list":{"0":"post-5836","1":"product","2":"type-product","3":"status-publish","4":"has-post-thumbnail","6":"product_cat-cosmetic-ingredients","7":"product_cat-moisturizing","9":"first","10":"instock","11":"shipping-taxable","12":"product-type-simple"},"acf":[],"_links":{"self":[{"href":"https:\/\/wpachem.com\/vi\/wp-json\/wp\/v2\/product\/5836","targetHints":{"allow":["GET"]}}],"collection":[{"href":"https:\/\/wpachem.com\/vi\/wp-json\/wp\/v2\/product"}],"about":[{"href":"https:\/\/wpachem.com\/vi\/wp-json\/wp\/v2\/types\/product"}],"version-history":[{"count":0,"href":"https:\/\/wpachem.com\/vi\/wp-json\/wp\/v2\/product\/5836\/revisions"}],"wp:featuredmedia":[{"embeddable":true,"href":"https:\/\/wpachem.com\/vi\/wp-json\/wp\/v2\/media\/2212"}],"wp:attachment":[{"href":"https:\/\/wpachem.com\/vi\/wp-json\/wp\/v2\/media?parent=5836"}],"wp:term":[{"taxonomy":"product_brand","embeddable":true,"href":"https:\/\/wpachem.com\/vi\/wp-json\/wp\/v2\/product_brand?post=5836"},{"taxonomy":"product_cat","embeddable":true,"href":"https:\/\/wpachem.com\/vi\/wp-json\/wp\/v2\/product_cat?post=5836"},{"taxonomy":"product_tag","embeddable":true,"href":"https:\/\/wpachem.com\/vi\/wp-json\/wp\/v2\/product_tag?post=5836"}],"curies":[{"name":"wp","href":"https:\/\/api.w.org\/{rel}","templated":true}]}}