{"id":5841,"date":"2024-02-06T07:05:49","date_gmt":"2024-02-06T07:05:49","guid":{"rendered":"https:\/\/wpachem.com\/?post_type=product&#038;p=5841"},"modified":"2024-02-06T07:07:01","modified_gmt":"2024-02-06T07:07:01","slug":"ethyl-oleate-cas-111-62-6","status":"publish","type":"product","link":"https:\/\/wpachem.com\/vi\/product\/ethyl-oleate-cas-111-62-6\/","title":{"rendered":"Ethyl Oleat CAS 111-62-6"},"content":{"rendered":"<p><strong>\u0110\u1eb7c \u0111i\u1ec3m<\/strong><\/p>\n<p>N\u00f3 l\u00e0 ch\u1ea5t c\u1ed1 \u0111\u1ecbnh, ch\u1ea5t pha lo\u00e3ng ho\u1eb7c dung m\u00f4i t\u1ed1t trong h\u01b0\u01a1ng hoa.<\/p>\n<p><strong>\u1ee8ng d\u1ee5ng:<\/strong><\/p>\n<ol>\n<li>\u0110\u01b0\u1ee3c s\u1eed d\u1ee5ng l\u00e0m ch\u1ea5t b\u00f4i tr\u01a1n, ch\u1ea5t ch\u1ed1ng th\u1ea5m n\u01b0\u1edbc, ch\u1ea5t l\u00e0m c\u1ee9ng nh\u1ef1a.<\/li>\n<li>N\u00f3 \u0111\u01b0\u1ee3c s\u1eed d\u1ee5ng trong vi\u1ec7c \u0111i\u1ec1u ch\u1ebf ch\u1ea5t ho\u1ea1t \u0111\u1ed9ng b\u1ec1 m\u1eb7t v\u00e0 c\u00e1c h\u00f3a ch\u1ea5t h\u1eefu c\u01a1 kh\u00e1c, c\u0169ng nh\u01b0 h\u01b0\u01a1ng li\u1ec7u, t\u00e1 d\u01b0\u1ee3c thu\u1ed1c, ch\u1ea5t l\u00e0m d\u1ebbo v\u00e0 ch\u1ea5t n\u1ec1n thu\u1ed1c m\u1ee1<\/li>\n<\/ol>","protected":false},"excerpt":{"rendered":"<p>T\u00ean s\u1ea3n ph\u1ea9m: Ethyl Oleate<\/p>\n<p>S\u1ed1 hi\u1ec7u: 111-62-6<\/p>\n<p>Ch\u1ea5t trung gian: C20H38O2<\/p>\n<p>Ngo\u1ea1i quan: Ch\u1ea5t l\u1ecfng d\u1ea1ng d\u1ea7u<\/p>","protected":false},"featured_media":5860,"template":"","meta":{"_acf_changed":false,"_gspb_post_css":""},"product_brand":[],"product_cat":[61],"product_tag":[],"class_list":{"0":"post-5841","1":"product","2":"type-product","3":"status-publish","4":"has-post-thumbnail","6":"product_cat-flavor-and-fragrance","8":"first","9":"instock","10":"shipping-taxable","11":"product-type-simple"},"acf":[],"_links":{"self":[{"href":"https:\/\/wpachem.com\/vi\/wp-json\/wp\/v2\/product\/5841","targetHints":{"allow":["GET"]}}],"collection":[{"href":"https:\/\/wpachem.com\/vi\/wp-json\/wp\/v2\/product"}],"about":[{"href":"https:\/\/wpachem.com\/vi\/wp-json\/wp\/v2\/types\/product"}],"version-history":[{"count":0,"href":"https:\/\/wpachem.com\/vi\/wp-json\/wp\/v2\/product\/5841\/revisions"}],"wp:featuredmedia":[{"embeddable":true,"href":"https:\/\/wpachem.com\/vi\/wp-json\/wp\/v2\/media\/5860"}],"wp:attachment":[{"href":"https:\/\/wpachem.com\/vi\/wp-json\/wp\/v2\/media?parent=5841"}],"wp:term":[{"taxonomy":"product_brand","embeddable":true,"href":"https:\/\/wpachem.com\/vi\/wp-json\/wp\/v2\/product_brand?post=5841"},{"taxonomy":"product_cat","embeddable":true,"href":"https:\/\/wpachem.com\/vi\/wp-json\/wp\/v2\/product_cat?post=5841"},{"taxonomy":"product_tag","embeddable":true,"href":"https:\/\/wpachem.com\/vi\/wp-json\/wp\/v2\/product_tag?post=5841"}],"curies":[{"name":"wp","href":"https:\/\/api.w.org\/{rel}","templated":true}]}}