{"id":5843,"date":"2024-02-06T05:36:35","date_gmt":"2024-02-06T05:36:35","guid":{"rendered":"https:\/\/wpachem.com\/?post_type=product&#038;p=5843"},"modified":"2024-02-06T05:39:28","modified_gmt":"2024-02-06T05:39:28","slug":"123-propanetricarboxylic-acid-cas-55840-13-6","status":"publish","type":"product","link":"https:\/\/wpachem.com\/vi\/product\/123-propanetricarboxylic-acid-cas-55840-13-6\/","title":{"rendered":"Axit 1,2,3-Propanetricarboxylic CAS 55840-13-6"},"content":{"rendered":"<p>N\u00f3 l\u00e0 b\u1ed9t m\u00e0u tr\u1eafng ho\u1eb7c ch\u1ea5t r\u1eafn.<\/p>\n<p><strong>\u1ee8ng d\u1ee5ng<\/strong><\/p>\n<p>M\u1ef9 ph\u1ea9m: Glyceryl stearate citrate th\u01b0\u1eddng \u0111\u01b0\u1ee3c s\u1eed d\u1ee5ng nh\u01b0 m\u1ed9t ch\u1ea5t \u1ed5n \u0111\u1ecbnh, ch\u1ea5t nh\u0169 h\u00f3a v\u00e0 ch\u1ea5t l\u00e0m \u0111\u1eb7c trong m\u1ef9 ph\u1ea9m.<br \/>\nNg\u00e0nh c\u00f4ng nghi\u1ec7p th\u1ef1c ph\u1ea9m: H\u1ee3p ch\u1ea5t n\u00e0y c\u0169ng \u0111\u01b0\u1ee3c s\u1eed d\u1ee5ng nh\u01b0 m\u1ed9t ch\u1ea5t ph\u1ee5 gia th\u1ef1c ph\u1ea9m nh\u01b0 ch\u1ea5t thay th\u1ebf ch\u1ea5t b\u00e9o, ch\u1ea5t b\u00f4i tr\u01a1n th\u1ef1c ph\u1ea9m v\u00e0 ch\u1ea5t l\u00e0m \u0111\u1eb7c.<br \/>\nNg\u00e0nh d\u01b0\u1ee3c ph\u1ea9m: Glyceryl stearate citrate c\u00f3 th\u1ec3 \u0111\u01b0\u1ee3c s\u1eed d\u1ee5ng l\u00e0m t\u00e1 d\u01b0\u1ee3c trong c\u00e1c ch\u1ebf ph\u1ea9m nh\u01b0 ch\u1ea5t bao nang v\u00e0 dung m\u00f4i.<\/p>\n<p><strong>\u0110\u00f3ng g\u00f3i &amp; L\u01b0u tr\u1eef<\/strong><\/p>\n<p>25 KG\/T\u00daI<\/p>\n<p>25 KG\/TR\u1ed0NG<\/p>","protected":false},"excerpt":{"rendered":"<p>T\u00ean s\u1ea3n ph\u1ea9m: Axit 1,2,3-Propanetricarboxylic<\/p>\n<p>CAS:55840-13-6<\/p>\n<p>M\u1ea0NG: C27H50O11<\/p>\n<p>Ngo\u1ea1i quan: b\u1ed9t m\u00e0u tr\u1eafng<\/p>","protected":false},"featured_media":2181,"template":"","meta":{"_acf_changed":false,"_gspb_post_css":""},"product_brand":[],"product_cat":[55,133,134,58,60],"product_tag":[],"class_list":{"0":"post-5843","1":"product","2":"type-product","3":"status-publish","4":"has-post-thumbnail","6":"product_cat-food-additives","7":"product_cat-emulsifiers-cosmetic-ingredients","8":"product_cat-thickener","9":"product_cat-thicknerstablizer","10":"product_cat-cosmetic-ingredients","12":"first","13":"instock","14":"shipping-taxable","15":"product-type-simple"},"acf":[],"_links":{"self":[{"href":"https:\/\/wpachem.com\/vi\/wp-json\/wp\/v2\/product\/5843","targetHints":{"allow":["GET"]}}],"collection":[{"href":"https:\/\/wpachem.com\/vi\/wp-json\/wp\/v2\/product"}],"about":[{"href":"https:\/\/wpachem.com\/vi\/wp-json\/wp\/v2\/types\/product"}],"version-history":[{"count":0,"href":"https:\/\/wpachem.com\/vi\/wp-json\/wp\/v2\/product\/5843\/revisions"}],"wp:featuredmedia":[{"embeddable":true,"href":"https:\/\/wpachem.com\/vi\/wp-json\/wp\/v2\/media\/2181"}],"wp:attachment":[{"href":"https:\/\/wpachem.com\/vi\/wp-json\/wp\/v2\/media?parent=5843"}],"wp:term":[{"taxonomy":"product_brand","embeddable":true,"href":"https:\/\/wpachem.com\/vi\/wp-json\/wp\/v2\/product_brand?post=5843"},{"taxonomy":"product_cat","embeddable":true,"href":"https:\/\/wpachem.com\/vi\/wp-json\/wp\/v2\/product_cat?post=5843"},{"taxonomy":"product_tag","embeddable":true,"href":"https:\/\/wpachem.com\/vi\/wp-json\/wp\/v2\/product_tag?post=5843"}],"curies":[{"name":"wp","href":"https:\/\/api.w.org\/{rel}","templated":true}]}}