{"id":5845,"date":"2024-02-06T05:39:38","date_gmt":"2024-02-06T05:39:38","guid":{"rendered":"https:\/\/wpachem.com\/?post_type=product&#038;p=5845"},"modified":"2024-02-06T05:45:33","modified_gmt":"2024-02-06T05:45:33","slug":"glycyrrhizicaciddipotassiumsalt-hydrate-cas-68797-35-3-dipotassium-glycyrrhizinate","status":"publish","type":"product","link":"https:\/\/wpachem.com\/vi\/product\/glycyrrhizicaciddipotassiumsalt-hydrate-cas-68797-35-3-dipotassium-glycyrrhizinate\/","title":{"rendered":"Glycyrrhizinicaciddipotassiumsalt Hydrate CAS 68797-35-3 DIPOTASSIUM GLYCYRRHIZINATE"},"content":{"rendered":"<p>\u0110\u00e2y l\u00e0 lo\u1ea1i b\u1ed9t tinh th\u1ec3 m\u00e0u tr\u1eafng.<\/p>\n<p><strong>\u1ee8ng d\u1ee5ng<\/strong><\/p>\n<p>Trong l\u0129nh v\u1ef1c y t\u1ebf, n\u00f3 th\u01b0\u1eddng \u0111\u01b0\u1ee3c d\u00f9ng \u0111\u1ec3 \u0111i\u1ec1u tr\u1ecb ho v\u00e0 vi\u00eam ph\u1ebf qu\u1ea3n, c\u00f3 th\u1ec3 l\u00e0m d\u1ecbu c\u1ed5 h\u1ecdng v\u00e0 ph\u1ebf qu\u1ea3n.<br \/>\nTrong ng\u00e0nh c\u00f4ng nghi\u1ec7p th\u1ef1c ph\u1ea9m, n\u00f3 \u0111\u01b0\u1ee3c s\u1eed d\u1ee5ng nh\u01b0 m\u1ed9t ch\u1ea5t ph\u1ee5 gia th\u1ef1c ph\u1ea9m \u0111\u1ec3 t\u1ea1o v\u1ecb ng\u1ecdt v\u00e0 t\u0103ng h\u01b0\u01a1ng v\u1ecb cho th\u1ef1c ph\u1ea9m.<\/p>\n<p><strong>\u0110\u00f3ng g\u00f3i &amp; L\u01b0u tr\u1eef<\/strong><\/p>\n<p>25 KG\/T\u00daI<\/p>\n<p>25 KG\/TR\u1ed0NG<\/p>","protected":false},"excerpt":{"rendered":"<p>T\u00ean s\u1ea3n ph\u1ea9m: Glycyrrhizinicaciddipotassiumsalt Hydrate<\/p>\n<p>CAS:68797-35-3<\/p>\n<p>M\u00e3 s\u1ed1:C42H63KO16<\/p>\n<p>Ngo\u1ea1i quan: b\u1ed9t tinh th\u1ec3 m\u00e0u tr\u1eafng<\/p>","protected":false},"featured_media":5182,"template":"","meta":{"_acf_changed":false,"_gspb_post_css":""},"product_brand":[],"product_cat":[55,56],"product_tag":[],"class_list":{"0":"post-5845","1":"product","2":"type-product","3":"status-publish","4":"has-post-thumbnail","6":"product_cat-food-additives","7":"product_cat-sweetener","9":"first","10":"instock","11":"shipping-taxable","12":"product-type-simple"},"acf":[],"_links":{"self":[{"href":"https:\/\/wpachem.com\/vi\/wp-json\/wp\/v2\/product\/5845","targetHints":{"allow":["GET"]}}],"collection":[{"href":"https:\/\/wpachem.com\/vi\/wp-json\/wp\/v2\/product"}],"about":[{"href":"https:\/\/wpachem.com\/vi\/wp-json\/wp\/v2\/types\/product"}],"version-history":[{"count":0,"href":"https:\/\/wpachem.com\/vi\/wp-json\/wp\/v2\/product\/5845\/revisions"}],"wp:featuredmedia":[{"embeddable":true,"href":"https:\/\/wpachem.com\/vi\/wp-json\/wp\/v2\/media\/5182"}],"wp:attachment":[{"href":"https:\/\/wpachem.com\/vi\/wp-json\/wp\/v2\/media?parent=5845"}],"wp:term":[{"taxonomy":"product_brand","embeddable":true,"href":"https:\/\/wpachem.com\/vi\/wp-json\/wp\/v2\/product_brand?post=5845"},{"taxonomy":"product_cat","embeddable":true,"href":"https:\/\/wpachem.com\/vi\/wp-json\/wp\/v2\/product_cat?post=5845"},{"taxonomy":"product_tag","embeddable":true,"href":"https:\/\/wpachem.com\/vi\/wp-json\/wp\/v2\/product_tag?post=5845"}],"curies":[{"name":"wp","href":"https:\/\/api.w.org\/{rel}","templated":true}]}}