{"id":5847,"date":"2024-02-06T06:02:09","date_gmt":"2024-02-06T06:02:09","guid":{"rendered":"https:\/\/wpachem.com\/?post_type=product&#038;p=5847"},"modified":"2024-02-06T06:15:04","modified_gmt":"2024-02-06T06:15:04","slug":"celatom-cas-61790-53-2","status":"publish","type":"product","link":"https:\/\/wpachem.com\/vi\/product\/celatom-cas-61790-53-2\/","title":{"rendered":"CAS 61790-53-2"},"content":{"rendered":"<p>C\u00f3 m\u00e0u tr\u1eafng, tr\u1eafng \u0111\u1ee5c, v\u00e0ng, x\u00e1m, xanh l\u00e1 c\u00e2y ho\u1eb7c x\u00e1m \u0111en.<\/p>\n<p><strong>\u1ee8ng d\u1ee5ng<\/strong><\/p>\n<p>1. Ch\u1ea5t h\u00fat \u1ea9m: \u0110\u1ea5t diatomit c\u00f3 th\u1ec3 \u0111\u01b0\u1ee3c s\u1eed d\u1ee5ng nh\u01b0 m\u1ed9t ch\u1ea5t h\u1ea5p th\u1ee5 \u0111\u1ed9 \u1ea9m, c\u00f3 th\u1ec3 h\u1ea5p th\u1ee5 \u0111\u1ed9 \u1ea9m trong kh\u00f4ng kh\u00ed v\u00e0 gi\u1eef cho m\u00f4i tr\u01b0\u1eddng kh\u00f4 r\u00e1o.<\/p>\n<p>2. Ch\u1ea5t t\u1ea1o h\u01b0\u01a1ng v\u1ecb: \u0110\u1ea5t diatomit c\u00f3 th\u1ec3 h\u1ea5p th\u1ee5 t\u1ea1p ch\u1ea5t trong th\u1ef1c ph\u1ea9m v\u00e0 c\u1ea3i thi\u1ec7n ch\u1ea5t l\u01b0\u1ee3ng c\u0169ng nh\u01b0 h\u01b0\u01a1ng v\u1ecb c\u1ee7a th\u1ef1c ph\u1ea9m.<\/p>\n<p>3. Ch\u1ea5t \u0111\u1ed9n: \u0110\u1ea5t diatomit c\u00f3 th\u1ec3 \u0111\u01b0\u1ee3c s\u1eed d\u1ee5ng l\u00e0m ch\u1ea5t \u0111\u1ed9n cho m\u1ed9t s\u1ed1 v\u1eadt li\u1ec7u \u0111\u1ec3 c\u1ea3i thi\u1ec7n \u0111\u1ed9 b\u1ec1n v\u00e0 \u0111\u1ed9 \u1ed5n \u0111\u1ecbnh c\u1ee7a ch\u00fang.<\/p>\n<p><strong>\u0110\u00f3ng g\u00f3i &amp; L\u01b0u tr\u1eef<\/strong><\/p>\n<p>25 KG\/T\u00daI<\/p>\n<p>25 KG\/TR\u1ed0NG<\/p>","protected":false},"excerpt":{"rendered":"<p>T\u00ean s\u1ea3n ph\u1ea9m: Celatom<\/p>\n<p>CAS:61790-53-2<\/p>\n<p>MF:O2Si<\/p>\n<p>Ngo\u1ea1i h\u00ecnh: tr\u1eafng, tr\u1eafng ng\u00e0, v\u00e0ng, x\u00e1m, xanh l\u00e1 c\u00e2y ho\u1eb7c x\u00e1m \u0111en<\/p>","protected":false},"featured_media":2181,"template":"","meta":{"_acf_changed":false,"_gspb_post_css":""},"product_brand":[],"product_cat":[55],"product_tag":[],"class_list":{"0":"post-5847","1":"product","2":"type-product","3":"status-publish","4":"has-post-thumbnail","6":"product_cat-food-additives","8":"first","9":"instock","10":"shipping-taxable","11":"product-type-simple"},"acf":[],"_links":{"self":[{"href":"https:\/\/wpachem.com\/vi\/wp-json\/wp\/v2\/product\/5847","targetHints":{"allow":["GET"]}}],"collection":[{"href":"https:\/\/wpachem.com\/vi\/wp-json\/wp\/v2\/product"}],"about":[{"href":"https:\/\/wpachem.com\/vi\/wp-json\/wp\/v2\/types\/product"}],"version-history":[{"count":0,"href":"https:\/\/wpachem.com\/vi\/wp-json\/wp\/v2\/product\/5847\/revisions"}],"wp:featuredmedia":[{"embeddable":true,"href":"https:\/\/wpachem.com\/vi\/wp-json\/wp\/v2\/media\/2181"}],"wp:attachment":[{"href":"https:\/\/wpachem.com\/vi\/wp-json\/wp\/v2\/media?parent=5847"}],"wp:term":[{"taxonomy":"product_brand","embeddable":true,"href":"https:\/\/wpachem.com\/vi\/wp-json\/wp\/v2\/product_brand?post=5847"},{"taxonomy":"product_cat","embeddable":true,"href":"https:\/\/wpachem.com\/vi\/wp-json\/wp\/v2\/product_cat?post=5847"},{"taxonomy":"product_tag","embeddable":true,"href":"https:\/\/wpachem.com\/vi\/wp-json\/wp\/v2\/product_tag?post=5847"}],"curies":[{"name":"wp","href":"https:\/\/api.w.org\/{rel}","templated":true}]}}