{"id":5853,"date":"2024-02-06T06:21:12","date_gmt":"2024-02-06T06:21:12","guid":{"rendered":"https:\/\/wpachem.com\/?post_type=product&#038;p=5853"},"modified":"2024-02-06T06:32:35","modified_gmt":"2024-02-06T06:32:35","slug":"dimethyl-silicone-oil-201-cas-9016-00-6","status":"publish","type":"product","link":"https:\/\/wpachem.com\/vi\/product\/dimethyl-silicone-oil-201-cas-9016-00-6\/","title":{"rendered":"D\u1ea7u Dimethyl Silicone 201 CAS 9016-00-6"},"content":{"rendered":"<p>N\u00f3 l\u00e0 ch\u1ea5t l\u1ecfng trong su\u1ed1t kh\u00f4ng m\u00e0u.<\/p>\n<p><strong>\u1ee8ng d\u1ee5ng<\/strong><\/p>\n<p>Trong c\u00f4ng nghi\u1ec7p, n\u00f3 \u0111\u01b0\u1ee3c s\u1eed d\u1ee5ng l\u00e0m d\u1ea7u b\u00f4i tr\u01a1n, d\u1ea7u ch\u1ed1ng rung, d\u1ea7u c\u00e1ch \u0111i\u1ec7n, ch\u1ea5t ph\u00e1 b\u1ecdt, ch\u1ea5t t\u00e1ch khu\u00f4n, v.v.<br \/>\nN\u00f3 \u0111\u01b0\u1ee3c s\u1eed d\u1ee5ng r\u1ed9ng r\u00e3i l\u00e0m ch\u1ea5t c\u00e1ch \u0111i\u1ec7n, b\u00f4i tr\u01a1n, ch\u1ed1ng s\u1ed1c, d\u1ea7u ch\u1ed1ng b\u1ee5i, ch\u1ea5t l\u1ecfng \u0111i\u1ec7n m\u00f4i v\u00e0 ch\u1ea5t d\u1eabn nhi\u1ec7t, v\u00e0 l\u00e0 ch\u1ea5t ph\u1ee5 gia \u0111\u1ec3 ch\u1ed1ng b\u1ecdt, t\u1ea9y, s\u01a1n v\u00e0 m\u1ef9 ph\u1ea9m h\u00e0ng ng\u00e0y.<\/p>\n<p><strong>\u0110\u00f3ng g\u00f3i &amp; L\u01b0u tr\u1eef<\/strong><\/p>\n<p>25 KG\/TR\u1ed0NG<\/p>","protected":false},"excerpt":{"rendered":"<p>T\u00ean s\u1ea3n ph\u1ea9m: Dimethyl Silicone Oil 201<\/p>\n<p>CAS:9016-00-6<\/p>\n<p>MF:(C2H6OSi)n<\/p>\n<p>Ngo\u1ea1i quan: ch\u1ea5t l\u1ecfng trong su\u1ed1t kh\u00f4ng m\u00e0u<\/p>","protected":false},"featured_media":2089,"template":"","meta":{"_acf_changed":false,"_gspb_post_css":""},"product_brand":[],"product_cat":[60],"product_tag":[],"class_list":{"0":"post-5853","1":"product","2":"type-product","3":"status-publish","4":"has-post-thumbnail","6":"product_cat-cosmetic-ingredients","8":"first","9":"instock","10":"shipping-taxable","11":"product-type-simple"},"acf":[],"_links":{"self":[{"href":"https:\/\/wpachem.com\/vi\/wp-json\/wp\/v2\/product\/5853","targetHints":{"allow":["GET"]}}],"collection":[{"href":"https:\/\/wpachem.com\/vi\/wp-json\/wp\/v2\/product"}],"about":[{"href":"https:\/\/wpachem.com\/vi\/wp-json\/wp\/v2\/types\/product"}],"version-history":[{"count":0,"href":"https:\/\/wpachem.com\/vi\/wp-json\/wp\/v2\/product\/5853\/revisions"}],"wp:featuredmedia":[{"embeddable":true,"href":"https:\/\/wpachem.com\/vi\/wp-json\/wp\/v2\/media\/2089"}],"wp:attachment":[{"href":"https:\/\/wpachem.com\/vi\/wp-json\/wp\/v2\/media?parent=5853"}],"wp:term":[{"taxonomy":"product_brand","embeddable":true,"href":"https:\/\/wpachem.com\/vi\/wp-json\/wp\/v2\/product_brand?post=5853"},{"taxonomy":"product_cat","embeddable":true,"href":"https:\/\/wpachem.com\/vi\/wp-json\/wp\/v2\/product_cat?post=5853"},{"taxonomy":"product_tag","embeddable":true,"href":"https:\/\/wpachem.com\/vi\/wp-json\/wp\/v2\/product_tag?post=5853"}],"curies":[{"name":"wp","href":"https:\/\/api.w.org\/{rel}","templated":true}]}}