{"id":5855,"date":"2024-02-06T06:32:45","date_gmt":"2024-02-06T06:32:45","guid":{"rendered":"https:\/\/wpachem.com\/?post_type=product&#038;p=5855"},"modified":"2024-04-26T05:39:56","modified_gmt":"2024-04-26T05:39:56","slug":"zinc-oxide-cas-1314-13-2","status":"publish","type":"product","link":"https:\/\/wpachem.com\/vi\/product\/zinc-oxide-cas-1314-13-2\/","title":{"rendered":"K\u1ebdm Oxit CAS 1314-13-2"},"content":{"rendered":"<p>N\u00f3 l\u00e0 b\u1ed9t tinh th\u1ec3 m\u00e0u tr\u1eafng \u0111\u1ebfn v\u00e0ng nh\u1ea1t.<\/p>\n<p><strong>\u1ee8ng d\u1ee5ng<\/strong><\/p>\n<p>\u0110\u01b0\u1ee3c s\u1eed d\u1ee5ng l\u00e0m ch\u1ea5t t\u1ea1o m\u00e0u cho s\u01a1n v\u00e0 ch\u1ea5t \u0111\u1ed9n cho cao su.<br \/>\nTrong y h\u1ecdc, n\u00f3 \u0111\u01b0\u1ee3c d\u00f9ng \u0111\u1ec3 l\u00e0m thu\u1ed1c m\u1ee1, thu\u1ed1c d\u00e1n k\u1ebdm, thu\u1ed1c cao d\u00e1n, v.v.<br \/>\nD\u00f9ng l\u00e0m ch\u1ea5t b\u1ed5 sung k\u1ebdm trong ch\u1ebf bi\u1ebfn th\u1ee9c \u0103n ch\u0103n nu\u00f4i.<\/p>\n<p><strong>\u0110\u00f3ng g\u00f3i &amp; L\u01b0u tr\u1eef<\/strong><\/p>\n<p>25 KG\/T\u00daI<\/p>\n<p>25 KG\/TR\u1ed0NG<\/p>","protected":false},"excerpt":{"rendered":"<p>T\u00ean s\u1ea3n ph\u1ea9m: K\u1ebdm Oxit<\/p>\n<p>CAS:1314-13-2<\/p>\n<p>MF: ZnO<\/p>\n<p>Ngo\u1ea1i quan: b\u1ed9t tinh th\u1ec3 m\u00e0u tr\u1eafng \u0111\u1ebfn v\u00e0ng nh\u1ea1t<\/p>","protected":false},"featured_media":5182,"template":"","meta":{"_acf_changed":false,"_gspb_post_css":""},"product_brand":[],"product_cat":[52,62,76,69,24],"product_tag":[],"class_list":{"0":"post-5855","1":"product","2":"type-product","3":"status-publish","4":"has-post-thumbnail","6":"product_cat-pigment","7":"product_cat-rubberplastic-ingredients","8":"product_cat-others","9":"product_cat-more","10":"product_cat-uncategorized","12":"first","13":"instock","14":"shipping-taxable","15":"product-type-simple"},"acf":[],"_links":{"self":[{"href":"https:\/\/wpachem.com\/vi\/wp-json\/wp\/v2\/product\/5855","targetHints":{"allow":["GET"]}}],"collection":[{"href":"https:\/\/wpachem.com\/vi\/wp-json\/wp\/v2\/product"}],"about":[{"href":"https:\/\/wpachem.com\/vi\/wp-json\/wp\/v2\/types\/product"}],"version-history":[{"count":0,"href":"https:\/\/wpachem.com\/vi\/wp-json\/wp\/v2\/product\/5855\/revisions"}],"wp:featuredmedia":[{"embeddable":true,"href":"https:\/\/wpachem.com\/vi\/wp-json\/wp\/v2\/media\/5182"}],"wp:attachment":[{"href":"https:\/\/wpachem.com\/vi\/wp-json\/wp\/v2\/media?parent=5855"}],"wp:term":[{"taxonomy":"product_brand","embeddable":true,"href":"https:\/\/wpachem.com\/vi\/wp-json\/wp\/v2\/product_brand?post=5855"},{"taxonomy":"product_cat","embeddable":true,"href":"https:\/\/wpachem.com\/vi\/wp-json\/wp\/v2\/product_cat?post=5855"},{"taxonomy":"product_tag","embeddable":true,"href":"https:\/\/wpachem.com\/vi\/wp-json\/wp\/v2\/product_tag?post=5855"}],"curies":[{"name":"wp","href":"https:\/\/api.w.org\/{rel}","templated":true}]}}