{"id":5857,"date":"2024-02-06T07:00:17","date_gmt":"2024-02-06T07:00:17","guid":{"rendered":"https:\/\/wpachem.com\/?post_type=product&#038;p=5857"},"modified":"2024-02-06T07:04:25","modified_gmt":"2024-02-06T07:04:25","slug":"bis-ethylhexyloxyphenol-methoxyphenyl-triazine-cas-187393-00-6-cgf-1607","status":"publish","type":"product","link":"https:\/\/wpachem.com\/vi\/product\/bis-ethylhexyloxyphenol-methoxyphenyl-triazine-cas-187393-00-6-cgf-1607\/","title":{"rendered":"BIS-ETHYLHEXYLOXYPHENOL METHOXYPHENYL TRIAZIN CAS 187393-00-6 CGF 1607"},"content":{"rendered":"<p>M\u00e0u v\u00e0ng nh\u1ea1t \u0111\u1ebfn v\u00e0ng.<\/p>\n<p><strong>\u1ee8ng d\u1ee5ng<\/strong><\/p>\n<p>H\u1ea5p th\u1ee5 tia UVA v\u00e0 UVB, v\u00e0 \u0111\u01b0\u1ee3c th\u00eam v\u00e0o nhi\u1ec1u s\u1ea3n ph\u1ea9m kem ch\u1ed1ng n\u1eafng \u0111\u1ec3 h\u1ea5p th\u1ee5 tia c\u1ef1c t\u00edm.<\/p>\n<p><strong>\u0110\u00f3ng g\u00f3i &amp; L\u01b0u tr\u1eef<\/strong><\/p>\n<p>25 KG\/T\u00daI<\/p>\n<p>25 KG\/TR\u1ed0NG<\/p>","protected":false},"excerpt":{"rendered":"<p>T\u00ean s\u1ea3n ph\u1ea9m: BIS-ETHYLHEXYLOXYPHENOL METHOXYPHENYL TRIAZINE<\/p>\n<p>S\u1ed1 CAS: 187393-00-6<\/p>\n<p>M\u1ea0NG: C38H49N3O5<\/p>\n<p>Ngo\u1ea1i quan: m\u00e0u v\u00e0ng nh\u1ea1t \u0111\u1ebfn v\u00e0ng<\/p>","protected":false},"featured_media":5848,"template":"","meta":{"_acf_changed":false,"_gspb_post_css":""},"product_brand":[],"product_cat":[60,130],"product_tag":[],"class_list":{"0":"post-5857","1":"product","2":"type-product","3":"status-publish","4":"has-post-thumbnail","6":"product_cat-cosmetic-ingredients","7":"product_cat-sun-screening-agent","9":"first","10":"instock","11":"shipping-taxable","12":"product-type-simple"},"acf":[],"_links":{"self":[{"href":"https:\/\/wpachem.com\/vi\/wp-json\/wp\/v2\/product\/5857","targetHints":{"allow":["GET"]}}],"collection":[{"href":"https:\/\/wpachem.com\/vi\/wp-json\/wp\/v2\/product"}],"about":[{"href":"https:\/\/wpachem.com\/vi\/wp-json\/wp\/v2\/types\/product"}],"version-history":[{"count":0,"href":"https:\/\/wpachem.com\/vi\/wp-json\/wp\/v2\/product\/5857\/revisions"}],"wp:featuredmedia":[{"embeddable":true,"href":"https:\/\/wpachem.com\/vi\/wp-json\/wp\/v2\/media\/5848"}],"wp:attachment":[{"href":"https:\/\/wpachem.com\/vi\/wp-json\/wp\/v2\/media?parent=5857"}],"wp:term":[{"taxonomy":"product_brand","embeddable":true,"href":"https:\/\/wpachem.com\/vi\/wp-json\/wp\/v2\/product_brand?post=5857"},{"taxonomy":"product_cat","embeddable":true,"href":"https:\/\/wpachem.com\/vi\/wp-json\/wp\/v2\/product_cat?post=5857"},{"taxonomy":"product_tag","embeddable":true,"href":"https:\/\/wpachem.com\/vi\/wp-json\/wp\/v2\/product_tag?post=5857"}],"curies":[{"name":"wp","href":"https:\/\/api.w.org\/{rel}","templated":true}]}}