{"id":5859,"date":"2024-02-06T07:04:34","date_gmt":"2024-02-06T07:04:34","guid":{"rendered":"https:\/\/wpachem.com\/?post_type=product&#038;p=5859"},"modified":"2024-02-06T07:14:46","modified_gmt":"2024-02-06T07:14:46","slug":"curdlan-from-alcaligenes-faecalis-cas-54724-00-4","status":"publish","type":"product","link":"https:\/\/wpachem.com\/vi\/product\/curdlan-from-alcaligenes-faecalis-cas-54724-00-4\/","title":{"rendered":"curdlan t\u1eeb alcaligenes faecalis cas 54724-00-4"},"content":{"rendered":"<p>N\u00f3 c\u00f3 m\u00e0u tr\u1eafng ho\u1eb7c b\u1ed9t g\u1ea7n nh\u01b0 tr\u1eafng, g\u1ea7n nh\u01b0 kh\u00f4ng m\u00f9i.<\/p>\n<p><strong>\u1ee8ng d\u1ee5ng<\/strong><\/p>\n<p>1. H\u1ec7 th\u1ed1ng gi\u1ea3i ph\u00f3ng thu\u1ed1c: Curdlan c\u00f3 th\u1ec3 \u0111\u01b0\u1ee3c s\u1eed d\u1ee5ng nh\u01b0 m\u1ed9t ch\u1ea5t mang thu\u1ed1c \u0111\u1ec3 gi\u1ea3i ph\u00f3ng thu\u1ed1c ch\u1eadm trong c\u01a1 th\u1ec3.<\/p>\n<p>2. K\u1ef9 thu\u1eadt m\u00f4: Curdlan c\u00f3 th\u1ec3 \u0111\u01b0\u1ee3c s\u1eed d\u1ee5ng l\u00e0m v\u1eadt li\u1ec7u khung cho k\u1ef9 thu\u1eadt m\u00f4 v\u00e0 \u0111\u01b0\u1ee3c s\u1eed d\u1ee5ng trong nu\u00f4i c\u1ea5y t\u1ebf b\u00e0o, s\u1eeda ch\u1eefa v\u00e0 t\u00e1i t\u1ea1o m\u00f4, v.v.<\/p>\n<p>3. M\u1ef9 ph\u1ea9m v\u00e0 s\u1ea3n ph\u1ea9m ch\u0103m s\u00f3c c\u00e1 nh\u00e2n: Curdlan c\u00f3 th\u1ec3 \u0111\u01b0\u1ee3c s\u1eed d\u1ee5ng nh\u01b0 m\u1ed9t ch\u1ea5t d\u01b0\u1ee1ng \u1ea9m, ch\u1ea5t l\u00e0m \u0111\u1eb7c, ch\u1ea5t l\u00e0m m\u1ec1m v\u00e0 c\u00e1c ch\u1ea5t ph\u1ee5 gia kh\u00e1c \u0111\u1ec3 c\u1ea3i thi\u1ec7n k\u1ebft c\u1ea5u v\u00e0 c\u1ea3m gi\u00e1c c\u1ee7a s\u1ea3n ph\u1ea9m.<\/p>\n<p><strong>\u0110\u00f3ng g\u00f3i &amp; L\u01b0u tr\u1eef<\/strong><\/p>\n<p>25 KG\/T\u00daI<\/p>\n<p>25 KG\/TR\u1ed0NG<\/p>","protected":false},"excerpt":{"rendered":"<p>T\u00ean s\u1ea3n ph\u1ea9m: curdlan t\u1eeb alcaligenes faecalis<\/p>\n<p>CAS:54724-00-4<\/p>\n<p>Ngo\u1ea1i quan: b\u1ed9t m\u00e0u tr\u1eafng \u0111\u1ebfn g\u1ea7n nh\u01b0 tr\u1eafng, g\u1ea7n nh\u01b0 kh\u00f4ng m\u00f9i<\/p>","protected":false},"featured_media":2181,"template":"","meta":{"_acf_changed":false,"_gspb_post_css":""},"product_brand":[],"product_cat":[60,132,128,134],"product_tag":[],"class_list":{"0":"post-5859","1":"product","2":"type-product","3":"status-publish","4":"has-post-thumbnail","6":"product_cat-cosmetic-ingredients","7":"product_cat-moisturizing","8":"product_cat-tanning-agent","9":"product_cat-thickener","11":"first","12":"instock","13":"shipping-taxable","14":"product-type-simple"},"acf":[],"_links":{"self":[{"href":"https:\/\/wpachem.com\/vi\/wp-json\/wp\/v2\/product\/5859","targetHints":{"allow":["GET"]}}],"collection":[{"href":"https:\/\/wpachem.com\/vi\/wp-json\/wp\/v2\/product"}],"about":[{"href":"https:\/\/wpachem.com\/vi\/wp-json\/wp\/v2\/types\/product"}],"version-history":[{"count":0,"href":"https:\/\/wpachem.com\/vi\/wp-json\/wp\/v2\/product\/5859\/revisions"}],"wp:featuredmedia":[{"embeddable":true,"href":"https:\/\/wpachem.com\/vi\/wp-json\/wp\/v2\/media\/2181"}],"wp:attachment":[{"href":"https:\/\/wpachem.com\/vi\/wp-json\/wp\/v2\/media?parent=5859"}],"wp:term":[{"taxonomy":"product_brand","embeddable":true,"href":"https:\/\/wpachem.com\/vi\/wp-json\/wp\/v2\/product_brand?post=5859"},{"taxonomy":"product_cat","embeddable":true,"href":"https:\/\/wpachem.com\/vi\/wp-json\/wp\/v2\/product_cat?post=5859"},{"taxonomy":"product_tag","embeddable":true,"href":"https:\/\/wpachem.com\/vi\/wp-json\/wp\/v2\/product_tag?post=5859"}],"curies":[{"name":"wp","href":"https:\/\/api.w.org\/{rel}","templated":true}]}}