{"id":5862,"date":"2024-02-06T07:26:35","date_gmt":"2024-02-06T07:26:35","guid":{"rendered":"https:\/\/wpachem.com\/?post_type=product&#038;p=5862"},"modified":"2024-02-06T07:26:35","modified_gmt":"2024-02-06T07:26:35","slug":"methyl-dihydrojasmonate-cas-24851-98-7","status":"publish","type":"product","link":"https:\/\/wpachem.com\/vi\/product\/methyl-dihydrojasmonate-cas-24851-98-7\/","title":{"rendered":"Methyl dihydrojasmonate CAS 24851-98-7"},"content":{"rendered":"<p><strong>\u0110\u1eb7c \u0111i\u1ec3m<\/strong><\/p>\n<p>Ch\u1ea5t l\u1ecfng nh\u1eddn kh\u00f4ng m\u00e0u trong su\u1ed1t c\u00f3 h\u01b0\u01a1ng hoa.<\/p>\n<p><strong>\u1ee8ng d\u1ee5ng:<\/strong><\/p>\n<ol>\n<li>C\u00f3 th\u1ec3 d\u00f9ng \u0111\u1ec3 pha ch\u1ebf d\u1ea7u hoa nh\u00e0i nh\u00e2n t\u1ea1o, hoa nh\u00e0i v\u00e0 hoa hu\u1ec7. D\u00f9ng v\u1edbi l\u01b0\u1ee3ng nh\u1ecf trong hoa linh lan, n\u00f3 l\u00e0m \u0111\u1eb7c l\u1ea1i v\u00e0 t\u1ea1o \u0111\u1ed9 tr\u00f2n nh\u1eb9.<\/li>\n<li>C\u0169ng \u0111\u01b0\u1ee3c s\u1eed d\u1ee5ng trong hoa lan tim tr\u01a1n kh\u00f4ng hoa, lo\u1ea1i ph\u01b0\u01a1ng \u0110\u00f4ng, lo\u1ea1i n\u01b0\u1edbc hoa m\u1edbi, hi\u1ec7u qu\u1ea3 r\u1ea5t t\u1ed1t. C\u00f3 th\u1ec3 s\u1eed d\u1ee5ng k\u1ebft h\u1ee3p v\u1edbi h\u01b0\u01a1ng g\u1ed7.<\/li>\n<\/ol>","protected":false},"excerpt":{"rendered":"<p>T\u00ean s\u1ea3n ph\u1ea9m: Methyl dihydrojasmonate<\/p>\n<p>S\u1ed1 hi\u1ec7u: 24851-98-7<\/p>\n<p>Ch\u1ea5t trung gian: C13H22O3<\/p>\n<p>Ngo\u1ea1i quan: Ch\u1ea5t l\u1ecfng nh\u1eddn kh\u00f4ng m\u00e0u trong su\u1ed1t<\/p>","protected":false},"featured_media":5867,"template":"","meta":{"_acf_changed":false,"_gspb_post_css":""},"product_brand":[],"product_cat":[61],"product_tag":[],"class_list":{"0":"post-5862","1":"product","2":"type-product","3":"status-publish","4":"has-post-thumbnail","6":"product_cat-flavor-and-fragrance","8":"first","9":"instock","10":"shipping-taxable","11":"product-type-simple"},"acf":[],"_links":{"self":[{"href":"https:\/\/wpachem.com\/vi\/wp-json\/wp\/v2\/product\/5862","targetHints":{"allow":["GET"]}}],"collection":[{"href":"https:\/\/wpachem.com\/vi\/wp-json\/wp\/v2\/product"}],"about":[{"href":"https:\/\/wpachem.com\/vi\/wp-json\/wp\/v2\/types\/product"}],"version-history":[{"count":0,"href":"https:\/\/wpachem.com\/vi\/wp-json\/wp\/v2\/product\/5862\/revisions"}],"wp:featuredmedia":[{"embeddable":true,"href":"https:\/\/wpachem.com\/vi\/wp-json\/wp\/v2\/media\/5867"}],"wp:attachment":[{"href":"https:\/\/wpachem.com\/vi\/wp-json\/wp\/v2\/media?parent=5862"}],"wp:term":[{"taxonomy":"product_brand","embeddable":true,"href":"https:\/\/wpachem.com\/vi\/wp-json\/wp\/v2\/product_brand?post=5862"},{"taxonomy":"product_cat","embeddable":true,"href":"https:\/\/wpachem.com\/vi\/wp-json\/wp\/v2\/product_cat?post=5862"},{"taxonomy":"product_tag","embeddable":true,"href":"https:\/\/wpachem.com\/vi\/wp-json\/wp\/v2\/product_tag?post=5862"}],"curies":[{"name":"wp","href":"https:\/\/api.w.org\/{rel}","templated":true}]}}