{"id":5864,"date":"2024-02-06T07:14:54","date_gmt":"2024-02-06T07:14:54","guid":{"rendered":"https:\/\/wpachem.com\/?post_type=product&#038;p=5864"},"modified":"2024-02-06T07:21:53","modified_gmt":"2024-02-06T07:21:53","slug":"4-oxadocosane-1-2-diol-cas-544-62-7","status":"publish","type":"product","link":"https:\/\/wpachem.com\/vi\/product\/4-oxadocosane-1-2-diol-cas-544-62-7\/","title":{"rendered":"4-Oxadocosane-1 2-diol CAS 544-62-7"},"content":{"rendered":"<p>\u0110\u00e2y l\u00e0 b\u1ed9t tinh th\u1ec3 m\u00e0u tr\u1eafng.<\/p>\n<p><strong>\u1ee8ng d\u1ee5ng<\/strong><\/p>\n<p>\u0110\u00e2y l\u00e0 m\u1ed9t th\u00e0nh vi\u00ean c\u1ee7a h\u1ecd vitamin A v\u00e0 c\u1ea7n thi\u1ebft cho c\u01a1 th\u1ec3 \u0111\u1ec3 duy tr\u00ec c\u00e1c ch\u1ee9c n\u0103ng sinh l\u00fd b\u00ecnh th\u01b0\u1eddng. N\u00f3 \u0111\u00f3ng vai tr\u00f2 quan tr\u1ecdng trong c\u01a1 th\u1ec3 con ng\u01b0\u1eddi trong c\u00e1c qu\u00e1 tr\u00ecnh th\u1ecb gi\u00e1c, t\u0103ng tr\u01b0\u1edfng v\u00e0 ph\u00e1t tri\u1ec3n, ph\u1ea3n \u1ee9ng mi\u1ec5n d\u1ecbch, bi\u1ec7t h\u00f3a t\u1ebf b\u00e0o v\u00e0 duy tr\u00ec s\u1ee9c kh\u1ecfe c\u1ee7a da v\u00e0 ni\u00eam m\u1ea1c. N\u00f3 \u0111\u1eb7c bi\u1ec7t quan tr\u1ecdng \u0111\u1ed1i v\u1edbi s\u1ee9c kh\u1ecfe c\u1ee7a m\u1eaft v\u00e0 da.<\/p>\n<p><strong>\u0110\u00f3ng g\u00f3i &amp; L\u01b0u tr\u1eef<\/strong><\/p>\n<p>25 KG\/T\u00daI<\/p>\n<p>25 KG\/TR\u1ed0NG<\/p>","protected":false},"excerpt":{"rendered":"<p>T\u00ean s\u1ea3n ph\u1ea9m: 4-Oxadocosane-1 2-diol<\/p>\n<p>CAS: 544-62-7<\/p>\n<p>MF:C21H44O3<\/p>\n<p>Ngo\u1ea1i quan: b\u1ed9t tinh th\u1ec3 m\u00e0u tr\u1eafng<\/p>","protected":false},"featured_media":2181,"template":"","meta":{"_acf_changed":false,"_gspb_post_css":""},"product_brand":[],"product_cat":[55,103],"product_tag":[],"class_list":{"0":"post-5864","1":"product","2":"type-product","3":"status-publish","4":"has-post-thumbnail","6":"product_cat-food-additives","7":"product_cat-nutrition-enhancer","9":"first","10":"instock","11":"shipping-taxable","12":"product-type-simple"},"acf":[],"_links":{"self":[{"href":"https:\/\/wpachem.com\/vi\/wp-json\/wp\/v2\/product\/5864","targetHints":{"allow":["GET"]}}],"collection":[{"href":"https:\/\/wpachem.com\/vi\/wp-json\/wp\/v2\/product"}],"about":[{"href":"https:\/\/wpachem.com\/vi\/wp-json\/wp\/v2\/types\/product"}],"version-history":[{"count":0,"href":"https:\/\/wpachem.com\/vi\/wp-json\/wp\/v2\/product\/5864\/revisions"}],"wp:featuredmedia":[{"embeddable":true,"href":"https:\/\/wpachem.com\/vi\/wp-json\/wp\/v2\/media\/2181"}],"wp:attachment":[{"href":"https:\/\/wpachem.com\/vi\/wp-json\/wp\/v2\/media?parent=5864"}],"wp:term":[{"taxonomy":"product_brand","embeddable":true,"href":"https:\/\/wpachem.com\/vi\/wp-json\/wp\/v2\/product_brand?post=5864"},{"taxonomy":"product_cat","embeddable":true,"href":"https:\/\/wpachem.com\/vi\/wp-json\/wp\/v2\/product_cat?post=5864"},{"taxonomy":"product_tag","embeddable":true,"href":"https:\/\/wpachem.com\/vi\/wp-json\/wp\/v2\/product_tag?post=5864"}],"curies":[{"name":"wp","href":"https:\/\/api.w.org\/{rel}","templated":true}]}}