{"id":5866,"date":"2024-02-06T07:22:01","date_gmt":"2024-02-06T07:22:01","guid":{"rendered":"https:\/\/wpachem.com\/?post_type=product&#038;p=5866"},"modified":"2024-02-06T07:29:34","modified_gmt":"2024-02-06T07:29:34","slug":"2-hydroxyethyl-acrylate-cas-818-61-1","status":"publish","type":"product","link":"https:\/\/wpachem.com\/vi\/product\/2-hydroxyethyl-acrylate-cas-818-61-1\/","title":{"rendered":"2-Hydroxyethyl acrylate CAS 818-61-1"},"content":{"rendered":"<p>N\u00f3 l\u00e0 ch\u1ea5t l\u1ecfng trong su\u1ed1t kh\u00f4ng m\u00e0u.<\/p>\n<p><strong>\u1ee8ng d\u1ee5ng<\/strong><\/p>\n<p>C\u00f3 th\u1ec3 s\u1eed d\u1ee5ng nh\u01b0 monome ho\u1eb7c ch\u1ea5t li\u00ean k\u1ebft ch\u00e9o trong l\u1edbp ph\u1ee7 v\u00e0 ch\u1ea5t k\u1ebft d\u00ednh.<br \/>\nC\u00f3 th\u1ec3 \u0111\u01b0\u1ee3c s\u1eed d\u1ee5ng \u0111\u1ec3 t\u1ed5ng h\u1ee3p nhi\u1ec1u lo\u1ea1i s\u1eafc t\u1ed1, nh\u1ef1a, ch\u1ea5t d\u1ebbo v\u00e0 cao su.<br \/>\nC\u00f3 th\u1ec3 d\u00f9ng \u0111\u1ec3 \u0111i\u1ec1u ch\u1ebf d\u01b0\u1ee3c ph\u1ea9m, thu\u1ed1c tr\u1eeb s\u00e2u v\u00e0 ch\u1ea5t ho\u1ea1t \u0111\u1ed9ng b\u1ec1 m\u1eb7t.<br \/>\nC\u00f3 th\u1ec3 s\u1eed d\u1ee5ng nh\u01b0 ch\u1ea5t \u1ed5n \u0111\u1ecbnh \u00e1nh s\u00e1ng cho polyme nh\u1ea1y s\u00e1ng.<\/p>\n<p><strong>\u0110\u00f3ng g\u00f3i &amp; L\u01b0u tr\u1eef<\/strong><\/p>\n<p>25 KG\/TR\u1ed0NG<\/p>","protected":false},"excerpt":{"rendered":"<p>T\u00ean s\u1ea3n ph\u1ea9m: 2-Hydroxyethyl acrylate<\/p>\n<p>CAS:818-61-1<\/p>\n<p>MF:C5H8O3<\/p>\n<p>Ngo\u1ea1i quan: ch\u1ea5t l\u1ecfng trong su\u1ed1t kh\u00f4ng m\u00e0u<\/p>","protected":false},"featured_media":2089,"template":"","meta":{"_acf_changed":false,"_gspb_post_css":""},"product_brand":[],"product_cat":[62,76,69],"product_tag":[],"class_list":{"0":"post-5866","1":"product","2":"type-product","3":"status-publish","4":"has-post-thumbnail","6":"product_cat-rubberplastic-ingredients","7":"product_cat-others","8":"product_cat-more","10":"first","11":"instock","12":"shipping-taxable","13":"product-type-simple"},"acf":[],"_links":{"self":[{"href":"https:\/\/wpachem.com\/vi\/wp-json\/wp\/v2\/product\/5866","targetHints":{"allow":["GET"]}}],"collection":[{"href":"https:\/\/wpachem.com\/vi\/wp-json\/wp\/v2\/product"}],"about":[{"href":"https:\/\/wpachem.com\/vi\/wp-json\/wp\/v2\/types\/product"}],"version-history":[{"count":0,"href":"https:\/\/wpachem.com\/vi\/wp-json\/wp\/v2\/product\/5866\/revisions"}],"wp:featuredmedia":[{"embeddable":true,"href":"https:\/\/wpachem.com\/vi\/wp-json\/wp\/v2\/media\/2089"}],"wp:attachment":[{"href":"https:\/\/wpachem.com\/vi\/wp-json\/wp\/v2\/media?parent=5866"}],"wp:term":[{"taxonomy":"product_brand","embeddable":true,"href":"https:\/\/wpachem.com\/vi\/wp-json\/wp\/v2\/product_brand?post=5866"},{"taxonomy":"product_cat","embeddable":true,"href":"https:\/\/wpachem.com\/vi\/wp-json\/wp\/v2\/product_cat?post=5866"},{"taxonomy":"product_tag","embeddable":true,"href":"https:\/\/wpachem.com\/vi\/wp-json\/wp\/v2\/product_tag?post=5866"}],"curies":[{"name":"wp","href":"https:\/\/api.w.org\/{rel}","templated":true}]}}