{"id":5869,"date":"2024-01-11T09:54:20","date_gmt":"2024-01-11T09:54:20","guid":{"rendered":"https:\/\/wpapigments.com\/?post_type=product&amp;p=5869"},"modified":"2024-01-11T09:54:20","modified_gmt":"2024-01-11T09:54:20","slug":"pigment-red-101","status":"publish","type":"product","link":"https:\/\/wpachem.com\/vi\/product\/pigment-red-101\/","title":{"rendered":"S\u1eaft Oxit V\u00e0ng 313"},"content":{"rendered":"<p><b>T\u00ean s\u1ea3n ph\u1ea9m:<\/b><\/p>\n<p>S\u1eaft Oxit V\u00e0ng 313<\/p>\n<p><b>T\u00ednh c\u00e1ch:<\/b><br \/>\nPigment Red 185 l\u00e0 b\u1ed9t m\u00e0u \u0111\u1ecf c\u00f3 t\u00ednh nhu\u1ed9m t\u1ed1t v\u00e0 m\u00e0u s\u1eafc t\u01b0\u01a1i s\u00e1ng<\/p>\n<p><b>T\u00ednh ch\u1ea5t v\u1eadt l\u00fd v\u00e0 h\u00f3a h\u1ecdc:<\/b><\/p>\n<table width=\"753\">\n<tbody>\n<tr>\n<td colspan=\"2\" rowspan=\"2\" width=\"334\">\u7269\u5316\u6570\u636e<br \/>\nD\u1eef li\u1ec7u v\u1eadt l\u00fd<\/td>\n<td width=\"239\">M\u1eadt \u0111\u1ed9 g\/CM3<\/td>\n<td width=\"180\">1.35-1.50<\/td>\n<\/tr>\n<tr>\n<td width=\"239\">\u5438\u6cb9\u91cf D\u1ea7u ph\u00e1 thai ml\/100g<\/td>\n<td width=\"180\">70-90<\/td>\n<\/tr>\n<tr>\n<td colspan=\"2\" rowspan=\"7\" width=\"334\">\u7262\u5ea6\u6027\u80fd<br \/>\nT\u00ednh ch\u1ea5t b\u1ec1n m\u00e0u<\/td>\n<td width=\"239\">\u8010\u5149\u6027 \u0110\u1ed9 b\u1ec1n \u00e1nh s\u00e1ng<\/td>\n<td width=\"180\">7<\/td>\n<\/tr>\n<tr>\n<td width=\"239\">\u8010\u70ed\u6027 Kh\u1ea3 n\u0103ng ch\u1ecbu nhi\u1ec7t<\/td>\n<td width=\"180\">200<\/td>\n<\/tr>\n<tr>\n<td width=\"239\">Kh\u1ea3 n\u0103ng ch\u1ed1ng n\u01b0\u1edbc<\/td>\n<td width=\"180\">5<\/td>\n<\/tr>\n<tr>\n<td width=\"239\">\u8010\u6cb9\u6027 Kh\u00e1ng d\u1ea7u<\/td>\n<td width=\"180\">5<\/td>\n<\/tr>\n<tr>\n<td width=\"239\">\u8010\u9178\u6027 Kh\u00e1ng axit<\/td>\n<td width=\"180\">5<\/td>\n<\/tr>\n<tr>\n<td width=\"239\">Kh\u1ea3 n\u0103ng kh\u00e1ng ki\u1ec1m<\/td>\n<td width=\"180\">5<\/td>\n<\/tr>\n<tr>\n<td width=\"239\">\u8010\u9187\u6027 Kh\u00e1ng r\u01b0\u1ee3u<\/td>\n<td width=\"180\">5<\/td>\n<\/tr>\n<\/tbody>\n<\/table>\n<p>&nbsp;<\/p>\n<p><strong>\u1ee8ng d\u1ee5ng:<\/strong><\/p>\n<p>N\u00f3 ch\u1ee7 y\u1ebfu \u0111\u01b0\u1ee3c s\u1eed d\u1ee5ng cho s\u01a1n, nh\u1ef1a, m\u1ef1c<\/p>\n<p>1) S\u1eed d\u1ee5ng s\u01a1n: S\u01a1n c\u00f4ng nghi\u1ec7p, S\u01a1n t\u0129nh \u0111i\u1ec7n, S\u01a1n \u00f4 t\u00f4, S\u01a1n trang tr\u00ed, S\u01a1n g\u1ed1c n\u01b0\u1edbc<\/p>\n<p>2) S\u1eed d\u1ee5ng nh\u1ef1a: PVC, PP, PE, PS, ABS, EVA, CAO SU<\/p>\n<p>3) M\u1ef1c s\u1eed d\u1ee5ng: M\u1ef1c in offset, m\u1ef1c g\u1ed1c n\u01b0\u1edbc, m\u1ef1c g\u1ed1c dung m\u00f4i<\/p>","protected":false},"excerpt":{"rendered":"<p><strong>T\u00ean s\u1ea3n ph\u1ea9m:<\/strong> S\u1eafc t\u1ed1 \u0111\u1ecf 185<\/p>\n<p><strong>Ch\u1ec9 s\u1ed1 m\u00e0u:<\/strong> PR185<\/p>\n<p><strong>V\u1ebb b\u1ec1 ngo\u00e0i:<\/strong> B\u1ed9t \u0111\u1ecf<\/p>\n<p><strong>S\u1ed1 CAS: 51920-12-8<\/strong><\/p>\n<p><strong>T\u00ean kh\u00e1c:<\/strong><\/p>\n<p>\u0110\u1ecf th\u1eabm<br \/>\nHoa m\u1eabu \u0111\u01a1n \u0111\u1ecf [HO]<br \/>\ns\u1eafc t\u1ed1 \u0111\u1ecf 185<br \/>\ns\u1eafc t\u1ed1 \u0111\u1ecf hf4c<br \/>\nCarmine HF-4C v\u0129nh vi\u1ec5n<br \/>\nCarmine HF4C v\u0129nh vi\u1ec5n<\/p>\n<dl><\/dl>\n<p>&nbsp;<\/p>\n<p>&nbsp;<\/p>\n<p>&nbsp;<\/p>\n<p>&nbsp;<\/p>","protected":false},"featured_media":7620,"template":"","meta":{"_acf_changed":false,"_gspb_post_css":""},"product_brand":[],"product_cat":[161,162,163],"product_tag":[],"class_list":{"0":"post-5869","1":"product","2":"type-product","3":"status-publish","4":"has-post-thumbnail","6":"product_cat-for-plastics","7":"product_cat-for-inks","8":"product_cat-for-paints-and-coatings","10":"first","11":"instock","12":"shipping-taxable","13":"product-type-simple"},"acf":[],"_links":{"self":[{"href":"https:\/\/wpachem.com\/vi\/wp-json\/wp\/v2\/product\/5869","targetHints":{"allow":["GET"]}}],"collection":[{"href":"https:\/\/wpachem.com\/vi\/wp-json\/wp\/v2\/product"}],"about":[{"href":"https:\/\/wpachem.com\/vi\/wp-json\/wp\/v2\/types\/product"}],"version-history":[{"count":0,"href":"https:\/\/wpachem.com\/vi\/wp-json\/wp\/v2\/product\/5869\/revisions"}],"wp:featuredmedia":[{"embeddable":true,"href":"https:\/\/wpachem.com\/vi\/wp-json\/wp\/v2\/media\/7620"}],"wp:attachment":[{"href":"https:\/\/wpachem.com\/vi\/wp-json\/wp\/v2\/media?parent=5869"}],"wp:term":[{"taxonomy":"product_brand","embeddable":true,"href":"https:\/\/wpachem.com\/vi\/wp-json\/wp\/v2\/product_brand?post=5869"},{"taxonomy":"product_cat","embeddable":true,"href":"https:\/\/wpachem.com\/vi\/wp-json\/wp\/v2\/product_cat?post=5869"},{"taxonomy":"product_tag","embeddable":true,"href":"https:\/\/wpachem.com\/vi\/wp-json\/wp\/v2\/product_tag?post=5869"}],"curies":[{"name":"wp","href":"https:\/\/api.w.org\/{rel}","templated":true}]}}