{"id":5870,"date":"2024-02-06T07:32:55","date_gmt":"2024-02-06T07:32:55","guid":{"rendered":"https:\/\/wpachem.com\/?post_type=product&#038;p=5870"},"modified":"2024-02-06T07:32:56","modified_gmt":"2024-02-06T07:32:56","slug":"lily-aldehyde-cas-80-54-6","status":"publish","type":"product","link":"https:\/\/wpachem.com\/vi\/product\/lily-aldehyde-cas-80-54-6\/","title":{"rendered":"aldehyd hoa hu\u1ec7 CAS 80-54-6"},"content":{"rendered":"<p><strong>\u0110\u1eb7c \u0111i\u1ec3m<\/strong><\/p>\n<p>Kh\u00f4ng m\u00e0u \u0111\u1ebfn v\u00e0ng nh\u1ea1t v\u1edbi h\u01b0\u01a1ng hoa. D\u00f9ng \u0111\u1ec3 pha tr\u1ed9n hoa linh lan, hoa nh\u00e0i, h\u01b0\u01a1ng ph\u01b0\u01a1ng \u0110\u00f4ng, hoa<\/p>\n<p><strong>\u1ee8ng d\u1ee5ng:<\/strong><\/p>\n<ol>\n<li>\u0110\u01b0\u1ee3c s\u1eed d\u1ee5ng r\u1ed9ng r\u00e3i trong m\u1ef9 ph\u1ea9m, h\u01b0\u01a1ng x\u00e0 ph\u00f2ng. N\u00f3 c\u00f3 m\u00f9i th\u01a1m r\u1ea5t t\u1ed1t, c\u00f3 th\u1ec3 d\u00f9ng chung v\u1edbi c\u00e1c lo\u1ea1i hoa kh\u00e1c, c\u00f3 kh\u1ea3 n\u0103ng th\u00edch \u1ee9ng m\u00f9i h\u01b0\u01a1ng t\u1ed1t, c\u00f3 th\u1ec3 \u0111i\u1ec1u ch\u1ec9nh t\u1ed1t c\u00e1c lo\u1ea1i hoa kh\u00e1c, x\u1ea1 h\u01b0\u01a1ng v\u00e0 h\u01b0\u01a1ng g\u1ed7.<\/li>\n<li>C\u00f3 th\u1ec3 s\u1eed d\u1ee5ng r\u1ed9ng r\u00e3i trong c\u00e1c h\u01b0\u01a1ng hoa loa k\u00e8n, hoa linh lan, hoa t\u1eed \u0111inh h\u01b0\u01a1ng, hoa cam, hoa m\u1ed9c lan, hoa s\u1ee9, hoa g\u1ed7, hoa \u0111\u1eadu ng\u1ecdt, v\u00e0 c\u0169ng c\u00f3 th\u1ec3 s\u1eed d\u1ee5ng trong h\u01b0\u01a1ng hoa lan tim \u0111\u01a1n gi\u1ea3n, h\u01b0\u01a1ng ph\u01b0\u01a1ng \u0110\u00f4ng, h\u01b0\u01a1ng g\u1ed7, h\u01b0\u01a1ng n\u1ec1n x\u1ea1 h\u01b0\u01a1ng v\u00e0 h\u01b0\u01a1ng k\u1ef3 \u1ea3o.<\/li>\n<\/ol>","protected":false},"excerpt":{"rendered":"<p>T\u00ean s\u1ea3n ph\u1ea9m: Lily aldehyde<\/p>\n<p>S\u1ed1 CAS: 80-54-6<\/p>\n<p>MF: C14H20O<\/p>\n<p>Ngo\u1ea1i quan: Kh\u00f4ng m\u00e0u \u0111\u1ebfn v\u00e0ng nh\u1ea1t<\/p>","protected":false},"featured_media":5867,"template":"","meta":{"_acf_changed":false,"_gspb_post_css":""},"product_brand":[],"product_cat":[61],"product_tag":[],"class_list":{"0":"post-5870","1":"product","2":"type-product","3":"status-publish","4":"has-post-thumbnail","6":"product_cat-flavor-and-fragrance","8":"first","9":"instock","10":"shipping-taxable","11":"product-type-simple"},"acf":[],"_links":{"self":[{"href":"https:\/\/wpachem.com\/vi\/wp-json\/wp\/v2\/product\/5870","targetHints":{"allow":["GET"]}}],"collection":[{"href":"https:\/\/wpachem.com\/vi\/wp-json\/wp\/v2\/product"}],"about":[{"href":"https:\/\/wpachem.com\/vi\/wp-json\/wp\/v2\/types\/product"}],"version-history":[{"count":0,"href":"https:\/\/wpachem.com\/vi\/wp-json\/wp\/v2\/product\/5870\/revisions"}],"wp:featuredmedia":[{"embeddable":true,"href":"https:\/\/wpachem.com\/vi\/wp-json\/wp\/v2\/media\/5867"}],"wp:attachment":[{"href":"https:\/\/wpachem.com\/vi\/wp-json\/wp\/v2\/media?parent=5870"}],"wp:term":[{"taxonomy":"product_brand","embeddable":true,"href":"https:\/\/wpachem.com\/vi\/wp-json\/wp\/v2\/product_brand?post=5870"},{"taxonomy":"product_cat","embeddable":true,"href":"https:\/\/wpachem.com\/vi\/wp-json\/wp\/v2\/product_cat?post=5870"},{"taxonomy":"product_tag","embeddable":true,"href":"https:\/\/wpachem.com\/vi\/wp-json\/wp\/v2\/product_tag?post=5870"}],"curies":[{"name":"wp","href":"https:\/\/api.w.org\/{rel}","templated":true}]}}