{"id":5874,"date":"2024-02-06T07:42:45","date_gmt":"2024-02-06T07:42:45","guid":{"rendered":"https:\/\/wpachem.com\/?post_type=product&#038;p=5874"},"modified":"2024-02-06T07:42:45","modified_gmt":"2024-02-06T07:42:45","slug":"guaiacol-cas-90-05-1","status":"publish","type":"product","link":"https:\/\/wpachem.com\/vi\/product\/guaiacol-cas-90-05-1\/","title":{"rendered":"Guaiacol CAS 90-05-1"},"content":{"rendered":"<p><strong>\u0110\u1eb7c \u0111i\u1ec3m<\/strong><\/p>\n<p>Tinh th\u1ec3 m\u00e0u tr\u1eafng ho\u1eb7c v\u00e0ng ho\u1eb7c ch\u1ea5t l\u1ecfng nh\u1eddn trong su\u1ed1t kh\u00f4ng m\u00e0u \u0111\u1ebfn v\u00e0ng. C\u00f3 m\u00f9i th\u01a1m \u0111\u1eb7c bi\u1ec7t. \u00cdt tan trong n\u01b0\u1edbc v\u00e0 benzen. Tan trong glycerol. C\u00f3 th\u1ec3 tr\u1ed9n v\u1edbi etanol, ete, cloroform, d\u1ea7u, axit axetic b\u0103ng. Trong su\u1ed1t kh\u00f4ng m\u00e0u \u0111\u1ebfn v\u00e0ng nh\u1ea1t, dung d\u1ecbch dipropylene glycol 1.00%. M\u00f9i phenolic, m\u00f9i g\u1ed7<\/p>\n<p><strong>\u1ee8ng d\u1ee5ng:<\/strong><\/p>\n<ol>\n<li>\u0110\u01b0\u1ee3c s\u1eed d\u1ee5ng trong d\u01b0\u1ee3c ph\u1ea9m, thu\u1ed1c nhu\u1ed9m v\u00e0 h\u01b0\u01a1ng li\u1ec7u trung gian<\/li>\n<li>N\u00f3 \u0111\u01b0\u1ee3c s\u1eed d\u1ee5ng trong t\u1ed5ng h\u1ee3p thu\u1ed1c nhu\u1ed9m v\u00e0 nh\u01b0 m\u1ed9t thu\u1ed1c th\u1eed ph\u00e2n t\u00edch<\/li>\n<li>Trong y h\u1ecdc, n\u00f3 \u0111\u01b0\u1ee3c s\u1eed d\u1ee5ng \u0111\u1ec3 s\u1ea3n xu\u1ea5t guaiacol-sulfonate canxi, v\u00e0 trong ng\u00e0nh c\u00f4ng nghi\u1ec7p n\u01b0\u1edbc hoa, n\u00f3 \u0111\u01b0\u1ee3c s\u1eed d\u1ee5ng \u0111\u1ec3 s\u1ea3n xu\u1ea5t vanillin v\u00e0 x\u1ea1 h\u01b0\u01a1ng nh\u00e2n t\u1ea1o. Ki\u1ec3m tra \u0111\u1ed3ng, axit xyanhydric v\u00e0 nitrit<\/li>\n<\/ol>","protected":false},"excerpt":{"rendered":"<p>T\u00ean s\u1ea3n ph\u1ea9m: Guaiacol<\/p>\n<p>S\u1ed1 CAS: 90-05-1<\/p>\n<p>Ch\u1ea5t trung gian: C7H8O2<\/p>\n<p>Ngo\u1ea1i quan: ch\u1ea5t l\u1ecfng nh\u1eddn trong su\u1ed1t m\u00e0u v\u00e0ng<\/p>","protected":false},"featured_media":4878,"template":"","meta":{"_acf_changed":false,"_gspb_post_css":""},"product_brand":[],"product_cat":[61],"product_tag":[],"class_list":{"0":"post-5874","1":"product","2":"type-product","3":"status-publish","4":"has-post-thumbnail","6":"product_cat-flavor-and-fragrance","8":"first","9":"instock","10":"shipping-taxable","11":"product-type-simple"},"acf":[],"_links":{"self":[{"href":"https:\/\/wpachem.com\/vi\/wp-json\/wp\/v2\/product\/5874","targetHints":{"allow":["GET"]}}],"collection":[{"href":"https:\/\/wpachem.com\/vi\/wp-json\/wp\/v2\/product"}],"about":[{"href":"https:\/\/wpachem.com\/vi\/wp-json\/wp\/v2\/types\/product"}],"version-history":[{"count":0,"href":"https:\/\/wpachem.com\/vi\/wp-json\/wp\/v2\/product\/5874\/revisions"}],"wp:featuredmedia":[{"embeddable":true,"href":"https:\/\/wpachem.com\/vi\/wp-json\/wp\/v2\/media\/4878"}],"wp:attachment":[{"href":"https:\/\/wpachem.com\/vi\/wp-json\/wp\/v2\/media?parent=5874"}],"wp:term":[{"taxonomy":"product_brand","embeddable":true,"href":"https:\/\/wpachem.com\/vi\/wp-json\/wp\/v2\/product_brand?post=5874"},{"taxonomy":"product_cat","embeddable":true,"href":"https:\/\/wpachem.com\/vi\/wp-json\/wp\/v2\/product_cat?post=5874"},{"taxonomy":"product_tag","embeddable":true,"href":"https:\/\/wpachem.com\/vi\/wp-json\/wp\/v2\/product_tag?post=5874"}],"curies":[{"name":"wp","href":"https:\/\/api.w.org\/{rel}","templated":true}]}}