{"id":5878,"date":"2024-02-06T07:42:00","date_gmt":"2024-02-06T07:42:00","guid":{"rendered":"https:\/\/wpachem.com\/?post_type=product&#038;p=5878"},"modified":"2024-02-06T07:46:07","modified_gmt":"2024-02-06T07:46:07","slug":"sunflower-seed-oil-cas-8001-21-6","status":"publish","type":"product","link":"https:\/\/wpachem.com\/vi\/product\/sunflower-seed-oil-cas-8001-21-6\/","title":{"rendered":"D\u1ea6U H\u1ea0T H\u01af\u1edaNG D\u01af\u01a0NG CAS 8001-21-6"},"content":{"rendered":"<p>N\u00f3 l\u00e0 ch\u1ea5t l\u1ecfng nh\u1eddn m\u00e0u v\u00e0ng nh\u1ea1t.<\/p>\n<p><strong>\u1ee8ng d\u1ee5ng<\/strong><\/p>\n<p>1. \u0102n \u0111\u01b0\u1ee3c: D\u1ea7u h\u1ea1t h\u01b0\u1edbng d\u01b0\u01a1ng l\u00e0 m\u1ed9t lo\u1ea1i d\u1ea7u th\u1ef1c v\u1eadt l\u00e0nh m\u1ea1nh, gi\u00e0u vitamin E, axit linoleic v\u00e0 axit b\u00e9o kh\u00f4ng b\u00e3o h\u00f2a, c\u00f3 l\u1ee3i cho s\u1ee9c kh\u1ecfe tim m\u1ea1ch v\u00e0 m\u1ea1ch m\u00e1u n\u00e3o. Th\u01b0\u1eddng \u0111\u01b0\u1ee3c s\u1eed d\u1ee5ng l\u00e0m d\u1ea7u \u0103n v\u00e0 c\u00f3 th\u1ec3 d\u00f9ng \u0111\u1ec3 x\u00e0o, n\u01b0\u1edbng, l\u00e0m n\u01b0\u1edbc s\u1ed1t tr\u1ed9n salad, v.v.<br \/>\n2. M\u1ef9 ph\u1ea9m: D\u1ea7u h\u01b0\u1edbng d\u01b0\u01a1ng \u0111\u01b0\u1ee3c s\u1eed d\u1ee5ng r\u1ed9ng r\u00e3i trong m\u1ef9 ph\u1ea9m ch\u0103m s\u00f3c da, ch\u0103m s\u00f3c t\u00f3c v\u00e0 ch\u0103m s\u00f3c c\u01a1 th\u1ec3 v\u00ec c\u00f3 \u0111\u1eb7c t\u00ednh d\u01b0\u1ee1ng \u1ea9m, ch\u1ed1ng oxy h\u00f3a v\u00e0 nu\u00f4i d\u01b0\u1ee1ng da.<br \/>\n3. C\u00f4ng nghi\u1ec7p: T\u00ednh \u1ed5n \u0111\u1ecbnh nhi\u1ec7t \u0111\u1ed9 cao v\u00e0 kh\u1ea3 n\u0103ng th\u1ea9m th\u1ea5u th\u1ea5p c\u1ee7a d\u1ea7u h\u01b0\u1edbng d\u01b0\u01a1ng khi\u1ebfn n\u00f3 tr\u1edf th\u00e0nh ch\u1ea5t thay th\u1ebf l\u00fd t\u01b0\u1edfng cho ch\u1ea5t b\u00f4i tr\u01a1n, ch\u1ea5t ph\u1ee7 v\u00e0 nhi\u00ean li\u1ec7u sinh h\u1ecdc.<\/p>\n<p><strong>\u0110\u00f3ng g\u00f3i &amp; L\u01b0u tr\u1eef<\/strong><\/p>\n<p>25 KG\/TR\u1ed0NG<\/p>\n<p>&nbsp;<\/p>","protected":false},"excerpt":{"rendered":"<p>T\u00ean s\u1ea3n ph\u1ea9m: D\u1ea6U H\u1ea0T H\u01af\u1edaNG D\u01af\u01a0NG<\/p>\n<p>CAS:8001-21-6<\/p>\n<p>Ngo\u1ea1i quan: ch\u1ea5t l\u1ecfng nh\u1eddn m\u00e0u v\u00e0ng nh\u1ea1t<\/p>","protected":false},"featured_media":3322,"template":"","meta":{"_acf_changed":false,"_gspb_post_css":""},"product_brand":[],"product_cat":[55,131,132,101,60],"product_tag":[],"class_list":{"0":"post-5878","1":"product","2":"type-product","3":"status-publish","4":"has-post-thumbnail","6":"product_cat-food-additives","7":"product_cat-antioxidant","8":"product_cat-moisturizing","9":"product_cat-flavour-enhancer-food-additives","10":"product_cat-cosmetic-ingredients","12":"first","13":"instock","14":"shipping-taxable","15":"product-type-simple"},"acf":[],"_links":{"self":[{"href":"https:\/\/wpachem.com\/vi\/wp-json\/wp\/v2\/product\/5878","targetHints":{"allow":["GET"]}}],"collection":[{"href":"https:\/\/wpachem.com\/vi\/wp-json\/wp\/v2\/product"}],"about":[{"href":"https:\/\/wpachem.com\/vi\/wp-json\/wp\/v2\/types\/product"}],"version-history":[{"count":0,"href":"https:\/\/wpachem.com\/vi\/wp-json\/wp\/v2\/product\/5878\/revisions"}],"wp:featuredmedia":[{"embeddable":true,"href":"https:\/\/wpachem.com\/vi\/wp-json\/wp\/v2\/media\/3322"}],"wp:attachment":[{"href":"https:\/\/wpachem.com\/vi\/wp-json\/wp\/v2\/media?parent=5878"}],"wp:term":[{"taxonomy":"product_brand","embeddable":true,"href":"https:\/\/wpachem.com\/vi\/wp-json\/wp\/v2\/product_brand?post=5878"},{"taxonomy":"product_cat","embeddable":true,"href":"https:\/\/wpachem.com\/vi\/wp-json\/wp\/v2\/product_cat?post=5878"},{"taxonomy":"product_tag","embeddable":true,"href":"https:\/\/wpachem.com\/vi\/wp-json\/wp\/v2\/product_tag?post=5878"}],"curies":[{"name":"wp","href":"https:\/\/api.w.org\/{rel}","templated":true}]}}