{"id":5883,"date":"2024-02-06T07:47:04","date_gmt":"2024-02-06T07:47:04","guid":{"rendered":"https:\/\/wpachem.com\/?post_type=product&#038;p=5883"},"modified":"2024-02-06T07:49:10","modified_gmt":"2024-02-06T07:49:10","slug":"l-carnosine-cas-305-84-0","status":"publish","type":"product","link":"https:\/\/wpachem.com\/vi\/product\/l-carnosine-cas-305-84-0\/","title":{"rendered":"L-Carnosin CAS 305-84-0"},"content":{"rendered":"<p>\u0110\u00e2y l\u00e0 m\u1ed9t lo\u1ea1i b\u1ed9t m\u00e0u tr\u1eafng.<\/p>\n<p><strong>\u1ee8ng d\u1ee5ng<\/strong><\/p>\n<p>V\u1ec1 m\u1eb7t m\u1ef9 ph\u1ea9m, n\u00f3 c\u00f3 \u0111\u1eb7c t\u00ednh ch\u1ed1ng oxy h\u00f3a gi\u00fap gi\u1ea3m t\u1ed5n th\u01b0\u01a1ng t\u1ebf b\u00e0o v\u00e0 stress oxy h\u00f3a.<br \/>\nThu\u1ed1c v\u00e0 s\u1ea3n ph\u1ea9m ch\u0103m s\u00f3c s\u1ee9c kh\u1ecfe c\u0169ng c\u00f3 th\u1ec3 t\u0103ng c\u01b0\u1eddng ch\u1ee9c n\u0103ng h\u1ec7 mi\u1ec5n d\u1ecbch, c\u1ea3i thi\u1ec7n k\u1ebft c\u1ea5u da, th\u00fac \u0111\u1ea9y qu\u00e1 tr\u00ecnh ch\u1eefa l\u00e0nh v\u1ebft th\u01b0\u01a1ng v\u00e0 b\u1ea3o v\u1ec7 gan.<\/p>\n<p><strong>\u0110\u00f3ng g\u00f3i &amp; L\u01b0u tr\u1eef<\/strong><\/p>\n<p>1 KG\/T\u00daI<\/p>\n<p>&nbsp;<\/p>","protected":false},"excerpt":{"rendered":"<p>T\u00ean s\u1ea3n ph\u1ea9m: L-Carnosine<\/p>\n<p>CAS: 305-84-0<\/p>\n<p>M\u1ea0NG: C9H14N4O3<\/p>\n<p>Ngo\u1ea1i quan: b\u1ed9t m\u00e0u tr\u1eafng<\/p>","protected":false},"featured_media":5179,"template":"","meta":{"_acf_changed":false,"_gspb_post_css":""},"product_brand":[],"product_cat":[55,131,103,60],"product_tag":[],"class_list":{"0":"post-5883","1":"product","2":"type-product","3":"status-publish","4":"has-post-thumbnail","6":"product_cat-food-additives","7":"product_cat-antioxidant","8":"product_cat-nutrition-enhancer","9":"product_cat-cosmetic-ingredients","11":"first","12":"instock","13":"shipping-taxable","14":"product-type-simple"},"acf":[],"_links":{"self":[{"href":"https:\/\/wpachem.com\/vi\/wp-json\/wp\/v2\/product\/5883","targetHints":{"allow":["GET"]}}],"collection":[{"href":"https:\/\/wpachem.com\/vi\/wp-json\/wp\/v2\/product"}],"about":[{"href":"https:\/\/wpachem.com\/vi\/wp-json\/wp\/v2\/types\/product"}],"version-history":[{"count":0,"href":"https:\/\/wpachem.com\/vi\/wp-json\/wp\/v2\/product\/5883\/revisions"}],"wp:featuredmedia":[{"embeddable":true,"href":"https:\/\/wpachem.com\/vi\/wp-json\/wp\/v2\/media\/5179"}],"wp:attachment":[{"href":"https:\/\/wpachem.com\/vi\/wp-json\/wp\/v2\/media?parent=5883"}],"wp:term":[{"taxonomy":"product_brand","embeddable":true,"href":"https:\/\/wpachem.com\/vi\/wp-json\/wp\/v2\/product_brand?post=5883"},{"taxonomy":"product_cat","embeddable":true,"href":"https:\/\/wpachem.com\/vi\/wp-json\/wp\/v2\/product_cat?post=5883"},{"taxonomy":"product_tag","embeddable":true,"href":"https:\/\/wpachem.com\/vi\/wp-json\/wp\/v2\/product_tag?post=5883"}],"curies":[{"name":"wp","href":"https:\/\/api.w.org\/{rel}","templated":true}]}}