{"id":5887,"date":"2024-02-06T07:53:20","date_gmt":"2024-02-06T07:53:20","guid":{"rendered":"https:\/\/wpachem.com\/?post_type=product&#038;p=5887"},"modified":"2024-02-06T07:53:20","modified_gmt":"2024-02-06T07:53:20","slug":"carvone-cas-99-49-0","status":"publish","type":"product","link":"https:\/\/wpachem.com\/vi\/product\/carvone-cas-99-49-0\/","title":{"rendered":"CARVONE CAS 99-49-0"},"content":{"rendered":"<p><strong>\u0110\u1eb7c \u0111i\u1ec3m<\/strong><\/p>\n<p>Ch\u1ea5t l\u1ecfng nh\u1eddn m\u00e0u cam nh\u1ea1t \u0111\u1ebfn n\u00e2u nh\u1ea1t, h\u01b0\u01a1ng b\u1ea1c h\u00e0 cam th\u1ea3o<\/p>\n<p><strong>\u1ee8ng d\u1ee5ng:<\/strong><\/p>\n<ol>\n<li>N\u00f3 \u0111\u01b0\u1ee3c d\u00f9ng l\u00e0m gia v\u1ecb cho th\u1ef1c ph\u1ea9m, kem \u0111\u00e1nh r\u0103ng v\u00e0 m\u1ef9 ph\u1ea9m, v\u00e0 c\u0169ng \u0111\u01b0\u1ee3c d\u00f9ng \u0111\u1ec3 l\u00e0m thu\u1ed1c gi\u1ea3m \u0111au, thu\u1ed1c tr\u1eeb s\u00e2u, thu\u1ed1c \u0111\u00e1nh b\u00f3ng, m\u1ef1c v\u00e0 c\u00e1c dung m\u00f4i v\u00e0 ch\u1ea5t k\u00edch th\u00edch kh\u00e1c.<\/li>\n<li>D\u00f9ng ngo\u00e0i da \u0111\u1ec3 gi\u1ea3m \u0111au kh\u1edbp ho\u1eb7c \u0111au c\u01a1. C\u00f3 kh\u1ea3 n\u0103ng h\u1ea5p th\u1ee5 tia c\u1ef1c t\u00edm trong n\u01b0\u1edbc hoa v\u00e0 kem ch\u1ed1ng n\u1eafng.<\/li>\n<\/ol>","protected":false},"excerpt":{"rendered":"<p>T\u00ean s\u1ea3n ph\u1ea9m: CARVONE<\/p>\n<p>S\u1ed1 CAS: 99-49-0<\/p>\n<p>MF: C10H14O<\/p>\n<p>Ngo\u1ea1i quan: Ch\u1ea5t l\u1ecfng nh\u1eddn m\u00e0u cam nh\u1ea1t \u0111\u1ebfn n\u00e2u nh\u1ea1t<\/p>","protected":false},"featured_media":5860,"template":"","meta":{"_acf_changed":false,"_gspb_post_css":""},"product_brand":[],"product_cat":[101],"product_tag":[],"class_list":{"0":"post-5887","1":"product","2":"type-product","3":"status-publish","4":"has-post-thumbnail","6":"product_cat-flavour-enhancer-food-additives","8":"first","9":"instock","10":"shipping-taxable","11":"product-type-simple"},"acf":[],"_links":{"self":[{"href":"https:\/\/wpachem.com\/vi\/wp-json\/wp\/v2\/product\/5887","targetHints":{"allow":["GET"]}}],"collection":[{"href":"https:\/\/wpachem.com\/vi\/wp-json\/wp\/v2\/product"}],"about":[{"href":"https:\/\/wpachem.com\/vi\/wp-json\/wp\/v2\/types\/product"}],"version-history":[{"count":0,"href":"https:\/\/wpachem.com\/vi\/wp-json\/wp\/v2\/product\/5887\/revisions"}],"wp:featuredmedia":[{"embeddable":true,"href":"https:\/\/wpachem.com\/vi\/wp-json\/wp\/v2\/media\/5860"}],"wp:attachment":[{"href":"https:\/\/wpachem.com\/vi\/wp-json\/wp\/v2\/media?parent=5887"}],"wp:term":[{"taxonomy":"product_brand","embeddable":true,"href":"https:\/\/wpachem.com\/vi\/wp-json\/wp\/v2\/product_brand?post=5887"},{"taxonomy":"product_cat","embeddable":true,"href":"https:\/\/wpachem.com\/vi\/wp-json\/wp\/v2\/product_cat?post=5887"},{"taxonomy":"product_tag","embeddable":true,"href":"https:\/\/wpachem.com\/vi\/wp-json\/wp\/v2\/product_tag?post=5887"}],"curies":[{"name":"wp","href":"https:\/\/api.w.org\/{rel}","templated":true}]}}