{"id":5889,"date":"2024-02-06T07:59:02","date_gmt":"2024-02-06T07:59:02","guid":{"rendered":"https:\/\/wpachem.com\/?post_type=product&#038;p=5889"},"modified":"2024-02-06T07:59:03","modified_gmt":"2024-02-06T07:59:03","slug":"ethyl-cinnamate-cas-103-36-6","status":"publish","type":"product","link":"https:\/\/wpachem.com\/vi\/product\/ethyl-cinnamate-cas-103-36-6\/","title":{"rendered":"Ethyl cinnamate CAS 103-36-6"},"content":{"rendered":"<p><strong>\u0110\u1eb7c \u0111i\u1ec3m<\/strong><\/p>\n<p>Trong su\u1ed1t kh\u00f4ng m\u00e0u \u0111\u1ebfn v\u00e0ng nh\u1ea1t, c\u00f3 m\u00f9i th\u01a1m tr\u00e1i c\u00e2y<\/p>\n<p><strong>\u1ee8ng d\u1ee5ng:<\/strong><\/p>\n<p>\u0110\u01b0\u1ee3c s\u1eed d\u1ee5ng r\u1ed9ng r\u00e3i trong h\u01b0\u01a1ng hoa h\u1ed3ng, cam qu\u00fdt, th\u1ee7y ti\u00ean, h\u1ed5 ph\u00e1ch, hoa lan tim \u0111\u01a1n gi\u1ea3n v\u00e0 c\u00e1c h\u01b0\u01a1ng v\u1ecb kh\u00e1c, c\u0169ng c\u00f3 th\u1ec3 \u0111\u01b0\u1ee3c s\u1eed d\u1ee5ng l\u00e0m h\u01b0\u01a1ng x\u00e0 ph\u00f2ng, trong x\u00e0 ph\u00f2ng, h\u01b0\u01a1ng b\u1ed9t c\u00f3 th\u1ec3 ph\u1ed1i h\u1ee3p v\u1edbi c\u00e1c lo\u1ea1i n\u01b0\u1edbc hoa kh\u00e1c v\u00e0 c\u00f3 h\u01b0\u01a1ng th\u01a1m c\u1ed1 \u0111\u1ecbnh<\/p>","protected":false},"excerpt":{"rendered":"<p>T\u00ean s\u1ea3n ph\u1ea9m: Ethyl cinnamate<\/p>\n<p>S\u1ed1 hi\u1ec7u: 103-36-6<\/p>\n<p>Ch\u1ea5t trung gian: C11H12O2<\/p>\n<p>Ngo\u1ea1i quan: Ch\u1ea5t l\u1ecfng trong su\u1ed1t kh\u00f4ng m\u00e0u \u0111\u1ebfn v\u00e0ng nh\u1ea1t<\/p>","protected":false},"featured_media":3322,"template":"","meta":{"_acf_changed":false,"_gspb_post_css":""},"product_brand":[],"product_cat":[61],"product_tag":[],"class_list":{"0":"post-5889","1":"product","2":"type-product","3":"status-publish","4":"has-post-thumbnail","6":"product_cat-flavor-and-fragrance","8":"first","9":"instock","10":"shipping-taxable","11":"product-type-simple"},"acf":[],"_links":{"self":[{"href":"https:\/\/wpachem.com\/vi\/wp-json\/wp\/v2\/product\/5889","targetHints":{"allow":["GET"]}}],"collection":[{"href":"https:\/\/wpachem.com\/vi\/wp-json\/wp\/v2\/product"}],"about":[{"href":"https:\/\/wpachem.com\/vi\/wp-json\/wp\/v2\/types\/product"}],"version-history":[{"count":0,"href":"https:\/\/wpachem.com\/vi\/wp-json\/wp\/v2\/product\/5889\/revisions"}],"wp:featuredmedia":[{"embeddable":true,"href":"https:\/\/wpachem.com\/vi\/wp-json\/wp\/v2\/media\/3322"}],"wp:attachment":[{"href":"https:\/\/wpachem.com\/vi\/wp-json\/wp\/v2\/media?parent=5889"}],"wp:term":[{"taxonomy":"product_brand","embeddable":true,"href":"https:\/\/wpachem.com\/vi\/wp-json\/wp\/v2\/product_brand?post=5889"},{"taxonomy":"product_cat","embeddable":true,"href":"https:\/\/wpachem.com\/vi\/wp-json\/wp\/v2\/product_cat?post=5889"},{"taxonomy":"product_tag","embeddable":true,"href":"https:\/\/wpachem.com\/vi\/wp-json\/wp\/v2\/product_tag?post=5889"}],"curies":[{"name":"wp","href":"https:\/\/api.w.org\/{rel}","templated":true}]}}