{"id":5890,"date":"2024-02-06T07:54:02","date_gmt":"2024-02-06T07:54:02","guid":{"rendered":"https:\/\/wpachem.com\/?post_type=product&#038;p=5890"},"modified":"2024-02-06T07:59:53","modified_gmt":"2024-02-06T07:59:53","slug":"chitosan-cas-9012-76-4","status":"publish","type":"product","link":"https:\/\/wpachem.com\/vi\/product\/chitosan-cas-9012-76-4\/","title":{"rendered":"Chitosan CAS 9012-76-4"},"content":{"rendered":"<p>\u0110\u00e2y l\u00e0 m\u1ed9t lo\u1ea1i b\u1ed9t m\u00e0u tr\u1eafng.<\/p>\n<p><strong>\u1ee8ng d\u1ee5ng<\/strong><\/p>\n<p>1. L\u0129nh v\u1ef1c d\u01b0\u1ee3c ph\u1ea9m: Chitosan c\u00f3 th\u1ec3 \u0111\u01b0\u1ee3c s\u1eed d\u1ee5ng trong h\u1ec7 th\u1ed1ng d\u1eabn thu\u1ed1c, b\u0103ng v\u1ebft th\u01b0\u01a1ng, n\u1ed9i t\u1ea1ng nh\u00e2n t\u1ea1o v\u00e0 c\u00e1c l\u0129nh v\u1ef1c kh\u00e1c, c\u00f3 kh\u1ea3 n\u0103ng t\u01b0\u01a1ng th\u00edch sinh h\u1ecdc v\u00e0 ph\u00e2n h\u1ee7y sinh h\u1ecdc t\u1ed1t.<\/p>\n<p>2. Ng\u00e0nh c\u00f4ng nghi\u1ec7p th\u1ef1c ph\u1ea9m: Chitosan c\u00f3 th\u1ec3 \u0111\u01b0\u1ee3c s\u1eed d\u1ee5ng l\u00e0m ch\u1ea5t l\u00e0m \u0111\u1eb7c th\u1ef1c ph\u1ea9m, m\u00e0ng \u0111\u00f3ng g\u00f3i, ch\u1ea5t b\u1ea3o qu\u1ea3n, v.v.<\/p>\n<p>3. B\u1ea3o v\u1ec7 m\u00f4i tr\u01b0\u1eddng: Chitosan c\u00f3 th\u1ec3 \u0111\u01b0\u1ee3c s\u1eed d\u1ee5ng l\u00e0m t\u00e1c nh\u00e2n x\u1eed l\u00fd n\u01b0\u1edbc th\u1ea3i, t\u00e1c nh\u00e2n t\u00e1ch d\u1ea7u n\u01b0\u1edbc, v.v. N\u00f3 c\u00f3 kh\u1ea3 n\u0103ng ph\u00e2n h\u1ee7y v\u00e0 kh\u1ea3 n\u0103ng lo\u1ea1i b\u1ecf c\u00e1c ion kim lo\u1ea1i n\u1eb7ng.<\/p>\n<p><strong>\u0110\u00f3ng g\u00f3i &amp; L\u01b0u tr\u1eef<\/strong><\/p>\n<p>25 KG\/TR\u1ed0NG<\/p>\n<p>&nbsp;<\/p>","protected":false},"excerpt":{"rendered":"<p>T\u00ean s\u1ea3n ph\u1ea9m: Chitosan<\/p>\n<p>CAS:9012-76-4<\/p>\n<p>MF:C6H11NO4X2<\/p>\n<p>Ngo\u1ea1i quan: b\u1ed9t m\u00e0u tr\u1eafng<\/p>","protected":false},"featured_media":5179,"template":"","meta":{"_acf_changed":false,"_gspb_post_css":""},"product_brand":[],"product_cat":[55,57,56,58],"product_tag":[],"class_list":{"0":"post-5890","1":"product","2":"type-product","3":"status-publish","4":"has-post-thumbnail","6":"product_cat-food-additives","7":"product_cat-preservative","8":"product_cat-sweetener","9":"product_cat-thicknerstablizer","11":"first","12":"instock","13":"shipping-taxable","14":"product-type-simple"},"acf":[],"_links":{"self":[{"href":"https:\/\/wpachem.com\/vi\/wp-json\/wp\/v2\/product\/5890","targetHints":{"allow":["GET"]}}],"collection":[{"href":"https:\/\/wpachem.com\/vi\/wp-json\/wp\/v2\/product"}],"about":[{"href":"https:\/\/wpachem.com\/vi\/wp-json\/wp\/v2\/types\/product"}],"version-history":[{"count":0,"href":"https:\/\/wpachem.com\/vi\/wp-json\/wp\/v2\/product\/5890\/revisions"}],"wp:featuredmedia":[{"embeddable":true,"href":"https:\/\/wpachem.com\/vi\/wp-json\/wp\/v2\/media\/5179"}],"wp:attachment":[{"href":"https:\/\/wpachem.com\/vi\/wp-json\/wp\/v2\/media?parent=5890"}],"wp:term":[{"taxonomy":"product_brand","embeddable":true,"href":"https:\/\/wpachem.com\/vi\/wp-json\/wp\/v2\/product_brand?post=5890"},{"taxonomy":"product_cat","embeddable":true,"href":"https:\/\/wpachem.com\/vi\/wp-json\/wp\/v2\/product_cat?post=5890"},{"taxonomy":"product_tag","embeddable":true,"href":"https:\/\/wpachem.com\/vi\/wp-json\/wp\/v2\/product_tag?post=5890"}],"curies":[{"name":"wp","href":"https:\/\/api.w.org\/{rel}","templated":true}]}}