{"id":5893,"date":"2024-02-06T08:04:04","date_gmt":"2024-02-06T08:04:04","guid":{"rendered":"https:\/\/wpachem.com\/?post_type=product&#038;p=5893"},"modified":"2024-02-06T08:04:04","modified_gmt":"2024-02-06T08:04:04","slug":"dihydromyrcenol-cas-53219-21-9","status":"publish","type":"product","link":"https:\/\/wpachem.com\/vi\/product\/dihydromyrcenol-cas-53219-21-9\/","title":{"rendered":"Dihydromyrcenol CAS 53219-21-9"},"content":{"rendered":"<p><strong>\u0110\u1eb7c \u0111i\u1ec3m<\/strong><\/p>\n<p>\u0110\u01b0\u1ee3c s\u1eed d\u1ee5ng cho chanh tr\u1eafng, n\u01b0\u1edbc hoa, h\u01b0\u01a1ng cam qu\u00fdt, m\u1ed9t lo\u1ea1i d\u1ea7u kh\u00f4ng m\u00e0u, h\u01a1i nh\u1edbt<\/p>\n<p><strong>\u1ee8ng d\u1ee5ng:<\/strong><\/p>\n<p>\u0110\u01b0\u1ee3c s\u1eed d\u1ee5ng r\u1ed9ng r\u00e3i trong h\u01b0\u01a1ng hoa h\u1ed3ng, cam qu\u00fdt, th\u1ee7y ti\u00ean, h\u1ed5 ph\u00e1ch, hoa lan tim \u0111\u01a1n gi\u1ea3n v\u00e0 c\u00e1c h\u01b0\u01a1ng v\u1ecb kh\u00e1c, c\u0169ng c\u00f3 th\u1ec3 \u0111\u01b0\u1ee3c s\u1eed d\u1ee5ng l\u00e0m h\u01b0\u01a1ng x\u00e0 ph\u00f2ng, trong x\u00e0 ph\u00f2ng, h\u01b0\u01a1ng b\u1ed9t c\u00f3 th\u1ec3 ph\u1ed1i h\u1ee3p v\u1edbi c\u00e1c lo\u1ea1i n\u01b0\u1edbc hoa kh\u00e1c v\u00e0 c\u00f3 h\u01b0\u01a1ng th\u01a1m c\u1ed1 \u0111\u1ecbnh<\/p>","protected":false},"excerpt":{"rendered":"<p>T\u00ean s\u1ea3n ph\u1ea9m: Dihydromyrcenol<\/p>\n<p>S\u1ed1 hi\u1ec7u: 53219-21-9<\/p>\n<p>MF: C10H20O<\/p>\n<p>Ngo\u1ea1i quan: Ch\u1ea5t l\u1ecfng kh\u00f4ng m\u00e0u, c\u00f3 m\u00f9i th\u01a1m m\u1ea1nh v\u00e0 ng\u1ecdt c\u1ee7a n\u01b0\u1edbc hoa chanh tr\u1eafng.<\/p>","protected":false},"featured_media":4878,"template":"","meta":{"_acf_changed":false,"_gspb_post_css":""},"product_brand":[],"product_cat":[61],"product_tag":[],"class_list":{"0":"post-5893","1":"product","2":"type-product","3":"status-publish","4":"has-post-thumbnail","6":"product_cat-flavor-and-fragrance","8":"first","9":"instock","10":"shipping-taxable","11":"product-type-simple"},"acf":[],"_links":{"self":[{"href":"https:\/\/wpachem.com\/vi\/wp-json\/wp\/v2\/product\/5893","targetHints":{"allow":["GET"]}}],"collection":[{"href":"https:\/\/wpachem.com\/vi\/wp-json\/wp\/v2\/product"}],"about":[{"href":"https:\/\/wpachem.com\/vi\/wp-json\/wp\/v2\/types\/product"}],"version-history":[{"count":0,"href":"https:\/\/wpachem.com\/vi\/wp-json\/wp\/v2\/product\/5893\/revisions"}],"wp:featuredmedia":[{"embeddable":true,"href":"https:\/\/wpachem.com\/vi\/wp-json\/wp\/v2\/media\/4878"}],"wp:attachment":[{"href":"https:\/\/wpachem.com\/vi\/wp-json\/wp\/v2\/media?parent=5893"}],"wp:term":[{"taxonomy":"product_brand","embeddable":true,"href":"https:\/\/wpachem.com\/vi\/wp-json\/wp\/v2\/product_brand?post=5893"},{"taxonomy":"product_cat","embeddable":true,"href":"https:\/\/wpachem.com\/vi\/wp-json\/wp\/v2\/product_cat?post=5893"},{"taxonomy":"product_tag","embeddable":true,"href":"https:\/\/wpachem.com\/vi\/wp-json\/wp\/v2\/product_tag?post=5893"}],"curies":[{"name":"wp","href":"https:\/\/api.w.org\/{rel}","templated":true}]}}