{"id":5895,"date":"2024-02-06T08:00:05","date_gmt":"2024-02-06T08:00:05","guid":{"rendered":"https:\/\/wpachem.com\/?post_type=product&#038;p=5895"},"modified":"2024-02-06T08:23:59","modified_gmt":"2024-02-06T08:23:59","slug":"lecithin-hydrogenated-cas-92128-87-5","status":"publish","type":"product","link":"https:\/\/wpachem.com\/vi\/product\/lecithin-hydrogenated-cas-92128-87-5\/","title":{"rendered":"Lecithin hydro h\u00f3a CAS 92128-87-5"},"content":{"rendered":"<p>\u0110\u00f3 l\u00e0 nh\u1eefng h\u1ea1t m\u00e0u v\u00e0ng.<\/p>\n<p><strong>\u1ee8ng d\u1ee5ng<\/strong><\/p>\n<p>Lecithin hydro h\u00f3a c\u00f3 t\u00ednh \u01b0a n\u01b0\u1edbc v\u00e0 gi\u1eef \u1ea9m m\u1ea1nh, c\u00f3 \u00e1i l\u1ef1c m\u1ea1nh v\u1edbi da v\u00e0 ni\u00eam m\u1ea1c. C\u00f3 th\u1ec3 s\u1eed d\u1ee5ng trong c\u00e1c c\u00f4ng th\u1ee9c m\u1ef9 ph\u1ea9m \u0111\u1ec3 gi\u1eef \u1ea9m, nh\u0169 h\u00f3a, ph\u00e2n t\u00e1n v\u00e0 ch\u1ed1ng oxy h\u00f3a. L\u00e0 m\u1ed9t ch\u1ea5t ho\u1ea1t \u0111\u1ed9ng b\u1ec1 m\u1eb7t, n\u00f3 c\u0169ng c\u00f3 N\u00f3 c\u00f3 th\u1ec3 \u0111i\u1ec1u h\u00f2a da \u0111\u1ec3 \u0111\u1ea1t \u0111\u01b0\u1ee3c hi\u1ec7u qu\u1ea3 c\u00e2n b\u1eb1ng d\u1ea7u-n\u01b0\u1edbc t\u1ed1t v\u00e0 h\u1ea5p th\u1ee5 ch\u1ea5t dinh d\u01b0\u1ee1ng t\u1ed1t h\u01a1n. Trong d\u1ea7u g\u1ed9i v\u00e0 ch\u1ea5t t\u1ea9y r\u1eeda d\u1ea1ng l\u1ecfng, lecithin hydro h\u00f3a ho\u1ea1t \u0111\u1ed9ng nh\u01b0 m\u1ed9t t\u00e1c nh\u00e2n t\u1ea1o ng\u1ecdc trai. Lecithin hydro h\u00f3a c\u0169ng c\u00f3 th\u1ec3 \u0111\u01b0\u1ee3c s\u1eed d\u1ee5ng \u0111\u1ec3 ph\u00e1t tri\u1ec3n thu\u1ed1c m\u1ee1 ch\u0103m s\u00f3c da v\u00e0 kem d\u01b0\u1ee1ng \u1ea9m. Kem d\u01b0\u1ee1ng da tay, son d\u01b0\u1ee1ng m\u00f4i, kem ch\u1ed1ng n\u1eafng v\u00e0 c\u00e1c s\u1ea3n ph\u1ea9m m\u1ef9 ph\u1ea9m cao c\u1ea5p kh\u00e1c.<\/p>\n<p><strong>\u0110\u00f3ng g\u00f3i &amp; L\u01b0u tr\u1eef<\/strong><\/p>\n<p>25 KG\/T\u00daI<\/p>\n<p>&nbsp;<\/p>","protected":false},"excerpt":{"rendered":"<p>T\u00ean s\u1ea3n ph\u1ea9m: Lecithin Hydrogenated<\/p>\n<p>CAS:92128-87-5<\/p>\n<p>MF:C42H84NO8P<\/p>\n<p>Ngo\u1ea1i quan: h\u1ea1t m\u00e0u v\u00e0ng<\/p>","protected":false},"featured_media":5899,"template":"","meta":{"_acf_changed":false,"_gspb_post_css":""},"product_brand":[],"product_cat":[60,131,133,132],"product_tag":[],"class_list":{"0":"post-5895","1":"product","2":"type-product","3":"status-publish","4":"has-post-thumbnail","6":"product_cat-cosmetic-ingredients","7":"product_cat-antioxidant","8":"product_cat-emulsifiers-cosmetic-ingredients","9":"product_cat-moisturizing","11":"first","12":"instock","13":"shipping-taxable","14":"product-type-simple"},"acf":[],"_links":{"self":[{"href":"https:\/\/wpachem.com\/vi\/wp-json\/wp\/v2\/product\/5895","targetHints":{"allow":["GET"]}}],"collection":[{"href":"https:\/\/wpachem.com\/vi\/wp-json\/wp\/v2\/product"}],"about":[{"href":"https:\/\/wpachem.com\/vi\/wp-json\/wp\/v2\/types\/product"}],"version-history":[{"count":0,"href":"https:\/\/wpachem.com\/vi\/wp-json\/wp\/v2\/product\/5895\/revisions"}],"wp:featuredmedia":[{"embeddable":true,"href":"https:\/\/wpachem.com\/vi\/wp-json\/wp\/v2\/media\/5899"}],"wp:attachment":[{"href":"https:\/\/wpachem.com\/vi\/wp-json\/wp\/v2\/media?parent=5895"}],"wp:term":[{"taxonomy":"product_brand","embeddable":true,"href":"https:\/\/wpachem.com\/vi\/wp-json\/wp\/v2\/product_brand?post=5895"},{"taxonomy":"product_cat","embeddable":true,"href":"https:\/\/wpachem.com\/vi\/wp-json\/wp\/v2\/product_cat?post=5895"},{"taxonomy":"product_tag","embeddable":true,"href":"https:\/\/wpachem.com\/vi\/wp-json\/wp\/v2\/product_tag?post=5895"}],"curies":[{"name":"wp","href":"https:\/\/api.w.org\/{rel}","templated":true}]}}