{"id":5898,"date":"2024-02-06T09:15:05","date_gmt":"2024-02-06T09:15:05","guid":{"rendered":"https:\/\/wpachem.com\/?post_type=product&#038;p=5898"},"modified":"2024-02-06T09:15:58","modified_gmt":"2024-02-06T09:15:58","slug":"fenchol-cas-1632-73-1","status":"publish","type":"product","link":"https:\/\/wpachem.com\/vi\/product\/fenchol-cas-1632-73-1\/","title":{"rendered":"Fenchol CAS 1632-73-1"},"content":{"rendered":"<p><strong>\u0110\u1eb7c \u0111i\u1ec3m<\/strong><\/p>\n<p>Fenchyl alcohol l\u00e0 ch\u1ea5t l\u1ecfng m\u00e0u v\u00e0ng nh\u1ea1t c\u00f3 m\u00f9i long n\u00e3o cay v\u00e0 m\u00f9i \u0111\u1ea5t. Tan trong ethanol, propylene glycol v\u00e0 h\u1ea7u h\u1ebft c\u00e1c lo\u1ea1i d\u1ea7u kh\u00f4ng bay h\u01a1i, kh\u00f4ng tan trong n\u01b0\u1edbc.<\/p>\n<p><strong>\u1ee8ng d\u1ee5ng:<\/strong><\/p>\n<p>C\u1ed3n Fenchyl c\u00f3 th\u1ec3 \u0111\u01b0\u1ee3c s\u1eed d\u1ee5ng trong n\u01b0\u1edbc gi\u1ea3i kh\u00e1t, th\u1ef1c ph\u1ea9m ch\u1ebf bi\u1ebfn t\u1eeb n\u01b0\u1edbc, k\u1eb9o, \u0111\u1ed3 n\u01b0\u1edbng; N\u00f3 c\u0169ng \u0111\u01b0\u1ee3c s\u1eed d\u1ee5ng r\u1ed9ng r\u00e3i trong vi\u1ec7c ch\u1ebf bi\u1ebfn h\u01b0\u01a1ng c\u1ecf, h\u01b0\u01a1ng cam qu\u00fdt, m\u1ed9t s\u1ed1 h\u01b0\u01a1ng hoa v\u00e0 m\u1ef9 ph\u1ea9m, v\u00e0 c\u0169ng c\u00f3 th\u1ec3 \u0111\u01b0\u1ee3c s\u1eed d\u1ee5ng trong n\u01b0\u1edbc x\u1ea3 v\u1ea3i, ch\u1ea5t t\u1ea9y r\u1eeda d\u1ea1ng l\u1ecfng v\u00e0 c\u00e1c h\u00f3a ch\u1ea5t h\u00e0ng ng\u00e0y kh\u00e1c.<\/p>","protected":false},"excerpt":{"rendered":"<p>T\u00ean s\u1ea3n ph\u1ea9m:fenchol<\/p>\n<p>S\u1ed1 hi\u1ec7u: 1632-73-1<\/p>\n<p>Nguy\u00ean t\u1eed: C10H18O<\/p>\n<p>Ngo\u1ea1i quan: ch\u1ea5t l\u1ecfng m\u00e0u v\u00e0ng nh\u1ea1t<\/p>","protected":false},"featured_media":5867,"template":"","meta":{"_acf_changed":false,"_gspb_post_css":""},"product_brand":[],"product_cat":[61],"product_tag":[],"class_list":{"0":"post-5898","1":"product","2":"type-product","3":"status-publish","4":"has-post-thumbnail","6":"product_cat-flavor-and-fragrance","8":"first","9":"instock","10":"shipping-taxable","11":"product-type-simple"},"acf":[],"_links":{"self":[{"href":"https:\/\/wpachem.com\/vi\/wp-json\/wp\/v2\/product\/5898","targetHints":{"allow":["GET"]}}],"collection":[{"href":"https:\/\/wpachem.com\/vi\/wp-json\/wp\/v2\/product"}],"about":[{"href":"https:\/\/wpachem.com\/vi\/wp-json\/wp\/v2\/types\/product"}],"version-history":[{"count":0,"href":"https:\/\/wpachem.com\/vi\/wp-json\/wp\/v2\/product\/5898\/revisions"}],"wp:featuredmedia":[{"embeddable":true,"href":"https:\/\/wpachem.com\/vi\/wp-json\/wp\/v2\/media\/5867"}],"wp:attachment":[{"href":"https:\/\/wpachem.com\/vi\/wp-json\/wp\/v2\/media?parent=5898"}],"wp:term":[{"taxonomy":"product_brand","embeddable":true,"href":"https:\/\/wpachem.com\/vi\/wp-json\/wp\/v2\/product_brand?post=5898"},{"taxonomy":"product_cat","embeddable":true,"href":"https:\/\/wpachem.com\/vi\/wp-json\/wp\/v2\/product_cat?post=5898"},{"taxonomy":"product_tag","embeddable":true,"href":"https:\/\/wpachem.com\/vi\/wp-json\/wp\/v2\/product_tag?post=5898"}],"curies":[{"name":"wp","href":"https:\/\/api.w.org\/{rel}","templated":true}]}}