{"id":5903,"date":"2024-02-06T08:29:39","date_gmt":"2024-02-06T08:29:39","guid":{"rendered":"https:\/\/wpachem.com\/?post_type=product&#038;p=5903"},"modified":"2024-02-06T08:33:16","modified_gmt":"2024-02-06T08:33:16","slug":"lactobionic-acid-cas-96-82-2","status":"publish","type":"product","link":"https:\/\/wpachem.com\/vi\/product\/lactobionic-acid-cas-96-82-2\/","title":{"rendered":"Axit Lactobionic CAS 96-82-2"},"content":{"rendered":"<p>\u0110\u00e2y l\u00e0 b\u1ed9t tinh th\u1ec3 m\u00e0u tr\u1eafng.<\/p>\n<p><strong>\u1ee8ng d\u1ee5ng<\/strong><\/p>\n<p>Trong c\u00f4ng nghi\u1ec7p th\u1ef1c ph\u1ea9m, axit lactobionic c\u00f3 th\u1ec3 \u0111\u01b0\u1ee3c s\u1eed d\u1ee5ng l\u00e0m gia v\u1ecb chua, ch\u1ea5t t\u1ea1o h\u01b0\u01a1ng v\u1ecb v\u00e0 ch\u1ea5t t\u1ea1o axit th\u1ef1c ph\u1ea9m \u0111\u1ec3 t\u0103ng h\u01b0\u01a1ng v\u1ecb v\u00e0 \u0111\u1ed9 t\u01b0\u01a1i c\u1ee7a th\u1ef1c ph\u1ea9m.<br \/>\nTrong ng\u00e0nh d\u01b0\u1ee3c ph\u1ea9m, axit lactobionic c\u00f3 th\u1ec3 \u0111\u01b0\u1ee3c s\u1eed d\u1ee5ng trong s\u1ea3n xu\u1ea5t thu\u1ed1c kh\u00e1ng sinh d\u01b0\u1edbi d\u1ea1ng t\u00e1 d\u01b0\u1ee3c ho\u1eb7c ph\u1ee5 gia trong thu\u1ed1c.<\/p>\n<p><strong>\u0110\u00f3ng g\u00f3i &amp; L\u01b0u tr\u1eef<\/strong><\/p>\n<p>25 KG\/T\u00daI<\/p>\n<p>&nbsp;<\/p>","protected":false},"excerpt":{"rendered":"<p>T\u00ean s\u1ea3n ph\u1ea9m: Axit Lactobionic<\/p>\n<p>CAS:96-82-2<\/p>\n<p>M\u1ea0NG: C12H22O12<\/p>\n<p>Ngo\u1ea1i quan: b\u1ed9t tinh th\u1ec3 m\u00e0u tr\u1eafng<\/p>","protected":false},"featured_media":5182,"template":"","meta":{"_acf_changed":false,"_gspb_post_css":""},"product_brand":[],"product_cat":[55,59],"product_tag":[],"class_list":{"0":"post-5903","1":"product","2":"type-product","3":"status-publish","4":"has-post-thumbnail","6":"product_cat-food-additives","7":"product_cat-acidity-regulators","9":"first","10":"instock","11":"shipping-taxable","12":"product-type-simple"},"acf":[],"_links":{"self":[{"href":"https:\/\/wpachem.com\/vi\/wp-json\/wp\/v2\/product\/5903","targetHints":{"allow":["GET"]}}],"collection":[{"href":"https:\/\/wpachem.com\/vi\/wp-json\/wp\/v2\/product"}],"about":[{"href":"https:\/\/wpachem.com\/vi\/wp-json\/wp\/v2\/types\/product"}],"version-history":[{"count":0,"href":"https:\/\/wpachem.com\/vi\/wp-json\/wp\/v2\/product\/5903\/revisions"}],"wp:featuredmedia":[{"embeddable":true,"href":"https:\/\/wpachem.com\/vi\/wp-json\/wp\/v2\/media\/5182"}],"wp:attachment":[{"href":"https:\/\/wpachem.com\/vi\/wp-json\/wp\/v2\/media?parent=5903"}],"wp:term":[{"taxonomy":"product_brand","embeddable":true,"href":"https:\/\/wpachem.com\/vi\/wp-json\/wp\/v2\/product_brand?post=5903"},{"taxonomy":"product_cat","embeddable":true,"href":"https:\/\/wpachem.com\/vi\/wp-json\/wp\/v2\/product_cat?post=5903"},{"taxonomy":"product_tag","embeddable":true,"href":"https:\/\/wpachem.com\/vi\/wp-json\/wp\/v2\/product_tag?post=5903"}],"curies":[{"name":"wp","href":"https:\/\/api.w.org\/{rel}","templated":true}]}}