{"id":5905,"date":"2024-02-06T08:33:27","date_gmt":"2024-02-06T08:33:27","guid":{"rendered":"https:\/\/wpachem.com\/?post_type=product&#038;p=5905"},"modified":"2024-02-06T08:38:15","modified_gmt":"2024-02-06T08:38:15","slug":"16-hexanediol-cas-629-11-8","status":"publish","type":"product","link":"https:\/\/wpachem.com\/vi\/product\/16-hexanediol-cas-629-11-8\/","title":{"rendered":"1,6-Hexanediol CAS 629-11-8"},"content":{"rendered":"<p>N\u00f3 l\u00e0 ch\u1ea5t l\u1ecfng nh\u1edbt kh\u00f4ng m\u00e0u, kh\u00f4ng m\u00f9i.<\/p>\n<p><strong>\u1ee8ng d\u1ee5ng<\/strong><\/p>\n<p>N\u00f3 ch\u1ee7 y\u1ebfu \u0111\u01b0\u1ee3c s\u1eed d\u1ee5ng trong s\u1ea3n xu\u1ea5t polyete (v\u00ed d\u1ee5 polyesterol) \u0111\u1ec3 ch\u1ebf t\u1ea1o c\u00e1c v\u1eadt li\u1ec7u t\u1ed5ng h\u1ee3p nh\u01b0 s\u1ee3i polyester, nh\u1ef1a v\u00e0 polyurethane.<br \/>\nN\u00f3 c\u0169ng \u0111\u01b0\u1ee3c s\u1eed d\u1ee5ng r\u1ed9ng r\u00e3i trong s\u1ea3n xu\u1ea5t ch\u1ea5t ph\u1ee7, dung m\u00f4i, thu\u1ed1c nhu\u1ed9m, s\u01a1n, ch\u1ea5t ch\u1ed1ng \u0111\u00f4ng, m\u1ef9 ph\u1ea9m, keo d\u00e1n, ch\u1ea5t t\u1ea9y r\u1eeda v\u00e0 nhi\u1ec1u s\u1ea3n ph\u1ea9m c\u00f4ng nghi\u1ec7p kh\u00e1c.<\/p>\n<p><strong>\u0110\u00f3ng g\u00f3i &amp; L\u01b0u tr\u1eef<\/strong><\/p>\n<p>25 KG\/TR\u1ed0NG<\/p>","protected":false},"excerpt":{"rendered":"<p>T\u00ean s\u1ea3n ph\u1ea9m: 1,6-Hexanedio<\/p>\n<p>CAS:629-11-8<\/p>\n<p>MF:C20H20O4<\/p>\n<p>Ngo\u1ea1i quan: ch\u1ea5t l\u1ecfng nh\u1edbt kh\u00f4ng m\u00e0u, kh\u00f4ng m\u00f9i<\/p>","protected":false},"featured_media":2089,"template":"","meta":{"_acf_changed":false,"_gspb_post_css":""},"product_brand":[],"product_cat":[60,62,63,69],"product_tag":[],"class_list":{"0":"post-5905","1":"product","2":"type-product","3":"status-publish","4":"has-post-thumbnail","6":"product_cat-cosmetic-ingredients","7":"product_cat-rubberplastic-ingredients","8":"product_cat-industrial-chemicals","9":"product_cat-more","11":"first","12":"instock","13":"shipping-taxable","14":"product-type-simple"},"acf":[],"_links":{"self":[{"href":"https:\/\/wpachem.com\/vi\/wp-json\/wp\/v2\/product\/5905","targetHints":{"allow":["GET"]}}],"collection":[{"href":"https:\/\/wpachem.com\/vi\/wp-json\/wp\/v2\/product"}],"about":[{"href":"https:\/\/wpachem.com\/vi\/wp-json\/wp\/v2\/types\/product"}],"version-history":[{"count":0,"href":"https:\/\/wpachem.com\/vi\/wp-json\/wp\/v2\/product\/5905\/revisions"}],"wp:featuredmedia":[{"embeddable":true,"href":"https:\/\/wpachem.com\/vi\/wp-json\/wp\/v2\/media\/2089"}],"wp:attachment":[{"href":"https:\/\/wpachem.com\/vi\/wp-json\/wp\/v2\/media?parent=5905"}],"wp:term":[{"taxonomy":"product_brand","embeddable":true,"href":"https:\/\/wpachem.com\/vi\/wp-json\/wp\/v2\/product_brand?post=5905"},{"taxonomy":"product_cat","embeddable":true,"href":"https:\/\/wpachem.com\/vi\/wp-json\/wp\/v2\/product_cat?post=5905"},{"taxonomy":"product_tag","embeddable":true,"href":"https:\/\/wpachem.com\/vi\/wp-json\/wp\/v2\/product_tag?post=5905"}],"curies":[{"name":"wp","href":"https:\/\/api.w.org\/{rel}","templated":true}]}}