{"id":5907,"date":"2024-02-06T08:39:19","date_gmt":"2024-02-06T08:39:19","guid":{"rendered":"https:\/\/wpachem.com\/?post_type=product&#038;p=5907"},"modified":"2024-02-06T08:47:44","modified_gmt":"2024-02-06T08:47:44","slug":"4-hydroxyacetophenone-cas-99-93-4","status":"publish","type":"product","link":"https:\/\/wpachem.com\/vi\/product\/4-hydroxyacetophenone-cas-99-93-4\/","title":{"rendered":"4\u2032-Hydroxyacetophenone CAS 99-93-4"},"content":{"rendered":"<p>N\u00f3 l\u00e0 ch\u1ea5t r\u1eafn k\u1ebft tinh kh\u00f4ng m\u00e0u.<\/p>\n<p><strong>\u1ee8ng d\u1ee5ng<\/strong><\/p>\n<p>N\u00f3 c\u00f3 th\u1ec3 \u0111\u01b0\u1ee3c s\u1eed d\u1ee5ng nh\u01b0 m\u1ed9t ch\u1ea5t trung gian trong qu\u00e1 tr\u00ecnh t\u1ed5ng h\u1ee3p c\u00e1c h\u1ee3p ch\u1ea5t h\u1eefu c\u01a1 \u0111\u1ec3 \u0111i\u1ec1u ch\u1ebf nhi\u1ec1u lo\u1ea1i thu\u1ed1c, thu\u1ed1c nhu\u1ed9m v\u00e0 gia v\u1ecb.<br \/>\nN\u00f3 c\u0169ng \u0111\u01b0\u1ee3c s\u1eed d\u1ee5ng nh\u01b0 m\u1ed9t ch\u1ea5t di\u1ec7t khu\u1ea9n, ch\u1ea5t b\u1ea3o qu\u1ea3n v\u00e0 ph\u1ee5 gia th\u1ef1c ph\u1ea9m.<\/p>\n<p><strong>\u0110\u00f3ng g\u00f3i &amp; L\u01b0u tr\u1eef<\/strong><\/p>\n<p>25 KG\/T\u00daI<\/p>\n<p>&nbsp;<\/p>","protected":false},"excerpt":{"rendered":"<p>T\u00ean s\u1ea3n ph\u1ea9m: 4\u2032-Hydroxyacetophenone<\/p>\n<p>CAS:99-93-4<\/p>\n<p>MF:C8H8O2<\/p>\n<p>Ngo\u1ea1i quan: ch\u1ea5t r\u1eafn k\u1ebft tinh kh\u00f4ng m\u00e0u<\/p>","protected":false},"featured_media":5182,"template":"","meta":{"_acf_changed":false,"_gspb_post_css":""},"product_brand":[],"product_cat":[55,135,57,60,69],"product_tag":[],"class_list":{"0":"post-5907","1":"product","2":"type-product","3":"status-publish","4":"has-post-thumbnail","6":"product_cat-food-additives","7":"product_cat-preservative-cosmetic-ingredients","8":"product_cat-preservative","9":"product_cat-cosmetic-ingredients","10":"product_cat-more","12":"first","13":"instock","14":"shipping-taxable","15":"product-type-simple"},"acf":[],"_links":{"self":[{"href":"https:\/\/wpachem.com\/vi\/wp-json\/wp\/v2\/product\/5907","targetHints":{"allow":["GET"]}}],"collection":[{"href":"https:\/\/wpachem.com\/vi\/wp-json\/wp\/v2\/product"}],"about":[{"href":"https:\/\/wpachem.com\/vi\/wp-json\/wp\/v2\/types\/product"}],"version-history":[{"count":0,"href":"https:\/\/wpachem.com\/vi\/wp-json\/wp\/v2\/product\/5907\/revisions"}],"wp:featuredmedia":[{"embeddable":true,"href":"https:\/\/wpachem.com\/vi\/wp-json\/wp\/v2\/media\/5182"}],"wp:attachment":[{"href":"https:\/\/wpachem.com\/vi\/wp-json\/wp\/v2\/media?parent=5907"}],"wp:term":[{"taxonomy":"product_brand","embeddable":true,"href":"https:\/\/wpachem.com\/vi\/wp-json\/wp\/v2\/product_brand?post=5907"},{"taxonomy":"product_cat","embeddable":true,"href":"https:\/\/wpachem.com\/vi\/wp-json\/wp\/v2\/product_cat?post=5907"},{"taxonomy":"product_tag","embeddable":true,"href":"https:\/\/wpachem.com\/vi\/wp-json\/wp\/v2\/product_tag?post=5907"}],"curies":[{"name":"wp","href":"https:\/\/api.w.org\/{rel}","templated":true}]}}