{"id":5909,"date":"2024-02-06T08:47:52","date_gmt":"2024-02-06T08:47:52","guid":{"rendered":"https:\/\/wpachem.com\/?post_type=product&#038;p=5909"},"modified":"2024-02-06T08:56:17","modified_gmt":"2024-02-06T08:56:17","slug":"12-propanediol-cas-57-55-6","status":"publish","type":"product","link":"https:\/\/wpachem.com\/vi\/product\/12-propanediol-cas-57-55-6\/","title":{"rendered":"1,2-Propanediol CAS 57-55-6"},"content":{"rendered":"<p>N\u00f3 l\u00e0 ch\u1ea5t l\u1ecfng kh\u00f4ng m\u00e0u, kh\u00f4ng m\u00f9i, nh\u1edbt.<\/p>\n<p><strong>\u1ee8ng d\u1ee5ng<\/strong><\/p>\n<p>N\u00f3 \u0111\u01b0\u1ee3c s\u1eed d\u1ee5ng trong ng\u00e0nh d\u01b0\u1ee3c ph\u1ea9m nh\u01b0 m\u1ed9t dung m\u00f4i, ch\u1ea5t este h\u00f3a v\u00e0 ch\u1ea5t d\u1ebbo trong s\u1ea3n xu\u1ea5t thu\u1ed1c, thi\u1ebft b\u1ecb y t\u1ebf v\u00e0 d\u01b0\u1ee3c ph\u1ea9m.<br \/>\nN\u00f3 c\u00f3 t\u00e1c d\u1ee5ng d\u01b0\u1ee1ng \u1ea9m, l\u00e0m m\u1ec1m, ch\u1ed1ng \u0111\u00f4ng v\u00e0 \u1ed5n \u0111\u1ecbnh trong m\u1ef9 ph\u1ea9m.<br \/>\nN\u00f3 \u0111\u01b0\u1ee3c s\u1eed d\u1ee5ng nh\u01b0 m\u1ed9t ch\u1ea5t l\u00e0m \u0111\u1eb7c v\u00e0 ch\u1ea5t t\u1ea1o ph\u1eb3ng trong ng\u00e0nh s\u01a1n v\u00e0 v\u1eadt li\u1ec7u ph\u1ee7.<br \/>\nN\u00f3 c\u0169ng \u0111\u01b0\u1ee3c s\u1eed d\u1ee5ng r\u1ed9ng r\u00e3i trong s\u1ea3n xu\u1ea5t \u0111\u1ed3 u\u1ed1ng, th\u1ef1c ph\u1ea9m, gia v\u1ecb v\u00e0 ch\u1ea5t m\u00e0u.<\/p>\n<p><strong>\u0110\u00f3ng g\u00f3i &amp; L\u01b0u tr\u1eef<\/strong><\/p>\n<p>25 KG\/DRU<\/p>\n<p>&nbsp;<\/p>","protected":false},"excerpt":{"rendered":"<p>T\u00ean s\u1ea3n ph\u1ea9m: 1,2-Propanediol<\/p>\n<p>CAS: 57-55-6<\/p>\n<p>MF:C3H8O2<\/p>\n<p>Ngo\u1ea1i quan: ch\u1ea5t l\u1ecfng kh\u00f4ng m\u00e0u, kh\u00f4ng m\u00f9i, nh\u1edbt<\/p>","protected":false},"featured_media":2087,"template":"","meta":{"_acf_changed":false,"_gspb_post_css":""},"product_brand":[],"product_cat":[55,132,135,128,60,63,69],"product_tag":[],"class_list":{"0":"post-5909","1":"product","2":"type-product","3":"status-publish","4":"has-post-thumbnail","6":"product_cat-food-additives","7":"product_cat-moisturizing","8":"product_cat-preservative-cosmetic-ingredients","9":"product_cat-tanning-agent","10":"product_cat-cosmetic-ingredients","11":"product_cat-industrial-chemicals","12":"product_cat-more","14":"first","15":"instock","16":"shipping-taxable","17":"product-type-simple"},"acf":[],"_links":{"self":[{"href":"https:\/\/wpachem.com\/vi\/wp-json\/wp\/v2\/product\/5909","targetHints":{"allow":["GET"]}}],"collection":[{"href":"https:\/\/wpachem.com\/vi\/wp-json\/wp\/v2\/product"}],"about":[{"href":"https:\/\/wpachem.com\/vi\/wp-json\/wp\/v2\/types\/product"}],"version-history":[{"count":0,"href":"https:\/\/wpachem.com\/vi\/wp-json\/wp\/v2\/product\/5909\/revisions"}],"wp:featuredmedia":[{"embeddable":true,"href":"https:\/\/wpachem.com\/vi\/wp-json\/wp\/v2\/media\/2087"}],"wp:attachment":[{"href":"https:\/\/wpachem.com\/vi\/wp-json\/wp\/v2\/media?parent=5909"}],"wp:term":[{"taxonomy":"product_brand","embeddable":true,"href":"https:\/\/wpachem.com\/vi\/wp-json\/wp\/v2\/product_brand?post=5909"},{"taxonomy":"product_cat","embeddable":true,"href":"https:\/\/wpachem.com\/vi\/wp-json\/wp\/v2\/product_cat?post=5909"},{"taxonomy":"product_tag","embeddable":true,"href":"https:\/\/wpachem.com\/vi\/wp-json\/wp\/v2\/product_tag?post=5909"}],"curies":[{"name":"wp","href":"https:\/\/api.w.org\/{rel}","templated":true}]}}