{"id":5911,"date":"2024-02-06T08:56:30","date_gmt":"2024-02-06T08:56:30","guid":{"rendered":"https:\/\/wpachem.com\/?post_type=product&#038;p=5911"},"modified":"2024-02-06T09:41:44","modified_gmt":"2024-02-06T09:41:44","slug":"adipic-acid-monomethyl-ester-cas-627-91-8","status":"publish","type":"product","link":"https:\/\/wpachem.com\/vi\/product\/adipic-acid-monomethyl-ester-cas-627-91-8\/","title":{"rendered":"Axit Adipic Monomethyl Ester CAS 627-91-8"},"content":{"rendered":"<p>N\u00f3 l\u00e0 ch\u1ea5t l\u1ecfng kh\u00f4ng m\u00e0u ho\u1eb7c h\u01a1i v\u00e0ng.<\/p>\n<p><strong>\u1ee8ng d\u1ee5ng<\/strong><\/p>\n<p>1. Ng\u00e0nh c\u00f4ng nghi\u1ec7p th\u1ef1c ph\u1ea9m: Este metyl axit b\u00e9o c\u00f3 th\u1ec3 \u0111\u01b0\u1ee3c s\u1eed d\u1ee5ng l\u00e0m ph\u1ee5 gia th\u1ef1c ph\u1ea9m, ch\u1eb3ng h\u1ea1n nh\u01b0 h\u01b0\u01a1ng li\u1ec7u, ch\u1ea5t t\u1ea1o h\u01b0\u01a1ng v\u00e0 ch\u1ea5t b\u1ea3o qu\u1ea3n.<\/p>\n<p>2. M\u1ef9 ph\u1ea9m v\u00e0 c\u00e1c s\u1ea3n ph\u1ea9m ch\u0103m s\u00f3c c\u00e1 nh\u00e2n: Este metyl axit b\u00e9o c\u00f3 th\u1ec3 \u0111\u01b0\u1ee3c s\u1eed d\u1ee5ng l\u00e0m th\u00e0nh ph\u1ea7n c\u01a1 b\u1ea3n trong m\u1ef9 ph\u1ea9m v\u00e0 c\u00e1c s\u1ea3n ph\u1ea9m ch\u0103m s\u00f3c c\u00e1 nh\u00e2n, ch\u1eb3ng h\u1ea1n nh\u01b0 d\u1ea7u g\u1ed9i, kem d\u01b0\u1ee1ng da, m\u1ef9 ph\u1ea9m, v.v.<\/p>\n<p>3. C\u00f4ng nghi\u1ec7p d\u01b0\u1ee3c ph\u1ea9m: Este metyl axit b\u00e9o c\u00f3 th\u1ec3 \u0111\u01b0\u1ee3c s\u1eed d\u1ee5ng l\u00e0m ch\u1ea5t mang thu\u1ed1c ho\u1eb7c th\u00e0nh ph\u1ea7n ph\u1ee5 tr\u1ee3 c\u1ee7a thu\u1ed1c.<\/p>\n<p>4. \u1ee8ng d\u1ee5ng c\u00f4ng nghi\u1ec7p: Este metyl axit b\u00e9o c\u00f3 th\u1ec3 \u0111\u01b0\u1ee3c s\u1eed d\u1ee5ng l\u00e0m ch\u1ea5t b\u00f4i tr\u01a1n, ph\u1ee5 gia nh\u1ef1a, dung m\u00f4i, ch\u1ea5t ho\u1ea1t \u0111\u1ed9ng b\u1ec1 m\u1eb7t, v.v.<\/p>\n<p><strong>\u0110\u00f3ng g\u00f3i &amp; L\u01b0u tr\u1eef<\/strong><\/p>\n<p>25 KG\/TR\u1ed0NG<\/p>\n<p>&nbsp;<\/p>","protected":false},"excerpt":{"rendered":"<p>T\u00ean s\u1ea3n ph\u1ea9m: Adipic Acid Monomethyl Ester<\/p>\n<p>CAS:627-91-8<\/p>\n<p>MF:C7H12O4<\/p>\n<p>Ngo\u1ea1i quan: ch\u1ea5t l\u1ecfng kh\u00f4ng m\u00e0u \u0111\u1ebfn h\u01a1i v\u00e0ng<\/p>","protected":false},"featured_media":3321,"template":"","meta":{"_acf_changed":false,"_gspb_post_css":""},"product_brand":[],"product_cat":[55,129,57,60],"product_tag":[],"class_list":{"0":"post-5911","1":"product","2":"type-product","3":"status-publish","4":"has-post-thumbnail","6":"product_cat-food-additives","7":"product_cat-whitening-agent","8":"product_cat-preservative","9":"product_cat-cosmetic-ingredients","11":"first","12":"instock","13":"shipping-taxable","14":"product-type-simple"},"acf":[],"_links":{"self":[{"href":"https:\/\/wpachem.com\/vi\/wp-json\/wp\/v2\/product\/5911","targetHints":{"allow":["GET"]}}],"collection":[{"href":"https:\/\/wpachem.com\/vi\/wp-json\/wp\/v2\/product"}],"about":[{"href":"https:\/\/wpachem.com\/vi\/wp-json\/wp\/v2\/types\/product"}],"version-history":[{"count":0,"href":"https:\/\/wpachem.com\/vi\/wp-json\/wp\/v2\/product\/5911\/revisions"}],"wp:featuredmedia":[{"embeddable":true,"href":"https:\/\/wpachem.com\/vi\/wp-json\/wp\/v2\/media\/3321"}],"wp:attachment":[{"href":"https:\/\/wpachem.com\/vi\/wp-json\/wp\/v2\/media?parent=5911"}],"wp:term":[{"taxonomy":"product_brand","embeddable":true,"href":"https:\/\/wpachem.com\/vi\/wp-json\/wp\/v2\/product_brand?post=5911"},{"taxonomy":"product_cat","embeddable":true,"href":"https:\/\/wpachem.com\/vi\/wp-json\/wp\/v2\/product_cat?post=5911"},{"taxonomy":"product_tag","embeddable":true,"href":"https:\/\/wpachem.com\/vi\/wp-json\/wp\/v2\/product_tag?post=5911"}],"curies":[{"name":"wp","href":"https:\/\/api.w.org\/{rel}","templated":true}]}}