{"id":5913,"date":"2024-02-06T09:28:06","date_gmt":"2024-02-06T09:28:06","guid":{"rendered":"https:\/\/wpachem.com\/?post_type=product&#038;p=5913"},"modified":"2024-02-06T09:28:06","modified_gmt":"2024-02-06T09:28:06","slug":"phenylpropyl-aldehyde-cas-104-53-0","status":"publish","type":"product","link":"https:\/\/wpachem.com\/vi\/product\/phenylpropyl-aldehyde-cas-104-53-0\/","title":{"rendered":"Phenylpropyl an\u0111ehit CAS 104-53-0"},"content":{"rendered":"<p><strong>\u0110\u1eb7c \u0111i\u1ec3m<\/strong><\/p>\n<p>Ch\u1ea5t l\u1ecfng trong su\u1ed1t kh\u00f4ng m\u00e0u \u0111\u1ebfn v\u00e0ng nh\u1ea1t, dung d\u1ecbch dipropylene glycol 10.00%. M\u00f9i Impatiens<\/p>\n<p><strong>\u1ee8ng d\u1ee5ng:<\/strong><\/p>\n<p>\u0110\u01b0\u1ee3c s\u1eed d\u1ee5ng r\u1ed9ng r\u00e3i trong vi\u1ec7c ch\u1ebf bi\u1ebfn nhi\u1ec1u h\u01b0\u01a1ng hoa kh\u00e1c nhau, \u0111\u1eb7c bi\u1ec7t l\u00e0 h\u01b0\u01a1ng hoa t\u1eed \u0111inh h\u01b0\u01a1ng, hoa nh\u00e0i v\u00e0 hoa h\u1ed3ng<\/p>","protected":false},"excerpt":{"rendered":"<p>T\u00ean s\u1ea3n ph\u1ea9m: Phenylpropyl aldehyde<\/p>\n<p>S\u1ed1 CAS: 104-53-0<\/p>\n<p>MF: C9H10O<\/p>\n<p>Ngo\u1ea1i quan: Ch\u1ea5t l\u1ecfng trong su\u1ed1t kh\u00f4ng m\u00e0u ho\u1eb7c m\u00e0u v\u00e0ng nh\u1ea1t<\/p>","protected":false},"featured_media":4788,"template":"","meta":{"_acf_changed":false,"_gspb_post_css":""},"product_brand":[],"product_cat":[61],"product_tag":[],"class_list":{"0":"post-5913","1":"product","2":"type-product","3":"status-publish","4":"has-post-thumbnail","6":"product_cat-flavor-and-fragrance","8":"first","9":"instock","10":"shipping-taxable","11":"product-type-simple"},"acf":[],"_links":{"self":[{"href":"https:\/\/wpachem.com\/vi\/wp-json\/wp\/v2\/product\/5913","targetHints":{"allow":["GET"]}}],"collection":[{"href":"https:\/\/wpachem.com\/vi\/wp-json\/wp\/v2\/product"}],"about":[{"href":"https:\/\/wpachem.com\/vi\/wp-json\/wp\/v2\/types\/product"}],"version-history":[{"count":0,"href":"https:\/\/wpachem.com\/vi\/wp-json\/wp\/v2\/product\/5913\/revisions"}],"wp:featuredmedia":[{"embeddable":true,"href":"https:\/\/wpachem.com\/vi\/wp-json\/wp\/v2\/media\/4788"}],"wp:attachment":[{"href":"https:\/\/wpachem.com\/vi\/wp-json\/wp\/v2\/media?parent=5913"}],"wp:term":[{"taxonomy":"product_brand","embeddable":true,"href":"https:\/\/wpachem.com\/vi\/wp-json\/wp\/v2\/product_brand?post=5913"},{"taxonomy":"product_cat","embeddable":true,"href":"https:\/\/wpachem.com\/vi\/wp-json\/wp\/v2\/product_cat?post=5913"},{"taxonomy":"product_tag","embeddable":true,"href":"https:\/\/wpachem.com\/vi\/wp-json\/wp\/v2\/product_tag?post=5913"}],"curies":[{"name":"wp","href":"https:\/\/api.w.org\/{rel}","templated":true}]}}