{"id":5919,"date":"2024-02-06T09:38:35","date_gmt":"2024-02-06T09:38:35","guid":{"rendered":"https:\/\/wpachem.com\/?post_type=product&#038;p=5919"},"modified":"2024-02-06T09:38:35","modified_gmt":"2024-02-06T09:38:35","slug":"sclareol-cas-515-03-7","status":"publish","type":"product","link":"https:\/\/wpachem.com\/vi\/product\/sclareol-cas-515-03-7\/","title":{"rendered":"Thu\u1ed1c Sclareol CAS 515-03-7"},"content":{"rendered":"<p><strong>\u0110\u1eb7c \u0111i\u1ec3m<\/strong><\/p>\n<p>Tan trong cloroform, etyl axetat (l\u01b0\u1ee3ng nh\u1ecf), m\u00e0u tr\u1eafng \u0111\u1ebfn g\u1ea7n nh\u01b0 tr\u1eafng, c\u00f3 h\u01b0\u01a1ng g\u1ed7.<\/p>\n<p><strong>\u1ee8ng d\u1ee5ng:<\/strong><\/p>\n<p>V\u1edbi h\u01b0\u01a1ng th\u01a1m t\u01b0\u01a1ng t\u1ef1 c\u1ee7a h\u1ed5 ph\u00e1ch, h\u01b0\u01a1ng th\u01a1m k\u00e9o d\u00e0i v\u00e0 tinh t\u1ebf, l\u00e0 nguy\u00ean li\u1ec7u th\u00f4 l\u00fd t\u01b0\u1edfng cho c\u00e1c s\u1ea3n ph\u1ea9m h\u1ed5 ph\u00e1ch t\u1ed5ng h\u1ee3p. Th\u00edch h\u1ee3p \u0111\u1ec3 s\u1eed d\u1ee5ng trong h\u01b0\u01a1ng li\u1ec7u n\u01b0\u1edbc hoa khi s\u1eed d\u1ee5ng tr\u1ef1c ti\u1ebfp \u0111\u1ec3 \u0111i\u1ec1u ch\u1ebf h\u01b0\u01a1ng th\u01a1m.<\/p>","protected":false},"excerpt":{"rendered":"<p>T\u00ean s\u1ea3n ph\u1ea9m: Sclareol<\/p>\n<p>S\u1ed1 hi\u1ec7u: 515-03-7<\/p>\n<p>Nguy\u00ean t\u1eed: C20H36O2<\/p>\n<p>Ngo\u1ea1i quan: Ch\u1ea5t l\u1ecfng trong su\u1ed1t kh\u00f4ng m\u00e0u ho\u1eb7c m\u00e0u v\u00e0ng nh\u1ea1t<\/p>","protected":false},"featured_media":4793,"template":"","meta":{"_acf_changed":false,"_gspb_post_css":""},"product_brand":[],"product_cat":[61],"product_tag":[],"class_list":{"0":"post-5919","1":"product","2":"type-product","3":"status-publish","4":"has-post-thumbnail","6":"product_cat-flavor-and-fragrance","8":"first","9":"instock","10":"shipping-taxable","11":"product-type-simple"},"acf":[],"_links":{"self":[{"href":"https:\/\/wpachem.com\/vi\/wp-json\/wp\/v2\/product\/5919","targetHints":{"allow":["GET"]}}],"collection":[{"href":"https:\/\/wpachem.com\/vi\/wp-json\/wp\/v2\/product"}],"about":[{"href":"https:\/\/wpachem.com\/vi\/wp-json\/wp\/v2\/types\/product"}],"version-history":[{"count":0,"href":"https:\/\/wpachem.com\/vi\/wp-json\/wp\/v2\/product\/5919\/revisions"}],"wp:featuredmedia":[{"embeddable":true,"href":"https:\/\/wpachem.com\/vi\/wp-json\/wp\/v2\/media\/4793"}],"wp:attachment":[{"href":"https:\/\/wpachem.com\/vi\/wp-json\/wp\/v2\/media?parent=5919"}],"wp:term":[{"taxonomy":"product_brand","embeddable":true,"href":"https:\/\/wpachem.com\/vi\/wp-json\/wp\/v2\/product_brand?post=5919"},{"taxonomy":"product_cat","embeddable":true,"href":"https:\/\/wpachem.com\/vi\/wp-json\/wp\/v2\/product_cat?post=5919"},{"taxonomy":"product_tag","embeddable":true,"href":"https:\/\/wpachem.com\/vi\/wp-json\/wp\/v2\/product_tag?post=5919"}],"curies":[{"name":"wp","href":"https:\/\/api.w.org\/{rel}","templated":true}]}}