{"id":5922,"date":"2024-02-06T09:44:57","date_gmt":"2024-02-06T09:44:57","guid":{"rendered":"https:\/\/wpachem.com\/?post_type=product&#038;p=5922"},"modified":"2024-04-26T05:39:55","modified_gmt":"2024-04-26T05:39:55","slug":"styralyl-acetate-cas-93-92-5","status":"publish","type":"product","link":"https:\/\/wpachem.com\/vi\/product\/styralyl-acetate-cas-93-92-5\/","title":{"rendered":"Styralyl axetat CAS 93-92-5"},"content":{"rendered":"<p><strong>\u0110\u1eb7c \u0111i\u1ec3m<\/strong><\/p>\n<p>Ch\u1ea5t l\u1ecfng kh\u00f4ng m\u00e0u. M\u00f9i h\u01b0\u01a1ng hoa d\u00e0nh d\u00e0nh n\u1ed3ng. \u0110i\u1ec3m s\u00f4i 214\u2103, \u0111i\u1ec3m ch\u1edbp ch\u00e1y 81\u2103. Tan trong etanol v\u00e0 h\u1ea7u h\u1ebft c\u00e1c lo\u1ea1i d\u1ea7u kh\u00f4ng bay h\u01a1i, tan trong glycerin v\u00e0 d\u1ea7u kho\u00e1ng, kh\u00f4ng tan trong n\u01b0\u1edbc. C\u00e1c s\u1ea3n ph\u1ea9m t\u1ef1 nhi\u00ean c\u00f3 trong c\u00e1c lo\u1ea1i tinh d\u1ea7u nh\u01b0 hoa d\u00e0nh d\u00e0nh.<\/p>\n<p><strong>\u1ee8ng d\u1ee5ng:<\/strong><\/p>\n<p>\u0110\u00e2y l\u00e0 m\u1ed9t lo\u1ea1i gia v\u1ecb quan tr\u1ecdng \u0111\u1ec3 ch\u1ebf bi\u1ebfn hoa d\u00e0nh d\u00e0nh v\u00e0 hoa hu\u1ec7. Th\u00edch h\u1ee3p cho hoa nh\u00e0i, hoa l\u1ee5c b\u00ecnh, hoa linh lan, hoa t\u1eed \u0111inh h\u01b0\u01a1ng, hoa m\u1ed9c lan. D\u1ea5u v\u1ebft cho lo\u1ea1i hoa h\u1ed3ng v\u1edbi hi\u1ec7u qu\u1ea3 h\u01b0\u01a1ng th\u01a1m t\u0103ng c\u01b0\u1eddng Chemicalbook. Trong h\u01b0\u01a1ng v\u1ecb hi\u1ec7n \u0111\u1ea1i, nh\u01b0 h\u01b0\u01a1ng th\u01a1m \u0111\u1ea7u ti\u00ean, c\u00f3 th\u1ec3 c\u00f3 \u0111\u01b0\u1ee3c hi\u1ec7u qu\u1ea3 t\u1ed1t. \u0110\u01b0\u1ee3c s\u1eed d\u1ee5ng r\u1ed9ng r\u00e3i trong h\u01b0\u01a1ng v\u1ecb th\u1ef1c ph\u1ea9m, \u0111\u1eb7c bi\u1ec7t l\u00e0 nh\u1eefng lo\u1ea1i c\u1ea7n c\u00f3 h\u01b0\u01a1ng v\u1ecb tr\u00e1i c\u00e2y &quot;s\u1eafc n\u00e9t&quot;, ch\u1eb3ng h\u1ea1n nh\u01b0 t\u00e1o, d\u1ee9a v\u00e0 c\u00e1c h\u01b0\u01a1ng v\u1ecb kh\u00e1c.<\/p>","protected":false},"excerpt":{"rendered":"<p>T\u00ean s\u1ea3n ph\u1ea9m: Styralyl acetate<\/p>\n<p>S\u1ed1 CAS: 93-92-5<\/p>\n<p>Ch\u1ea5t trung gian: C10H12O2<\/p>\n<p>Ngo\u1ea1i quan: Ch\u1ea5t l\u1ecfng kh\u00f4ng m\u00e0u.<\/p>","protected":false},"featured_media":3321,"template":"","meta":{"_acf_changed":false,"_gspb_post_css":""},"product_brand":[],"product_cat":[52,24],"product_tag":[],"class_list":{"0":"post-5922","1":"product","2":"type-product","3":"status-publish","4":"has-post-thumbnail","6":"product_cat-pigment","7":"product_cat-uncategorized","9":"first","10":"instock","11":"shipping-taxable","12":"product-type-simple"},"acf":[],"_links":{"self":[{"href":"https:\/\/wpachem.com\/vi\/wp-json\/wp\/v2\/product\/5922","targetHints":{"allow":["GET"]}}],"collection":[{"href":"https:\/\/wpachem.com\/vi\/wp-json\/wp\/v2\/product"}],"about":[{"href":"https:\/\/wpachem.com\/vi\/wp-json\/wp\/v2\/types\/product"}],"version-history":[{"count":0,"href":"https:\/\/wpachem.com\/vi\/wp-json\/wp\/v2\/product\/5922\/revisions"}],"wp:featuredmedia":[{"embeddable":true,"href":"https:\/\/wpachem.com\/vi\/wp-json\/wp\/v2\/media\/3321"}],"wp:attachment":[{"href":"https:\/\/wpachem.com\/vi\/wp-json\/wp\/v2\/media?parent=5922"}],"wp:term":[{"taxonomy":"product_brand","embeddable":true,"href":"https:\/\/wpachem.com\/vi\/wp-json\/wp\/v2\/product_brand?post=5922"},{"taxonomy":"product_cat","embeddable":true,"href":"https:\/\/wpachem.com\/vi\/wp-json\/wp\/v2\/product_cat?post=5922"},{"taxonomy":"product_tag","embeddable":true,"href":"https:\/\/wpachem.com\/vi\/wp-json\/wp\/v2\/product_tag?post=5922"}],"curies":[{"name":"wp","href":"https:\/\/api.w.org\/{rel}","templated":true}]}}