{"id":5926,"date":"2024-02-06T09:50:20","date_gmt":"2024-02-06T09:50:20","guid":{"rendered":"https:\/\/wpachem.com\/?post_type=product&#038;p=5926"},"modified":"2024-04-26T05:39:55","modified_gmt":"2024-04-26T05:39:55","slug":"octanal-cas-124-13-0","status":"publish","type":"product","link":"https:\/\/wpachem.com\/vi\/product\/octanal-cas-124-13-0\/","title":{"rendered":"Octanal CAS 124-13-0"},"content":{"rendered":"<p><strong>\u0110\u1eb7c \u0111i\u1ec3m<\/strong><\/p>\n<p>Ch\u1ea5t l\u1ecfng trong su\u1ed1t kh\u00f4ng m\u00e0u \u0111\u1ebfn v\u00e0ng nh\u1ea1t, m\u00f9i cam b\u00e9o, h\u01b0\u01a1ng hoa nh\u00e0i tr\u00e1i c\u00e2y. Kh\u1ea3 n\u0103ng l\u01b0u gi\u1eef k\u00e9m.<\/p>\n<p><strong>\u1ee8ng d\u1ee5ng:<\/strong><\/p>\n<ol>\n<li>N\u00f3 l\u00e0 m\u1ed9t trong nh\u1eefng th\u00e0nh ph\u1ea7n c\u1ee7a h\u01b0\u01a1ng hoa h\u1ed3ng, v\u00e0 c\u0169ng \u0111\u01b0\u1ee3c s\u1eed d\u1ee5ng trong n\u01b0\u1edbc hoa cam ng\u1ecdt, hoa cam \u0111\u1eafng, cam bergamot v\u00e0 cam qu\u00fdt. N\u00f3 c\u0169ng c\u00f3 th\u1ec3 \u0111\u01b0\u1ee3c s\u1eed d\u1ee5ng trong kem gi\u1ea3, s\u00f4 c\u00f4 la, m\u01a1, m\u1eadn, nho, chanh, cam ng\u1ecdt, ph\u00f4 mai v\u00e0 c\u00e1c h\u01b0\u01a1ng v\u1ecb \u0103n \u0111\u01b0\u1ee3c kh\u00e1c<\/li>\n<li>Ch\u1ee7 y\u1ebfu d\u00f9ng trong pha ch\u1ebf gia v\u1ecb h\u1ecd cam chanh, trong \u0111\u1ed3 u\u1ed1ng, kem, k\u1eb9o, b\u00e1nh m\u00ec, v.v., h\u00e0m l\u01b0\u1ee3ng 1,4-4,4ppm, c\u0169ng c\u00f3 th\u1ec3 d\u00f9ng l\u00e0m x\u00e0 ph\u00f2ng, gia v\u1ecb t\u1ea9y r\u1eeda. Octylaldehyde c\u0169ng l\u00e0 ch\u1ea5t trung gian trong t\u1ed5ng h\u1ee3p h\u1eefu c\u01a1.<\/li>\n<\/ol>","protected":false},"excerpt":{"rendered":"<p>T\u00ean s\u1ea3n ph\u1ea9m:Octanal<\/p>\n<p>S\u1ed1 hi\u1ec7u: 124-13-0<\/p>\n<p>Nguy\u00ean t\u1eed: C8H16O<\/p>\n<p>Ngo\u1ea1i quan: Ch\u1ea5t l\u1ecfng trong su\u1ed1t kh\u00f4ng m\u00e0u \u0111\u1ebfn v\u00e0ng nh\u1ea1t<\/p>","protected":false},"featured_media":4787,"template":"","meta":{"_acf_changed":false,"_gspb_post_css":""},"product_brand":[],"product_cat":[52,24],"product_tag":[],"class_list":{"0":"post-5926","1":"product","2":"type-product","3":"status-publish","4":"has-post-thumbnail","6":"product_cat-pigment","7":"product_cat-uncategorized","9":"first","10":"instock","11":"shipping-taxable","12":"product-type-simple"},"acf":[],"_links":{"self":[{"href":"https:\/\/wpachem.com\/vi\/wp-json\/wp\/v2\/product\/5926","targetHints":{"allow":["GET"]}}],"collection":[{"href":"https:\/\/wpachem.com\/vi\/wp-json\/wp\/v2\/product"}],"about":[{"href":"https:\/\/wpachem.com\/vi\/wp-json\/wp\/v2\/types\/product"}],"version-history":[{"count":0,"href":"https:\/\/wpachem.com\/vi\/wp-json\/wp\/v2\/product\/5926\/revisions"}],"wp:featuredmedia":[{"embeddable":true,"href":"https:\/\/wpachem.com\/vi\/wp-json\/wp\/v2\/media\/4787"}],"wp:attachment":[{"href":"https:\/\/wpachem.com\/vi\/wp-json\/wp\/v2\/media?parent=5926"}],"wp:term":[{"taxonomy":"product_brand","embeddable":true,"href":"https:\/\/wpachem.com\/vi\/wp-json\/wp\/v2\/product_brand?post=5926"},{"taxonomy":"product_cat","embeddable":true,"href":"https:\/\/wpachem.com\/vi\/wp-json\/wp\/v2\/product_cat?post=5926"},{"taxonomy":"product_tag","embeddable":true,"href":"https:\/\/wpachem.com\/vi\/wp-json\/wp\/v2\/product_tag?post=5926"}],"curies":[{"name":"wp","href":"https:\/\/api.w.org\/{rel}","templated":true}]}}