{"id":5929,"date":"2024-02-06T09:55:51","date_gmt":"2024-02-06T09:55:51","guid":{"rendered":"https:\/\/wpachem.com\/?post_type=product&#038;p=5929"},"modified":"2024-02-07T01:12:28","modified_gmt":"2024-02-07T01:12:28","slug":"ethyl-3-hydroxybutyrate-cas-5405-41-4","status":"publish","type":"product","link":"https:\/\/wpachem.com\/vi\/product\/ethyl-3-hydroxybutyrate-cas-5405-41-4\/","title":{"rendered":"Ethyl 3-hydroxybutyrat CAS 5405-41-4"},"content":{"rendered":"<p><strong>\u0110\u1eb7c \u0111i\u1ec3m<\/strong><\/p>\n<p>Ch\u1ea5t l\u1ecfng nh\u1edbt kh\u00f4ng m\u00e0u, c\u00f3 m\u00f9i th\u01a1m gi\u1ed1ng nh\u01b0 tr\u00e1i c\u00e2y, nho, r\u01b0\u1ee3u vang xanh v\u00e0 tr\u1eafng.<\/p>\n<p><strong>\u1ee8ng d\u1ee5ng:<\/strong><\/p>\n<p>gia v\u1ecb \u0103n \u0111\u01b0\u1ee3c<\/p>","protected":false},"excerpt":{"rendered":"<p>T\u00ean s\u1ea3n ph\u1ea9m: Ethyl 3-hydroxybutyrate<\/p>\n<p>S\u1ed1 hi\u1ec7u: 5405-41-4<\/p>\n<p>Ch\u1ea5t trung gian: C6H12O3<\/p>\n<p>Ngo\u1ea1i quan: Ch\u1ea5t l\u1ecfng nh\u1edbt kh\u00f4ng m\u00e0u<\/p>","protected":false},"featured_media":4763,"template":"","meta":{"_acf_changed":false,"_gspb_post_css":""},"product_brand":[],"product_cat":[61],"product_tag":[],"class_list":{"0":"post-5929","1":"product","2":"type-product","3":"status-publish","4":"has-post-thumbnail","6":"product_cat-flavor-and-fragrance","8":"first","9":"instock","10":"shipping-taxable","11":"product-type-simple"},"acf":[],"_links":{"self":[{"href":"https:\/\/wpachem.com\/vi\/wp-json\/wp\/v2\/product\/5929","targetHints":{"allow":["GET"]}}],"collection":[{"href":"https:\/\/wpachem.com\/vi\/wp-json\/wp\/v2\/product"}],"about":[{"href":"https:\/\/wpachem.com\/vi\/wp-json\/wp\/v2\/types\/product"}],"version-history":[{"count":0,"href":"https:\/\/wpachem.com\/vi\/wp-json\/wp\/v2\/product\/5929\/revisions"}],"wp:featuredmedia":[{"embeddable":true,"href":"https:\/\/wpachem.com\/vi\/wp-json\/wp\/v2\/media\/4763"}],"wp:attachment":[{"href":"https:\/\/wpachem.com\/vi\/wp-json\/wp\/v2\/media?parent=5929"}],"wp:term":[{"taxonomy":"product_brand","embeddable":true,"href":"https:\/\/wpachem.com\/vi\/wp-json\/wp\/v2\/product_brand?post=5929"},{"taxonomy":"product_cat","embeddable":true,"href":"https:\/\/wpachem.com\/vi\/wp-json\/wp\/v2\/product_cat?post=5929"},{"taxonomy":"product_tag","embeddable":true,"href":"https:\/\/wpachem.com\/vi\/wp-json\/wp\/v2\/product_tag?post=5929"}],"curies":[{"name":"wp","href":"https:\/\/api.w.org\/{rel}","templated":true}]}}