{"id":5935,"date":"2024-02-07T01:16:58","date_gmt":"2024-02-07T01:16:58","guid":{"rendered":"https:\/\/wpachem.com\/?post_type=product&#038;p=5935"},"modified":"2024-02-07T01:16:58","modified_gmt":"2024-02-07T01:16:58","slug":"octyl-acetate-cas-112-14-1","status":"publish","type":"product","link":"https:\/\/wpachem.com\/vi\/product\/octyl-acetate-cas-112-14-1\/","title":{"rendered":"Octyl axetat CAS 112-14-1"},"content":{"rendered":"<p><strong>\u0110\u1eb7c \u0111i\u1ec3m<\/strong><\/p>\n<p>Ch\u1ea5t l\u1ecfng trong su\u1ed1t kh\u00f4ng m\u00e0u, kh\u00f4ng tan trong n\u01b0\u1edbc, m\u00f9i hoa nh\u00e0i cam<\/p>\n<p><strong>\u1ee8ng d\u1ee5ng:<\/strong><\/p>\n<p>Th\u01b0\u1eddng \u0111\u01b0\u1ee3c s\u1eed d\u1ee5ng v\u1edbi s\u1ed1 l\u01b0\u1ee3ng nh\u1ecf cho hoa nh\u00e0i, hoa d\u00e0nh d\u00e0nh, hoa cam ng\u1ecdt, cam qu\u00fdt, di\u00ean v\u0129. C\u0169ng \u0111\u01b0\u1ee3c s\u1eed d\u1ee5ng trong qu\u1ea3 m\u00e2m x\u00f4i, d\u00e2u t\u00e2y, anh \u0111\u00e0o, t\u00e1o, chanh, \u0111\u00e0o, l\u00ea, r\u01b0\u1ee3u m\u1ea1nh v\u00e0 c\u00e1c h\u01b0\u01a1ng v\u1ecb \u0103n \u0111\u01b0\u1ee3c kh\u00e1c.<\/p>","protected":false},"excerpt":{"rendered":"<p>T\u00ean s\u1ea3n ph\u1ea9m: Octyl acetate<\/p>\n<p>S\u1ed1 hi\u1ec7u: 112-14-1<\/p>\n<p>Ch\u1ea5t trung gian: C10H20O2<\/p>\n<p>Ngo\u1ea1i quan: Ch\u1ea5t l\u1ecfng trong su\u1ed1t kh\u00f4ng m\u00e0u<\/p>","protected":false},"featured_media":5867,"template":"","meta":{"_acf_changed":false,"_gspb_post_css":""},"product_brand":[],"product_cat":[61],"product_tag":[],"class_list":{"0":"post-5935","1":"product","2":"type-product","3":"status-publish","4":"has-post-thumbnail","6":"product_cat-flavor-and-fragrance","8":"first","9":"instock","10":"shipping-taxable","11":"product-type-simple"},"acf":[],"_links":{"self":[{"href":"https:\/\/wpachem.com\/vi\/wp-json\/wp\/v2\/product\/5935","targetHints":{"allow":["GET"]}}],"collection":[{"href":"https:\/\/wpachem.com\/vi\/wp-json\/wp\/v2\/product"}],"about":[{"href":"https:\/\/wpachem.com\/vi\/wp-json\/wp\/v2\/types\/product"}],"version-history":[{"count":0,"href":"https:\/\/wpachem.com\/vi\/wp-json\/wp\/v2\/product\/5935\/revisions"}],"wp:featuredmedia":[{"embeddable":true,"href":"https:\/\/wpachem.com\/vi\/wp-json\/wp\/v2\/media\/5867"}],"wp:attachment":[{"href":"https:\/\/wpachem.com\/vi\/wp-json\/wp\/v2\/media?parent=5935"}],"wp:term":[{"taxonomy":"product_brand","embeddable":true,"href":"https:\/\/wpachem.com\/vi\/wp-json\/wp\/v2\/product_brand?post=5935"},{"taxonomy":"product_cat","embeddable":true,"href":"https:\/\/wpachem.com\/vi\/wp-json\/wp\/v2\/product_cat?post=5935"},{"taxonomy":"product_tag","embeddable":true,"href":"https:\/\/wpachem.com\/vi\/wp-json\/wp\/v2\/product_tag?post=5935"}],"curies":[{"name":"wp","href":"https:\/\/api.w.org\/{rel}","templated":true}]}}