{"id":5937,"date":"2024-02-07T01:21:15","date_gmt":"2024-02-07T01:21:15","guid":{"rendered":"https:\/\/wpachem.com\/?post_type=product&#038;p=5937"},"modified":"2024-02-07T01:21:15","modified_gmt":"2024-02-07T01:21:15","slug":"anethole-cas-104-46-1","status":"publish","type":"product","link":"https:\/\/wpachem.com\/vi\/product\/anethole-cas-104-46-1\/","title":{"rendered":"Anethole CAS 104-46-1"},"content":{"rendered":"<p><strong>\u0110\u1eb7c \u0111i\u1ec3m<\/strong><\/p>\n<p>Ch\u1ea5t l\u1ecfng nh\u1eddn, m\u00f9i h\u1ed3i ng\u1ecdt, m\u00f9i cam th\u1ea3o<\/p>\n<p><strong>\u1ee8ng d\u1ee5ng:<\/strong><\/p>\n<p>N\u00f3 c\u00f3 m\u00f9i h\u1ed3i \u0111\u1eb7c bi\u1ec7t v\u00e0 v\u1ecb ng\u1ecdt t\u01b0\u01a1ng \u1ee9ng, c\u00f3 th\u1ec3 s\u1eed d\u1ee5ng cho t\u1ea5t c\u1ea3 c\u00e1c lo\u1ea1i th\u1ef1c ph\u1ea9m, \u0111\u1eb7c bi\u1ec7t l\u00e0 c\u00e1c lo\u1ea1i b\u00e1nh ng\u1ecdt. N\u00f3 c\u0169ng l\u00e0 nguy\u00ean li\u1ec7u \u0111\u1ec3 s\u1ea3n xu\u1ea5t anisaldehyde, anisole v\u00e0 t\u1ed5ng h\u1ee3p hormone hexestradiol ch\u1ed1ng thu\u1ed1c. N\u00e3o c\u00e2y h\u1ed3i c\u00f3 th\u1ec3 \u0111\u01b0\u1ee3c s\u1eed d\u1ee5ng r\u1ed9ng r\u00e3i trong vi\u1ec7c ch\u1ebf bi\u1ebfn tinh ch\u1ea5t c\u00e2y h\u1ed3i, tinh ch\u1ea5t cam th\u1ea3o, tinh ch\u1ea5t c\u00e2y nguy\u1ec7t qu\u1ebf, v.v., v\u00e0 c\u0169ng \u0111\u01b0\u1ee3c s\u1eed d\u1ee5ng trong kem \u0111\u00e1nh r\u0103ng, n\u01b0\u1edbc s\u00fac mi\u1ec7ng, m\u1ef9 ph\u1ea9m, x\u00e0 ph\u00f2ng, v.v.<\/p>","protected":false},"excerpt":{"rendered":"<p>T\u00ean s\u1ea3n ph\u1ea9m: Anethole<\/p>\n<p>S\u1ed1 hi\u1ec7u: 104-46-1<\/p>\n<p>MF:C10H12O<\/p>\n<p>Ngo\u1ea1i quan: Ch\u1ea5t l\u1ecfng d\u1ea1ng d\u1ea7u<\/p>","protected":false},"featured_media":3323,"template":"","meta":{"_acf_changed":false,"_gspb_post_css":""},"product_brand":[],"product_cat":[61],"product_tag":[],"class_list":{"0":"post-5937","1":"product","2":"type-product","3":"status-publish","4":"has-post-thumbnail","6":"product_cat-flavor-and-fragrance","8":"first","9":"instock","10":"shipping-taxable","11":"product-type-simple"},"acf":[],"_links":{"self":[{"href":"https:\/\/wpachem.com\/vi\/wp-json\/wp\/v2\/product\/5937","targetHints":{"allow":["GET"]}}],"collection":[{"href":"https:\/\/wpachem.com\/vi\/wp-json\/wp\/v2\/product"}],"about":[{"href":"https:\/\/wpachem.com\/vi\/wp-json\/wp\/v2\/types\/product"}],"version-history":[{"count":0,"href":"https:\/\/wpachem.com\/vi\/wp-json\/wp\/v2\/product\/5937\/revisions"}],"wp:featuredmedia":[{"embeddable":true,"href":"https:\/\/wpachem.com\/vi\/wp-json\/wp\/v2\/media\/3323"}],"wp:attachment":[{"href":"https:\/\/wpachem.com\/vi\/wp-json\/wp\/v2\/media?parent=5937"}],"wp:term":[{"taxonomy":"product_brand","embeddable":true,"href":"https:\/\/wpachem.com\/vi\/wp-json\/wp\/v2\/product_brand?post=5937"},{"taxonomy":"product_cat","embeddable":true,"href":"https:\/\/wpachem.com\/vi\/wp-json\/wp\/v2\/product_cat?post=5937"},{"taxonomy":"product_tag","embeddable":true,"href":"https:\/\/wpachem.com\/vi\/wp-json\/wp\/v2\/product_tag?post=5937"}],"curies":[{"name":"wp","href":"https:\/\/api.w.org\/{rel}","templated":true}]}}