{"id":5939,"date":"2024-02-07T01:35:57","date_gmt":"2024-02-07T01:35:57","guid":{"rendered":"https:\/\/wpachem.com\/?post_type=product&#038;p=5939"},"modified":"2024-04-26T05:39:54","modified_gmt":"2024-04-26T05:39:54","slug":"floramelon-cas-1205-17-0","status":"publish","type":"product","link":"https:\/\/wpachem.com\/vi\/product\/floramelon-cas-1205-17-0\/","title":{"rendered":"Hoa d\u01b0a l\u01b0\u1edbi CAS 1205-17-0"},"content":{"rendered":"<p><strong>\u0110\u1eb7c \u0111i\u1ec3m<\/strong><\/p>\n<p>Ch\u1ea5t l\u1ecfng trong su\u1ed1t m\u00e0u cam nh\u1ea1t \u0111\u1ebfn v\u00e0ng \u0111\u1ebfn xanh l\u00e1 c\u00e2y c\u00f3 m\u00f9i th\u01a1m gi\u1ed1ng nh\u01b0 hoa, th\u01b0\u1eddng \u0111\u01b0\u1ee3c s\u1eed d\u1ee5ng trong n\u01b0\u1edbc hoa v\u00e0 h\u01b0\u01a1ng th\u01a1m th\u01b0\u01a1ng m\u1ea1i<\/p>\n<p><strong>\u1ee8ng d\u1ee5ng:<\/strong><\/p>\n<p>L\u00e0 m\u1ed9t lo\u1ea1i h\u01b0\u01a1ng th\u01a1m \u0111\u01b0\u1ee3c s\u1eed d\u1ee5ng r\u1ed9ng r\u00e3i tr\u00ean th\u1ebf gi\u1edbi, c\u00f3 h\u01b0\u01a1ng hoa th\u1ecf nh\u1eb9 nh\u00e0ng. Trong c\u00f4ng th\u1ee9c m\u1ef9 ph\u1ea9m v\u00e0 n\u01b0\u1edbc hoa x\u00e0 ph\u00f2ng, h\u00e0m l\u01b0\u1ee3ng n\u1eb1m trong 20%, c\u00f4ng d\u1ee5ng l\u1edbn, gi\u00e1 th\u00e0nh cao.<br \/>\n\u0110\u01b0\u1ee3c s\u1eed d\u1ee5ng trong m\u1ef9 ph\u1ea9m v\u00e0 ch\u1ea5t t\u1ea9y r\u1eeda<\/p>","protected":false},"excerpt":{"rendered":"<p>T\u00ean s\u1ea3n ph\u1ea9m: Floramelon<\/p>\n<p>S\u1ed1 hi\u1ec7u: 1205-17-0<\/p>\n<p>MF:C11H12O3<\/p>\n<p>Ngo\u1ea1i quan: Ch\u1ea5t l\u1ecfng trong su\u1ed1t m\u00e0u cam nh\u1ea1t \u0111\u1ebfn v\u00e0ng \u0111\u1ebfn xanh l\u1ee5c<\/p>","protected":false},"featured_media":4788,"template":"","meta":{"_acf_changed":false,"_gspb_post_css":""},"product_brand":[],"product_cat":[52,61,24],"product_tag":[],"class_list":{"0":"post-5939","1":"product","2":"type-product","3":"status-publish","4":"has-post-thumbnail","6":"product_cat-pigment","7":"product_cat-flavor-and-fragrance","8":"product_cat-uncategorized","10":"first","11":"instock","12":"shipping-taxable","13":"product-type-simple"},"acf":[],"_links":{"self":[{"href":"https:\/\/wpachem.com\/vi\/wp-json\/wp\/v2\/product\/5939","targetHints":{"allow":["GET"]}}],"collection":[{"href":"https:\/\/wpachem.com\/vi\/wp-json\/wp\/v2\/product"}],"about":[{"href":"https:\/\/wpachem.com\/vi\/wp-json\/wp\/v2\/types\/product"}],"version-history":[{"count":0,"href":"https:\/\/wpachem.com\/vi\/wp-json\/wp\/v2\/product\/5939\/revisions"}],"wp:featuredmedia":[{"embeddable":true,"href":"https:\/\/wpachem.com\/vi\/wp-json\/wp\/v2\/media\/4788"}],"wp:attachment":[{"href":"https:\/\/wpachem.com\/vi\/wp-json\/wp\/v2\/media?parent=5939"}],"wp:term":[{"taxonomy":"product_brand","embeddable":true,"href":"https:\/\/wpachem.com\/vi\/wp-json\/wp\/v2\/product_brand?post=5939"},{"taxonomy":"product_cat","embeddable":true,"href":"https:\/\/wpachem.com\/vi\/wp-json\/wp\/v2\/product_cat?post=5939"},{"taxonomy":"product_tag","embeddable":true,"href":"https:\/\/wpachem.com\/vi\/wp-json\/wp\/v2\/product_tag?post=5939"}],"curies":[{"name":"wp","href":"https:\/\/api.w.org\/{rel}","templated":true}]}}