{"id":5943,"date":"2024-02-07T01:48:20","date_gmt":"2024-02-07T01:48:20","guid":{"rendered":"https:\/\/wpachem.com\/?post_type=product&#038;p=5943"},"modified":"2024-02-07T01:48:20","modified_gmt":"2024-02-07T01:48:20","slug":"nerol-cas-106-25-2","status":"publish","type":"product","link":"https:\/\/wpachem.com\/vi\/product\/nerol-cas-106-25-2\/","title":{"rendered":"Nerol CAS 106-25-2"},"content":{"rendered":"<p><strong>\u0110\u1eb7c \u0111i\u1ec3m<\/strong><\/p>\n<p>Ch\u1ea5t l\u1ecfng trong su\u1ed1t, kh\u00f4ng m\u00e0u ho\u1eb7c g\u1ea7n nh\u01b0 kh\u00f4ng m\u00e0u, c\u00f3 h\u01b0\u01a1ng cam qu\u00fdt t\u1ef1 nhi\u00ean ng\u1ecdt ng\u00e0o.<\/p>\n<p><strong>\u1ee8ng d\u1ee5ng:<\/strong><\/p>\n<p>Ch\u1ee7 y\u1ebfu d\u00f9ng \u0111\u1ec3 ch\u1ebf bi\u1ebfn h\u01b0\u01a1ng d\u00e2u t\u00e2y, m\u00e2m x\u00f4i v\u00e0 h\u01b0\u01a1ng cam qu\u00fdt. S\u1ea3n ph\u1ea9m c\u0169ng \u0111\u01b0\u1ee3c d\u00f9ng \u0111\u1ec3 ch\u1ebf bi\u1ebfn h\u01b0\u01a1ng m\u1ef9 ph\u1ea9m h\u00e0ng ng\u00e0y, nh\u01b0 hoa violet, hoa cam \u0111\u1eafng, hoa nh\u00e0i, hoa linh lan, hoa m\u1ed9c lan, hoa \u0111inh h\u01b0\u01a1ng v\u00e0 c\u00e1c h\u01b0\u01a1ng hoa kh\u00e1c.<\/p>","protected":false},"excerpt":{"rendered":"<p>T\u00ean s\u1ea3n ph\u1ea9m: Nerol<\/p>\n<p>S\u1ed1 hi\u1ec7u: 106-25-2<\/p>\n<p>MF:C10H18O<\/p>\n<p>Ngo\u1ea1i quan: Ch\u1ea5t l\u1ecfng trong su\u1ed1t kh\u00f4ng m\u00e0u \u0111\u1ebfn g\u1ea7n nh\u01b0 kh\u00f4ng m\u00e0u,<\/p>","protected":false},"featured_media":4878,"template":"","meta":{"_acf_changed":false,"_gspb_post_css":""},"product_brand":[],"product_cat":[61],"product_tag":[],"class_list":{"0":"post-5943","1":"product","2":"type-product","3":"status-publish","4":"has-post-thumbnail","6":"product_cat-flavor-and-fragrance","8":"first","9":"instock","10":"shipping-taxable","11":"product-type-simple"},"acf":[],"_links":{"self":[{"href":"https:\/\/wpachem.com\/vi\/wp-json\/wp\/v2\/product\/5943","targetHints":{"allow":["GET"]}}],"collection":[{"href":"https:\/\/wpachem.com\/vi\/wp-json\/wp\/v2\/product"}],"about":[{"href":"https:\/\/wpachem.com\/vi\/wp-json\/wp\/v2\/types\/product"}],"version-history":[{"count":0,"href":"https:\/\/wpachem.com\/vi\/wp-json\/wp\/v2\/product\/5943\/revisions"}],"wp:featuredmedia":[{"embeddable":true,"href":"https:\/\/wpachem.com\/vi\/wp-json\/wp\/v2\/media\/4878"}],"wp:attachment":[{"href":"https:\/\/wpachem.com\/vi\/wp-json\/wp\/v2\/media?parent=5943"}],"wp:term":[{"taxonomy":"product_brand","embeddable":true,"href":"https:\/\/wpachem.com\/vi\/wp-json\/wp\/v2\/product_brand?post=5943"},{"taxonomy":"product_cat","embeddable":true,"href":"https:\/\/wpachem.com\/vi\/wp-json\/wp\/v2\/product_cat?post=5943"},{"taxonomy":"product_tag","embeddable":true,"href":"https:\/\/wpachem.com\/vi\/wp-json\/wp\/v2\/product_tag?post=5943"}],"curies":[{"name":"wp","href":"https:\/\/api.w.org\/{rel}","templated":true}]}}