{"id":5945,"date":"2024-02-07T02:24:42","date_gmt":"2024-02-07T02:24:42","guid":{"rendered":"https:\/\/wpachem.com\/?post_type=product&#038;p=5945"},"modified":"2024-02-07T02:24:42","modified_gmt":"2024-02-07T02:24:42","slug":"5-decanolide-cas-705-86-2","status":"publish","type":"product","link":"https:\/\/wpachem.com\/vi\/product\/5-decanolide-cas-705-86-2\/","title":{"rendered":"5-Decanolit CAS 705-86-2"},"content":{"rendered":"<p><strong>\u0110\u1eb7c \u0111i\u1ec3m<\/strong><\/p>\n<p>Ch\u1ea5t l\u1ecfng trong su\u1ed1t kh\u00f4ng m\u00e0u, c\u00f3 d\u1ea7u, ng\u1ecdt t\u01b0\u01a1i, h\u01b0\u01a1ng tr\u00e1i c\u00e2y, kem \u0111\u00e0o s\u1eefa<\/p>\n<p><strong>\u1ee8ng d\u1ee5ng:<\/strong><\/p>\n<p>Trong h\u01b0\u01a1ng li\u1ec7u h\u00f3a h\u1ecdc h\u00e0ng ng\u00e0y, \u0111\u01b0\u1ee3c s\u1eed d\u1ee5ng r\u1ed9ng r\u00e3i trong c\u00e1c lo\u1ea1i h\u01b0\u01a1ng li\u1ec7u kem, c\u00f3 t\u00e1c d\u1ee5ng c\u1ed1 \u0111\u1ecbnh t\u1ed1t trong c\u00e1c \u0111\u1ed3 gia d\u1ee5ng th\u00f4ng th\u01b0\u1eddng; (Ch\u1ec9 \u00e1p d\u1ee5ng cho th\u1ef1c ph\u1ea9m) Trong h\u01b0\u01a1ng li\u1ec7u th\u1ef1c ph\u1ea9m, c\u00f3 th\u1ec3 \u00e1p d\u1ee5ng cho nhi\u1ec1u lo\u1ea1i tr\u00e1i c\u00e2y, xo\u00e0i, m\u01a1, kem s\u00f4 c\u00f4 la, s\u1eefa, c\u00f3 th\u1ec3 thay th\u1ebf coumarin.<\/p>","protected":false},"excerpt":{"rendered":"<p>T\u00ean s\u1ea3n ph\u1ea9m: 5-Decanolide<\/p>\n<p>S\u1ed1 hi\u1ec7u: 705-86-2<\/p>\n<p>M\u1ea0NG: C10H18O2<\/p>\n<p>Ngo\u1ea1i quan: Ch\u1ea5t l\u1ecfng nh\u1eddn kh\u00f4ng m\u00e0u trong su\u1ed1t<\/p>","protected":false},"featured_media":4787,"template":"","meta":{"_acf_changed":false,"_gspb_post_css":""},"product_brand":[],"product_cat":[61],"product_tag":[],"class_list":{"0":"post-5945","1":"product","2":"type-product","3":"status-publish","4":"has-post-thumbnail","6":"product_cat-flavor-and-fragrance","8":"first","9":"instock","10":"shipping-taxable","11":"product-type-simple"},"acf":[],"_links":{"self":[{"href":"https:\/\/wpachem.com\/vi\/wp-json\/wp\/v2\/product\/5945","targetHints":{"allow":["GET"]}}],"collection":[{"href":"https:\/\/wpachem.com\/vi\/wp-json\/wp\/v2\/product"}],"about":[{"href":"https:\/\/wpachem.com\/vi\/wp-json\/wp\/v2\/types\/product"}],"version-history":[{"count":0,"href":"https:\/\/wpachem.com\/vi\/wp-json\/wp\/v2\/product\/5945\/revisions"}],"wp:featuredmedia":[{"embeddable":true,"href":"https:\/\/wpachem.com\/vi\/wp-json\/wp\/v2\/media\/4787"}],"wp:attachment":[{"href":"https:\/\/wpachem.com\/vi\/wp-json\/wp\/v2\/media?parent=5945"}],"wp:term":[{"taxonomy":"product_brand","embeddable":true,"href":"https:\/\/wpachem.com\/vi\/wp-json\/wp\/v2\/product_brand?post=5945"},{"taxonomy":"product_cat","embeddable":true,"href":"https:\/\/wpachem.com\/vi\/wp-json\/wp\/v2\/product_cat?post=5945"},{"taxonomy":"product_tag","embeddable":true,"href":"https:\/\/wpachem.com\/vi\/wp-json\/wp\/v2\/product_tag?post=5945"}],"curies":[{"name":"wp","href":"https:\/\/api.w.org\/{rel}","templated":true}]}}