{"id":5948,"date":"2024-02-07T02:32:32","date_gmt":"2024-02-07T02:32:32","guid":{"rendered":"https:\/\/wpachem.com\/?post_type=product&#038;p=5948"},"modified":"2024-02-07T02:32:32","modified_gmt":"2024-02-07T02:32:32","slug":"4-hydroxystyrene-cas-2628-17-3","status":"publish","type":"product","link":"https:\/\/wpachem.com\/vi\/product\/4-hydroxystyrene-cas-2628-17-3\/","title":{"rendered":"4-Hydroxystyren CAS 2628-17-3"},"content":{"rendered":"<p><strong>\u0110\u1eb7c \u0111i\u1ec3m<\/strong><\/p>\n<p>Trong su\u1ed1t kh\u00f4ng m\u00e0u \u0111\u1ebfn cam, dung d\u1ecbch propylene glycol 0,01%. H\u01b0\u01a1ng v\u1ecb phenolic h\u00f3a h\u1ecdc<\/p>\n<p><strong>\u1ee8ng d\u1ee5ng:<\/strong><\/p>\n<p>\u0110\u00e2y l\u00e0 m\u1ed9t lo\u1ea1i tinh th\u1ec3 m\u00e0u tr\u1eafng ho\u1eb7c v\u00e0ng nh\u1ea1t, c\u00f3 \u0111\u1ed9c t\u00ednh v\u00e0 kh\u1ea3 n\u0103ng \u0103n m\u00f2n nh\u1ea5t \u0111\u1ecbnh, tri\u1ec3n v\u1ecdng \u1ee9ng d\u1ee5ng r\u1ea5t r\u1ed9ng r\u00e3i, s\u1ebd \u0111\u01b0\u1ee3c s\u1eed d\u1ee5ng v\u00e0 ph\u00e1t tri\u1ec3n r\u1ed9ng r\u00e3i trong c\u00e1c l\u0129nh v\u1ef1c v\u1eadt li\u1ec7u, y h\u1ecdc, h\u00f3a h\u1ecdc v\u00e0 c\u00e1c l\u0129nh v\u1ef1c kh\u00e1c.<\/p>","protected":false},"excerpt":{"rendered":"<p>T\u00ean s\u1ea3n ph\u1ea9m: 4-Hydroxystyrene<\/p>\n<p>S\u1ed1 hi\u1ec7u: 2628-17-3<\/p>\n<p>MF:C8H8O<\/p>\n<p>Ngo\u1ea1i quan: Ch\u1ea5t l\u1ecfng nh\u1eddn kh\u00f4ng m\u00e0u trong su\u1ed1t<\/p>","protected":false},"featured_media":5860,"template":"","meta":{"_acf_changed":false,"_gspb_post_css":""},"product_brand":[],"product_cat":[61],"product_tag":[],"class_list":{"0":"post-5948","1":"product","2":"type-product","3":"status-publish","4":"has-post-thumbnail","6":"product_cat-flavor-and-fragrance","8":"first","9":"instock","10":"shipping-taxable","11":"product-type-simple"},"acf":[],"_links":{"self":[{"href":"https:\/\/wpachem.com\/vi\/wp-json\/wp\/v2\/product\/5948","targetHints":{"allow":["GET"]}}],"collection":[{"href":"https:\/\/wpachem.com\/vi\/wp-json\/wp\/v2\/product"}],"about":[{"href":"https:\/\/wpachem.com\/vi\/wp-json\/wp\/v2\/types\/product"}],"version-history":[{"count":0,"href":"https:\/\/wpachem.com\/vi\/wp-json\/wp\/v2\/product\/5948\/revisions"}],"wp:featuredmedia":[{"embeddable":true,"href":"https:\/\/wpachem.com\/vi\/wp-json\/wp\/v2\/media\/5860"}],"wp:attachment":[{"href":"https:\/\/wpachem.com\/vi\/wp-json\/wp\/v2\/media?parent=5948"}],"wp:term":[{"taxonomy":"product_brand","embeddable":true,"href":"https:\/\/wpachem.com\/vi\/wp-json\/wp\/v2\/product_brand?post=5948"},{"taxonomy":"product_cat","embeddable":true,"href":"https:\/\/wpachem.com\/vi\/wp-json\/wp\/v2\/product_cat?post=5948"},{"taxonomy":"product_tag","embeddable":true,"href":"https:\/\/wpachem.com\/vi\/wp-json\/wp\/v2\/product_tag?post=5948"}],"curies":[{"name":"wp","href":"https:\/\/api.w.org\/{rel}","templated":true}]}}