{"id":5953,"date":"2024-02-07T02:45:31","date_gmt":"2024-02-07T02:45:31","guid":{"rendered":"https:\/\/wpachem.com\/?post_type=product&#038;p=5953"},"modified":"2024-02-07T02:45:32","modified_gmt":"2024-02-07T02:45:32","slug":"benzyl-alcohol-cas-100-51-6","status":"publish","type":"product","link":"https:\/\/wpachem.com\/vi\/product\/benzyl-alcohol-cas-100-51-6\/","title":{"rendered":"R\u01b0\u1ee3u benzyl CAS 100-51-6"},"content":{"rendered":"<p><strong>\u0110\u1eb7c \u0111i\u1ec3m<\/strong><\/p>\n<p>Ch\u1ea5t l\u1ecfng trong su\u1ed1t, kh\u00f4ng m\u00e0u<\/p>\n<p><strong>\u1ee8ng d\u1ee5ng:<\/strong><\/p>\n<p>C\u00f3 trong nhi\u1ec1u lo\u1ea1i tinh d\u1ea7u hoa th\u01a1m, v\u00ec v\u1eady c\u00f3 th\u1ec3 d\u00f9ng l\u00e0m h\u1ed7n h\u1ee3p v\u1edbi benzyl acetate trong h\u01b0\u01a1ng hoa nh\u00e0i, hoa d\u00e0nh d\u00e0nh, t\u1eed \u0111inh h\u01b0\u01a1ng, ng\u1ecdc lan t\u00e2y, hoa hu\u1ec7, hoa l\u1ee5c b\u00ecnh, c\u00e2y keo v\u00e0 c\u00e1c h\u01b0\u01a1ng hoa kh\u00e1c, c\u00f3 t\u00e1c d\u1ee5ng c\u1ed1 \u0111\u1ecbnh h\u01b0\u01a1ng th\u01a1m. C\u0169ng th\u01b0\u1eddng \u0111\u01b0\u1ee3c d\u00f9ng l\u00e0m dung m\u00f4i \u0111\u1ec3 h\u00f2a tan x\u1ea1 h\u01b0\u01a1ng nh\u00e2n t\u1ea1o v\u00e0 c\u00e1c lo\u1ea1i gia v\u1ecb kh\u00e1c, c\u0169ng th\u01b0\u1eddng \u0111\u01b0\u1ee3c d\u00f9ng l\u00e0m gia v\u1ecb th\u1ef1c ph\u1ea9m, d\u00f9ng trong h\u01b0\u01a1ng anh \u0111\u00e0o, nho, m\u1eadt ong, cam ng\u1ecdt, m\u00e2m x\u00f4i, \u00f3c ch\u00f3, \u0111\u1eadu vani v\u00e0 c\u00e1c h\u01b0\u01a1ng li\u1ec7u th\u1ef1c ph\u1ea9m kh\u00e1c.<\/p>","protected":false},"excerpt":{"rendered":"<p>T\u00ean s\u1ea3n ph\u1ea9m: Benzyl alcohol<\/p>\n<p>S\u1ed1 hi\u1ec7u: 100-51-6<\/p>\n<p>MF:C7H8O<\/p>\n<p>Ngo\u1ea1i quan: Ch\u1ea5t l\u1ecfng trong su\u1ed1t, kh\u00f4ng m\u00e0u<\/p>","protected":false},"featured_media":4793,"template":"","meta":{"_acf_changed":false,"_gspb_post_css":""},"product_brand":[],"product_cat":[61],"product_tag":[],"class_list":{"0":"post-5953","1":"product","2":"type-product","3":"status-publish","4":"has-post-thumbnail","6":"product_cat-flavor-and-fragrance","8":"first","9":"instock","10":"shipping-taxable","11":"product-type-simple"},"acf":[],"_links":{"self":[{"href":"https:\/\/wpachem.com\/vi\/wp-json\/wp\/v2\/product\/5953","targetHints":{"allow":["GET"]}}],"collection":[{"href":"https:\/\/wpachem.com\/vi\/wp-json\/wp\/v2\/product"}],"about":[{"href":"https:\/\/wpachem.com\/vi\/wp-json\/wp\/v2\/types\/product"}],"version-history":[{"count":0,"href":"https:\/\/wpachem.com\/vi\/wp-json\/wp\/v2\/product\/5953\/revisions"}],"wp:featuredmedia":[{"embeddable":true,"href":"https:\/\/wpachem.com\/vi\/wp-json\/wp\/v2\/media\/4793"}],"wp:attachment":[{"href":"https:\/\/wpachem.com\/vi\/wp-json\/wp\/v2\/media?parent=5953"}],"wp:term":[{"taxonomy":"product_brand","embeddable":true,"href":"https:\/\/wpachem.com\/vi\/wp-json\/wp\/v2\/product_brand?post=5953"},{"taxonomy":"product_cat","embeddable":true,"href":"https:\/\/wpachem.com\/vi\/wp-json\/wp\/v2\/product_cat?post=5953"},{"taxonomy":"product_tag","embeddable":true,"href":"https:\/\/wpachem.com\/vi\/wp-json\/wp\/v2\/product_tag?post=5953"}],"curies":[{"name":"wp","href":"https:\/\/api.w.org\/{rel}","templated":true}]}}