{"id":5957,"date":"2024-02-07T02:50:59","date_gmt":"2024-02-07T02:50:59","guid":{"rendered":"https:\/\/wpachem.com\/?post_type=product&#038;p=5957"},"modified":"2024-02-07T02:50:59","modified_gmt":"2024-02-07T02:50:59","slug":"phenethyl-alcohol-cas-60-12-8","status":"publish","type":"product","link":"https:\/\/wpachem.com\/vi\/product\/phenethyl-alcohol-cas-60-12-8\/","title":{"rendered":"Phenethyl alcohol CAS 60-12-8"},"content":{"rendered":"<p><strong>\u0110\u1eb7c \u0111i\u1ec3m<\/strong><\/p>\n<p>Ch\u1ea5t l\u1ecfng trong su\u1ed1t kh\u00f4ng m\u00e0u, m\u00f9i h\u01b0\u01a1ng hoa h\u1ed3ng<\/p>\n<p><strong>\u1ee8ng d\u1ee5ng:<\/strong><\/p>\n<p>Tri\u1ec3n khai tinh d\u1ea7u hoa h\u1ed3ng th\u01a1m v\u00e0 nhi\u1ec1u lo\u1ea1i h\u01b0\u01a1ng hoa, nh\u01b0 hoa nh\u00e0i, \u0111inh h\u01b0\u01a1ng, hoa cam, v.v., c\u00f3 th\u1ec3 tri\u1ec3n khai h\u1ea7u h\u1ebft c\u00e1c lo\u1ea1i tinh d\u1ea7u hoa, \u0111\u01b0\u1ee3c s\u1eed d\u1ee5ng r\u1ed9ng r\u00e3i trong vi\u1ec7c tri\u1ec3n khai h\u01b0\u01a1ng x\u00e0 ph\u00f2ng v\u00e0 m\u1ef9 ph\u1ea9m. Ngo\u00e0i ra, b\u1ea1n c\u0169ng c\u00f3 th\u1ec3 chu\u1ea9n b\u1ecb nhi\u1ec1u h\u01b0\u01a1ng v\u1ecb kh\u00e1c nhau, nh\u01b0 d\u00e2u t\u00e2y, \u0111\u00e0o, m\u1eadn, d\u01b0a, caramel, m\u1eadt ong, kem v\u00e0 c\u00e1c h\u01b0\u01a1ng v\u1ecb kh\u00e1c.<\/p>","protected":false},"excerpt":{"rendered":"<p>T\u00ean s\u1ea3n ph\u1ea9m: Phenethyl alcohol<\/p>\n<p>S\u1ed1 hi\u1ec7u: 60-12-8<\/p>\n<p>MF:C8H10O<\/p>\n<p>Ngo\u1ea1i quan: Ch\u1ea5t l\u1ecfng trong su\u1ed1t kh\u00f4ng m\u00e0u,<\/p>","protected":false},"featured_media":5867,"template":"","meta":{"_acf_changed":false,"_gspb_post_css":""},"product_brand":[],"product_cat":[61],"product_tag":[],"class_list":{"0":"post-5957","1":"product","2":"type-product","3":"status-publish","4":"has-post-thumbnail","6":"product_cat-flavor-and-fragrance","8":"first","9":"instock","10":"shipping-taxable","11":"product-type-simple"},"acf":[],"_links":{"self":[{"href":"https:\/\/wpachem.com\/vi\/wp-json\/wp\/v2\/product\/5957","targetHints":{"allow":["GET"]}}],"collection":[{"href":"https:\/\/wpachem.com\/vi\/wp-json\/wp\/v2\/product"}],"about":[{"href":"https:\/\/wpachem.com\/vi\/wp-json\/wp\/v2\/types\/product"}],"version-history":[{"count":0,"href":"https:\/\/wpachem.com\/vi\/wp-json\/wp\/v2\/product\/5957\/revisions"}],"wp:featuredmedia":[{"embeddable":true,"href":"https:\/\/wpachem.com\/vi\/wp-json\/wp\/v2\/media\/5867"}],"wp:attachment":[{"href":"https:\/\/wpachem.com\/vi\/wp-json\/wp\/v2\/media?parent=5957"}],"wp:term":[{"taxonomy":"product_brand","embeddable":true,"href":"https:\/\/wpachem.com\/vi\/wp-json\/wp\/v2\/product_brand?post=5957"},{"taxonomy":"product_cat","embeddable":true,"href":"https:\/\/wpachem.com\/vi\/wp-json\/wp\/v2\/product_cat?post=5957"},{"taxonomy":"product_tag","embeddable":true,"href":"https:\/\/wpachem.com\/vi\/wp-json\/wp\/v2\/product_tag?post=5957"}],"curies":[{"name":"wp","href":"https:\/\/api.w.org\/{rel}","templated":true}]}}