{"id":5959,"date":"2024-02-07T02:54:56","date_gmt":"2024-02-07T02:54:56","guid":{"rendered":"https:\/\/wpachem.com\/?post_type=product&#038;p=5959"},"modified":"2024-02-07T02:54:56","modified_gmt":"2024-02-07T02:54:56","slug":"benzyl-cinnamate-cas-103-41-3","status":"publish","type":"product","link":"https:\/\/wpachem.com\/vi\/product\/benzyl-cinnamate-cas-103-41-3\/","title":{"rendered":"Benzyl cinnamate CAS 103-41-3"},"content":{"rendered":"<p><strong>\u0110\u1eb7c \u0111i\u1ec3m<\/strong><\/p>\n<p>Trong su\u1ed1t kh\u00f4ng m\u00e0u \u0111\u1ebfn v\u00e0ng, d\u1ea1ng tinh th\u1ec3 ho\u1eb7c l\u1ecfng sau khi n\u00f3ng ch\u1ea3y, c\u00f3 m\u00f9i th\u01a1m<\/p>\n<p><strong>\u1ee8ng d\u1ee5ng:<\/strong><\/p>\n<p>H\u1ea5p th\u1ee5 tia c\u1ef1c t\u00edm. Ch\u1ee7 y\u1ebfu \u0111\u01b0\u1ee3c s\u1eed d\u1ee5ng trong kem ch\u1ed1ng n\u1eafng v\u00e0 m\u1ef9 ph\u1ea9m l\u00e0m r\u00e1m n\u1eafng. B\u01b0\u1edbc s\u00f3ng h\u1ea5p th\u1ee5 c\u1ef1c t\u00edm t\u1ed1i \u0111a l\u00e0 3l0\u03bcm. \u0110\u1ed9 b\u1ed5 sung th\u01b0\u1eddng nh\u1ecf h\u01a1n 5%. Ngo\u00e0i ra, n\u00f3 c\u0169ng \u0111\u01b0\u1ee3c s\u1eed d\u1ee5ng \u0111\u1ec3 ch\u1ebf bi\u1ebfn long di\u00ean h\u01b0\u01a1ng nh\u00e2n t\u1ea1o v\u00e0 h\u01b0\u01a1ng ph\u01b0\u01a1ng \u0110\u00f4ng nh\u01b0 m\u1ed9t ch\u1ea5t c\u1ed1 \u0111\u1ecbnh. N\u00f3 c\u0169ng \u0111\u01b0\u1ee3c s\u1eed d\u1ee5ng trong ch\u1ebf bi\u1ebfn h\u01b0\u01a1ng hoa, h\u01b0\u01a1ng ph\u01b0\u01a1ng \u0110\u00f4ng ho\u1eb7c h\u01b0\u01a1ng t\u01b0\u1edfng t\u01b0\u1ee3ng v\u00e0 h\u01b0\u01a1ng th\u1ef1c ph\u1ea9m (anh \u0111\u00e0o, d\u00e2u t\u00e2y, m\u00e2m x\u00f4i, d\u1ea7u d\u01b0\u1ee1ng).<\/p>","protected":false},"excerpt":{"rendered":"<p>T\u00ean s\u1ea3n ph\u1ea9m: Benzyl cinnamate<\/p>\n<p>S\u1ed1 hi\u1ec7u: 103-41-3<\/p>\n<p>MF:C8H10O<\/p>\n<p>Ngo\u1ea1i quan: Trong su\u1ed1t kh\u00f4ng m\u00e0u \u0111\u1ebfn v\u00e0ng, d\u1ea1ng tinh th\u1ec3 ho\u1eb7c d\u1ea1ng l\u1ecfng<\/p>","protected":false},"featured_media":4875,"template":"","meta":{"_acf_changed":false,"_gspb_post_css":""},"product_brand":[],"product_cat":[61],"product_tag":[],"class_list":{"0":"post-5959","1":"product","2":"type-product","3":"status-publish","4":"has-post-thumbnail","6":"product_cat-flavor-and-fragrance","8":"first","9":"instock","10":"shipping-taxable","11":"product-type-simple"},"acf":[],"_links":{"self":[{"href":"https:\/\/wpachem.com\/vi\/wp-json\/wp\/v2\/product\/5959","targetHints":{"allow":["GET"]}}],"collection":[{"href":"https:\/\/wpachem.com\/vi\/wp-json\/wp\/v2\/product"}],"about":[{"href":"https:\/\/wpachem.com\/vi\/wp-json\/wp\/v2\/types\/product"}],"version-history":[{"count":0,"href":"https:\/\/wpachem.com\/vi\/wp-json\/wp\/v2\/product\/5959\/revisions"}],"wp:featuredmedia":[{"embeddable":true,"href":"https:\/\/wpachem.com\/vi\/wp-json\/wp\/v2\/media\/4875"}],"wp:attachment":[{"href":"https:\/\/wpachem.com\/vi\/wp-json\/wp\/v2\/media?parent=5959"}],"wp:term":[{"taxonomy":"product_brand","embeddable":true,"href":"https:\/\/wpachem.com\/vi\/wp-json\/wp\/v2\/product_brand?post=5959"},{"taxonomy":"product_cat","embeddable":true,"href":"https:\/\/wpachem.com\/vi\/wp-json\/wp\/v2\/product_cat?post=5959"},{"taxonomy":"product_tag","embeddable":true,"href":"https:\/\/wpachem.com\/vi\/wp-json\/wp\/v2\/product_tag?post=5959"}],"curies":[{"name":"wp","href":"https:\/\/api.w.org\/{rel}","templated":true}]}}