{"id":5966,"date":"2024-02-07T05:15:26","date_gmt":"2024-02-07T05:15:26","guid":{"rendered":"https:\/\/wpachem.com\/?post_type=product&#038;p=5966"},"modified":"2024-02-07T05:29:41","modified_gmt":"2024-02-07T05:29:41","slug":"d-sorbitol-cas-50-70-4","status":"publish","type":"product","link":"https:\/\/wpachem.com\/vi\/product\/d-sorbitol-cas-50-70-4\/","title":{"rendered":"D \u2013 Sorbitol CAS 50-70-4"},"content":{"rendered":"<p><strong>\u0110\u1eb7c \u0111i\u1ec3m<\/strong><\/p>\n<p>B\u1ed9t k\u1ebft tinh kh\u00f4ng m\u00e0u, v\u1ecb ng\u1ecdt<\/p>\n<p><strong>\u1ee8ng d\u1ee5ng:<\/strong><\/p>\n<p>Trong l\u0129nh v\u1ef1c th\u1ef1c ph\u1ea9m, n\u00f3 th\u01b0\u1eddng \u0111\u01b0\u1ee3c s\u1eed d\u1ee5ng thay th\u1ebf cho ph\u1ee5 gia \u0111\u01b0\u1eddng v\u00e0 c\u00f3 t\u00e1c d\u1ee5ng gi\u1eef \u1ea9m, l\u00e0m \u0111\u1eb7c v\u00e0 l\u00e0m ng\u1ecdt. N\u00f3 c\u0169ng l\u00e0 m\u1ed9t l\u1ef1a ch\u1ecdn thay th\u1ebf \u00edt calo ph\u1ed5 bi\u1ebfn cho b\u1ec7nh nh\u00e2n ti\u1ec3u \u0111\u01b0\u1eddng.<br \/>\nTrong l\u0129nh v\u1ef1c d\u01b0\u1ee3c ph\u1ea9m, n\u00f3 \u0111\u01b0\u1ee3c s\u1eed d\u1ee5ng \u0111\u1ec3 s\u1ea3n xu\u1ea5t ch\u1ea5t b\u00f4i tr\u01a1n, thu\u1ed1c ho, s\u1ea3n ph\u1ea9m ch\u0103m s\u00f3c r\u0103ng mi\u1ec7ng, v.v.<\/p>","protected":false},"excerpt":{"rendered":"<p>T\u00ean s\u1ea3n ph\u1ea9m: D \u2013 Sorbitol<\/p>\n<p>S\u1ed1 hi\u1ec7u: 50-70-4<\/p>\n<p>MF:C6H14O6<\/p>\n<p>Ngo\u1ea1i quan: B\u1ed9t tinh th\u1ec3 kh\u00f4ng m\u00e0u<\/p>","protected":false},"featured_media":5182,"template":"","meta":{"_acf_changed":false,"_gspb_post_css":""},"product_brand":[],"product_cat":[61,55,56],"product_tag":[],"class_list":{"0":"post-5966","1":"product","2":"type-product","3":"status-publish","4":"has-post-thumbnail","6":"product_cat-flavor-and-fragrance","7":"product_cat-food-additives","8":"product_cat-sweetener","10":"first","11":"instock","12":"shipping-taxable","13":"product-type-simple"},"acf":[],"_links":{"self":[{"href":"https:\/\/wpachem.com\/vi\/wp-json\/wp\/v2\/product\/5966","targetHints":{"allow":["GET"]}}],"collection":[{"href":"https:\/\/wpachem.com\/vi\/wp-json\/wp\/v2\/product"}],"about":[{"href":"https:\/\/wpachem.com\/vi\/wp-json\/wp\/v2\/types\/product"}],"version-history":[{"count":0,"href":"https:\/\/wpachem.com\/vi\/wp-json\/wp\/v2\/product\/5966\/revisions"}],"wp:featuredmedia":[{"embeddable":true,"href":"https:\/\/wpachem.com\/vi\/wp-json\/wp\/v2\/media\/5182"}],"wp:attachment":[{"href":"https:\/\/wpachem.com\/vi\/wp-json\/wp\/v2\/media?parent=5966"}],"wp:term":[{"taxonomy":"product_brand","embeddable":true,"href":"https:\/\/wpachem.com\/vi\/wp-json\/wp\/v2\/product_brand?post=5966"},{"taxonomy":"product_cat","embeddable":true,"href":"https:\/\/wpachem.com\/vi\/wp-json\/wp\/v2\/product_cat?post=5966"},{"taxonomy":"product_tag","embeddable":true,"href":"https:\/\/wpachem.com\/vi\/wp-json\/wp\/v2\/product_tag?post=5966"}],"curies":[{"name":"wp","href":"https:\/\/api.w.org\/{rel}","templated":true}]}}