{"id":5968,"date":"2024-02-07T05:29:53","date_gmt":"2024-02-07T05:29:53","guid":{"rendered":"https:\/\/wpachem.com\/?post_type=product&#038;p=5968"},"modified":"2024-02-07T05:36:55","modified_gmt":"2024-02-07T05:36:55","slug":"dipropylene-glycol-cas-110-98-5","status":"publish","type":"product","link":"https:\/\/wpachem.com\/vi\/product\/dipropylene-glycol-cas-110-98-5\/","title":{"rendered":"Dipropylene glycol CAS 110-98-5"},"content":{"rendered":"<p><strong>\u0110\u1eb7c \u0111i\u1ec3m<\/strong><\/p>\n<p>Ch\u1ea5t l\u1ecfng kh\u00f4ng m\u00e0u \u0111\u1ebfn h\u01a1i v\u00e0ng<\/p>\n<p><strong>\u1ee8ng d\u1ee5ng:<\/strong><\/p>\n<p>1. S\u1eed d\u1ee5ng trong c\u00f4ng nghi\u1ec7p: Dipropylene glycol \u0111\u01b0\u1ee3c s\u1eed d\u1ee5ng r\u1ed9ng r\u00e3i trong m\u1ef9 ph\u1ea9m, s\u01a1n, ch\u1ea5t ph\u1ee7, thu\u1ed1c nhu\u1ed9m, nh\u1ef1a, nh\u1ef1a th\u00f4ng v\u00e0 c\u00e1c l\u0129nh v\u1ef1c c\u00f4ng nghi\u1ec7p kh\u00e1c. N\u00f3 c\u00f3 th\u1ec3 \u0111\u01b0\u1ee3c s\u1eed d\u1ee5ng l\u00e0m ch\u1ea5t h\u00f3a d\u1ebbo, ch\u1ea5t nh\u0169 h\u00f3a, ch\u1ea5t l\u00e0m \u0111\u1eb7c, ch\u1ea5t ch\u1ed1ng \u0111\u00f4ng v\u00e0 ch\u1ea5t b\u00f4i tr\u01a1n.<br \/>\n2. C\u00f4ng d\u1ee5ng y t\u1ebf: Dipropylene glycol \u0111\u01b0\u1ee3c s\u1eed d\u1ee5ng l\u00e0m dung m\u00f4i v\u00e0 t\u00e1 d\u01b0\u1ee3c, th\u01b0\u1eddng \u0111\u01b0\u1ee3c d\u00f9ng trong vi\u1ec7c pha ch\u1ebf thu\u1ed1c v\u00e0 c\u00e1c s\u1ea3n ph\u1ea9m y t\u1ebf.<br \/>\n3. S\u1eed d\u1ee5ng trong ph\u00f2ng th\u00ed nghi\u1ec7m: C\u00f3 th\u1ec3 s\u1eed d\u1ee5ng l\u00e0m dung m\u00f4i v\u00e0 t\u00e1c nh\u00e2n chi\u1ebft xu\u1ea5t cho c\u00e1c ph\u1ea3n \u1ee9ng h\u00f3a h\u1ecdc v\u00e0 qu\u00e1 tr\u00ecnh t\u00e1ch trong ph\u00f2ng th\u00ed nghi\u1ec7m.<\/p>","protected":false},"excerpt":{"rendered":"<p>T\u00ean s\u1ea3n ph\u1ea9m: Dipropylene glycol<\/p>\n<p>S\u1ed1 CAS: 110-98-5<\/p>\n<p>MF:C6H14O3<\/p>\n<p>Ngo\u1ea1i quan: Ch\u1ea5t l\u1ecfng kh\u00f4ng m\u00e0u \u0111\u1ebfn h\u01a1i v\u00e0ng<\/p>","protected":false},"featured_media":5867,"template":"","meta":{"_acf_changed":false,"_gspb_post_css":""},"product_brand":[],"product_cat":[60,133,134],"product_tag":[],"class_list":{"0":"post-5968","1":"product","2":"type-product","3":"status-publish","4":"has-post-thumbnail","6":"product_cat-cosmetic-ingredients","7":"product_cat-emulsifiers-cosmetic-ingredients","8":"product_cat-thickener","10":"first","11":"instock","12":"shipping-taxable","13":"product-type-simple"},"acf":[],"_links":{"self":[{"href":"https:\/\/wpachem.com\/vi\/wp-json\/wp\/v2\/product\/5968","targetHints":{"allow":["GET"]}}],"collection":[{"href":"https:\/\/wpachem.com\/vi\/wp-json\/wp\/v2\/product"}],"about":[{"href":"https:\/\/wpachem.com\/vi\/wp-json\/wp\/v2\/types\/product"}],"version-history":[{"count":0,"href":"https:\/\/wpachem.com\/vi\/wp-json\/wp\/v2\/product\/5968\/revisions"}],"wp:featuredmedia":[{"embeddable":true,"href":"https:\/\/wpachem.com\/vi\/wp-json\/wp\/v2\/media\/5867"}],"wp:attachment":[{"href":"https:\/\/wpachem.com\/vi\/wp-json\/wp\/v2\/media?parent=5968"}],"wp:term":[{"taxonomy":"product_brand","embeddable":true,"href":"https:\/\/wpachem.com\/vi\/wp-json\/wp\/v2\/product_brand?post=5968"},{"taxonomy":"product_cat","embeddable":true,"href":"https:\/\/wpachem.com\/vi\/wp-json\/wp\/v2\/product_cat?post=5968"},{"taxonomy":"product_tag","embeddable":true,"href":"https:\/\/wpachem.com\/vi\/wp-json\/wp\/v2\/product_tag?post=5968"}],"curies":[{"name":"wp","href":"https:\/\/api.w.org\/{rel}","templated":true}]}}