{"id":5972,"date":"2024-02-07T05:44:32","date_gmt":"2024-02-07T05:44:32","guid":{"rendered":"https:\/\/wpachem.com\/?post_type=product&#038;p=5972"},"modified":"2024-02-07T05:47:01","modified_gmt":"2024-02-07T05:47:01","slug":"lanolin-cas-8006-54-0","status":"publish","type":"product","link":"https:\/\/wpachem.com\/vi\/product\/lanolin-cas-8006-54-0\/","title":{"rendered":"M\u1ee1 c\u1eebu CAS 8006-54-0"},"content":{"rendered":"<p><strong>\u0110\u1eb7c \u0111i\u1ec3m<\/strong><\/p>\n<p>Ch\u1ea5t r\u1eafn m\u00e0u tr\u1eafng, \u0111\u00f4i khi c\u00f3 m\u00e0u v\u00e0ng nh\u1ea1t ho\u1eb7c n\u00e2u<\/p>\n<p><strong>\u1ee8ng d\u1ee5ng:<\/strong><\/p>\n<p>1. M\u1ef9 ph\u1ea9m: Th\u00e0nh ph\u1ea7n \u0111\u01b0\u1ee3c s\u1eed d\u1ee5ng l\u00e0m c\u01a1 s\u1edf cho c\u00e1c lo\u1ea1i kem d\u01b0\u1ee1ng da v\u00e0 kem d\u01b0\u1ee1ng \u1ea9m \u0111\u1ec3 gi\u1eef cho da m\u1ec1m m\u1ea1i v\u00e0 \u0111\u1ee7 n\u01b0\u1edbc.<br \/>\n2. Ch\u1ebf ph\u1ea9m d\u01b0\u1ee3c ph\u1ea9m: th\u01b0\u1eddng \u0111\u01b0\u1ee3c d\u00f9ng l\u00e0m th\u00e0nh ph\u1ea7n ch\u00ednh c\u1ee7a thu\u1ed1c m\u1ee1 v\u00e0 kem b\u00f4i ngo\u00e0i da \u0111\u1ec3 b\u1ea3o v\u1ec7 v\u00e0 d\u01b0\u1ee1ng \u1ea9m.<br \/>\n3. S\u1eed d\u1ee5ng trong c\u00f4ng nghi\u1ec7p: d\u00f9ng l\u00e0m ch\u1ea5t b\u00f4i tr\u01a1n, ch\u1ea5t \u1ee9c ch\u1ebf r\u1ec9 s\u00e9t v\u00e0 ph\u1ee5 gia nh\u1ef1a.<\/p>","protected":false},"excerpt":{"rendered":"<p>T\u00ean s\u1ea3n ph\u1ea9m: Lanolin<\/p>\n<p>S\u1ed1 CAS: 8006-54-0<\/p>\n<p>Ngo\u1ea1i quan: Ch\u1ea5t r\u1eafn m\u00e0u tr\u1eafng, \u0111\u00f4i khi c\u00f3 m\u00e0u v\u00e0ng nh\u1ea1t ho\u1eb7c n\u00e2u<\/p>","protected":false},"featured_media":5179,"template":"","meta":{"_acf_changed":false,"_gspb_post_css":""},"product_brand":[],"product_cat":[60,132],"product_tag":[],"class_list":{"0":"post-5972","1":"product","2":"type-product","3":"status-publish","4":"has-post-thumbnail","6":"product_cat-cosmetic-ingredients","7":"product_cat-moisturizing","9":"first","10":"instock","11":"shipping-taxable","12":"product-type-simple"},"acf":[],"_links":{"self":[{"href":"https:\/\/wpachem.com\/vi\/wp-json\/wp\/v2\/product\/5972","targetHints":{"allow":["GET"]}}],"collection":[{"href":"https:\/\/wpachem.com\/vi\/wp-json\/wp\/v2\/product"}],"about":[{"href":"https:\/\/wpachem.com\/vi\/wp-json\/wp\/v2\/types\/product"}],"version-history":[{"count":0,"href":"https:\/\/wpachem.com\/vi\/wp-json\/wp\/v2\/product\/5972\/revisions"}],"wp:featuredmedia":[{"embeddable":true,"href":"https:\/\/wpachem.com\/vi\/wp-json\/wp\/v2\/media\/5179"}],"wp:attachment":[{"href":"https:\/\/wpachem.com\/vi\/wp-json\/wp\/v2\/media?parent=5972"}],"wp:term":[{"taxonomy":"product_brand","embeddable":true,"href":"https:\/\/wpachem.com\/vi\/wp-json\/wp\/v2\/product_brand?post=5972"},{"taxonomy":"product_cat","embeddable":true,"href":"https:\/\/wpachem.com\/vi\/wp-json\/wp\/v2\/product_cat?post=5972"},{"taxonomy":"product_tag","embeddable":true,"href":"https:\/\/wpachem.com\/vi\/wp-json\/wp\/v2\/product_tag?post=5972"}],"curies":[{"name":"wp","href":"https:\/\/api.w.org\/{rel}","templated":true}]}}