{"id":5974,"date":"2024-02-07T05:47:11","date_gmt":"2024-02-07T05:47:11","guid":{"rendered":"https:\/\/wpachem.com\/?post_type=product&#038;p=5974"},"modified":"2024-02-07T05:51:04","modified_gmt":"2024-02-07T05:51:04","slug":"mannitol-cas-69-65-8","status":"publish","type":"product","link":"https:\/\/wpachem.com\/vi\/product\/mannitol-cas-69-65-8\/","title":{"rendered":"Mannitol CAS 69-65-8"},"content":{"rendered":"<p><strong>\u0110\u1eb7c \u0111i\u1ec3m<\/strong><\/p>\n<p>Ch\u1ea5t r\u1eafn k\u1ebft tinh kh\u00f4ng m\u00e0u<\/p>\n<p><strong>\u1ee8ng d\u1ee5ng:<\/strong><\/p>\n<p>1. Ng\u00e0nh c\u00f4ng nghi\u1ec7p th\u1ef1c ph\u1ea9m: Mannitol c\u00f3 v\u1ecb ng\u1ecdt nh\u01b0ng kh\u00f4ng \u1ea3nh h\u01b0\u1edfng \u0111\u1ebfn l\u01b0\u1ee3ng \u0111\u01b0\u1eddng trong m\u00e1u nh\u01b0 sucrose n\u00ean th\u01b0\u1eddng \u0111\u01b0\u1ee3c d\u00f9ng \u0111\u1ec3 s\u1ea3n xu\u1ea5t c\u00e1c lo\u1ea1i th\u1ef1c ph\u1ea9m kh\u00f4ng \u0111\u01b0\u1eddng ho\u1eb7c \u00edt \u0111\u01b0\u1eddng (nh\u01b0 k\u1eb9o cao su, k\u1eb9o, b\u00e1nh quy, v.v.).<br \/>\n2. Ng\u00e0nh d\u01b0\u1ee3c ph\u1ea9m: Mannitol c\u00f3 th\u1ec3 \u0111\u01b0\u1ee3c s\u1eed d\u1ee5ng l\u00e0m ch\u1ea5t l\u00e0m \u1ea9m \u0111\u01b0\u1eddng ru\u1ed9t, t\u00e1 d\u01b0\u1ee3c cho thu\u1ed1c ti\u1ec3u \u0111\u01b0\u1eddng v\u00e0 ch\u1ea5t t\u1ea1o h\u01b0\u01a1ng v\u1ecb cho c\u00e1c ch\u1ebf ph\u1ea9m u\u1ed1ng.<br \/>\n3. Ng\u00e0nh m\u1ef9 ph\u1ea9m: Mannitol c\u00f3 th\u1ec3 duy tr\u00ec \u0111\u1ed9 \u1ea9m cho da, c\u00f3 t\u00e1c d\u1ee5ng d\u01b0\u1ee1ng \u1ea9m v\u00e0 ch\u1ed1ng kh\u00f4 da, th\u01b0\u1eddng \u0111\u01b0\u1ee3c s\u1eed d\u1ee5ng trong c\u00e1c s\u1ea3n ph\u1ea9m ch\u0103m s\u00f3c da v\u00e0 m\u1ef9 ph\u1ea9m.<\/p>","protected":false},"excerpt":{"rendered":"<p>T\u00ean s\u1ea3n ph\u1ea9m: ch\u1ea5t r\u1eafn k\u1ebft tinh kh\u00f4ng m\u00e0u<\/p>\n<p>S\u1ed1 CAS: 69-65-8<\/p>\n<p>MF:C6H14O6<\/p>\n<p>Ngo\u1ea1i quan: ch\u1ea5t r\u1eafn k\u1ebft tinh kh\u00f4ng m\u00e0u<\/p>","protected":false},"featured_media":5182,"template":"","meta":{"_acf_changed":false,"_gspb_post_css":""},"product_brand":[],"product_cat":[55,132,56,60],"product_tag":[],"class_list":{"0":"post-5974","1":"product","2":"type-product","3":"status-publish","4":"has-post-thumbnail","6":"product_cat-food-additives","7":"product_cat-moisturizing","8":"product_cat-sweetener","9":"product_cat-cosmetic-ingredients","11":"first","12":"instock","13":"shipping-taxable","14":"product-type-simple"},"acf":[],"_links":{"self":[{"href":"https:\/\/wpachem.com\/vi\/wp-json\/wp\/v2\/product\/5974","targetHints":{"allow":["GET"]}}],"collection":[{"href":"https:\/\/wpachem.com\/vi\/wp-json\/wp\/v2\/product"}],"about":[{"href":"https:\/\/wpachem.com\/vi\/wp-json\/wp\/v2\/types\/product"}],"version-history":[{"count":0,"href":"https:\/\/wpachem.com\/vi\/wp-json\/wp\/v2\/product\/5974\/revisions"}],"wp:featuredmedia":[{"embeddable":true,"href":"https:\/\/wpachem.com\/vi\/wp-json\/wp\/v2\/media\/5182"}],"wp:attachment":[{"href":"https:\/\/wpachem.com\/vi\/wp-json\/wp\/v2\/media?parent=5974"}],"wp:term":[{"taxonomy":"product_brand","embeddable":true,"href":"https:\/\/wpachem.com\/vi\/wp-json\/wp\/v2\/product_brand?post=5974"},{"taxonomy":"product_cat","embeddable":true,"href":"https:\/\/wpachem.com\/vi\/wp-json\/wp\/v2\/product_cat?post=5974"},{"taxonomy":"product_tag","embeddable":true,"href":"https:\/\/wpachem.com\/vi\/wp-json\/wp\/v2\/product_tag?post=5974"}],"curies":[{"name":"wp","href":"https:\/\/api.w.org\/{rel}","templated":true}]}}